{"id":4877,"date":"2024-08-05T04:58:10","date_gmt":"2024-08-05T04:58:10","guid":{"rendered":"https:\/\/turkufanclub.com\/tuote\/miesten-t-paita-keskel-jokke\/"},"modified":"2025-09-21T07:26:59","modified_gmt":"2025-09-21T04:26:59","slug":"miesten-t-paita-keskel-jokke","status":"publish","type":"product","link":"https:\/\/turkufanclub.com\/en\/product\/miesten-t-paita-keskel-jokke\/","title":{"rendered":"Men's T-Shirt \u2013 Keskel jokke"},"content":{"rendered":"<p>Jos olet todellinen turkufani, tied\u00e4t, ett\u00e4 joki ei ole vain joki, vaan <strong>The<\/strong> Joki. Ja mit\u00e4 tapahtuukaan, kun joku joutuu keskel jokke? No, silloin tarvitaan pelastusrengasta ti\u00e4tty! Niit\u00e4 onneksi Aurajoen rannoilla on pilvin pimein. Ennen pelastusoperaatiota selvitet\u00e4\u00e4n kuitenkin tarkoin, onko pelastettavan mielest\u00e4 pinkill\u00e4 sokerilla kuorrutettu munkki Piispamunkki vai Berliininmunkki.<\/p>\n<p>T\u00e4m\u00e4 paita on t\u00e4ydellinen valinta niille, jotka haluavat pit\u00e4\u00e4 Turun hengen yll\u00e4, vaikka olisivatkin sit keskel jokke \u2013 joko kirjaimellisesti tai kuvainnollisesti. Pelastusrenkaan keskell\u00e4 komeileva teksti &#8221;keskel jokke&#8221; kertoo kaikille, ett\u00e4 sin\u00e4 olet syv\u00e4ll\u00e4 Turun murteessa, eik\u00e4 sielt\u00e4 ole mit\u00e4\u00e4n tarvettakaan pelastautumiseen.<\/p>\n<p>Heit\u00e4 p\u00e4\u00e4lle t\u00e4m\u00e4 huumorilla h\u00f6ystetty t-paita, joka on t\u00e4ydellinen valinta kes\u00e4p\u00e4ivien entisen Suomen p\u00e4\u00e4kaupungin kaduilla kuljeskeluun, Aurajoen rannoille hengailuun tai mihin tahansa tilanteeseen, jossa joku saattaa joutua &#8221;keskel jokke&#8221;.<\/p>\n<p>T\u00e4ss\u00e4 paidassa onkin sitten kaikenlaisia ominaisuuksia, jotka saavat sinut hyrisem\u00e4\u00e4n tyytyv\u00e4isyydest\u00e4 ihan kuin olisit jokiristeilyll\u00e4 kauniina kes\u00e4p\u00e4iv\u00e4n\u00e4. Katsotaanpa mit\u00e4 kaikkea t\u00e4m\u00e4 turkufanin unelmapaita tarjoaa:<\/p>\n<ul>\n<li>100 % luomupuuvillaa: Koska Aurajokikin ansaitsee puhdasta ja vihre\u00e4\u00e4 luontoa ymp\u00e4rilleen. Rengaskehr\u00e4tty puuvilla on niin pehme\u00e4\u00e4, ett\u00e4 tuntuu kuin sinua halaisi joka kerta, kun ved\u00e4t t\u00e4m\u00e4n paidan p\u00e4\u00e4llesi \u2013 mutta turkulaisella varauksella, tietenkin.<\/li>\n<li>Kankaan paino: 180 g\/m\u00b2: T\u00e4m\u00e4 kangas on juuri sopivan paksu; ei liian ohut, mutta ei my\u00f6sk\u00e4\u00e4n niin paksu, ett\u00e4 tuntuisi silt\u00e4 kuin kulkisit ymp\u00e4ri vuoden talvitakissa.<\/li>\n<li>Medium istuvuus: T\u00e4m\u00e4n paidan istuvuus on kuin Turun kes\u00e4inen ilta \u2013 ei liian tiukka, mutta ei liian rentokaan. Sopii niin k\u00e4velylenkille Kupittaan puistossa kuin torikahveille Kauppatorillakin.<\/li>\n<li>Helmat ja hihat kaksoistikattuja: T\u00e4m\u00e4 paita on ommeltu kasaan kuin Kakolanm\u00e4en muurit \u2013 kest\u00e4v\u00e4\u00e4 ja tyylik\u00e4st\u00e4. Ei rispaannu eik\u00e4 l\u00e4hde purkautumaan, vaikka hypp\u00e4isit jokilaivasta suoraan &#8221;keskel jokke&#8221;.<\/li>\n<\/ul>\n<p>T\u00e4m\u00e4 tuote valmistetaan sinua varten vasta tilauksesi j\u00e4lkeen, joten sen toimittaminen kest\u00e4\u00e4 hieman kauemmin. Valmistamalla tuotteet kysynn\u00e4n mukaan, emmek\u00e4 massatuotantona, autamme v\u00e4hent\u00e4m\u00e4\u00e4n ylituotantoa. Kiitos, ett\u00e4 teet harkittuja ostop\u00e4\u00e4t\u00f6ksi\u00e4!<\/p>","protected":false},"excerpt":{"rendered":"<p>Jos olet todellinen turkufani, tied\u00e4t, ett\u00e4 joki ei ole vain joki, vaan The Joki. Ja mit\u00e4 tapahtuukaan, kun joku joutuu keskel jokke? No, silloin tarvitaan pelastusrengasta ti\u00e4tty! Niit\u00e4 onneksi Aurajoen rannoilla on pilvin pimein. Ennen pelastusoperaatiota selvitet\u00e4\u00e4n kuitenkin tarkoin, onko pelastettavan mielest\u00e4 pinkill\u00e4 sokerilla kuorrutettu munkki Piispamunkki vai Berliininmunkki. T\u00e4m\u00e4 paita on t\u00e4ydellinen valinta niille, jotka haluavat pit\u00e4\u00e4 Turun hengen yll\u00e4, vaikka olisivatkin sit keskel jokke \u2013 joko kirjaimellisesti tai kuvainnollisesti. Pelastusrenkaan keskell\u00e4 komeileva teksti &#8221;keskel jokke&#8221; kertoo kaikille, ett\u00e4 sin\u00e4 olet syv\u00e4ll\u00e4 Turun murteessa, eik\u00e4 sielt\u00e4 ole mit\u00e4\u00e4n tarvettakaan pelastautumiseen. Heit\u00e4 p\u00e4\u00e4lle t\u00e4m\u00e4 huumorilla h\u00f6ystetty t-paita, joka on t\u00e4ydellinen valinta kes\u00e4p\u00e4ivien entisen Suomen p\u00e4\u00e4kaupungin kaduilla kuljeskeluun, Aurajoen rannoille hengailuun tai mihin tahansa tilanteeseen, jossa joku saattaa joutua &#8221;keskel jokke&#8221;. T\u00e4ss\u00e4 paidassa onkin sitten kaikenlaisia ominaisuuksia, jotka saavat sinut hyrisem\u00e4\u00e4n tyytyv\u00e4isyydest\u00e4 ihan kuin olisit jokiristeilyll\u00e4 kauniina kes\u00e4p\u00e4iv\u00e4n\u00e4. Katsotaanpa mit\u00e4 kaikkea t\u00e4m\u00e4 turkufanin unelmapaita tarjoaa: 100 % luomupuuvillaa: Koska Aurajokikin ansaitsee puhdasta ja vihre\u00e4\u00e4 luontoa ymp\u00e4rilleen. Rengaskehr\u00e4tty puuvilla on niin pehme\u00e4\u00e4, ett\u00e4 tuntuu kuin sinua halaisi joka kerta, kun ved\u00e4t t\u00e4m\u00e4n paidan p\u00e4\u00e4llesi \u2013 mutta turkulaisella varauksella, tietenkin. Kankaan paino: 180 g\/m\u00b2: T\u00e4m\u00e4 kangas on juuri sopivan paksu; ei liian ohut, mutta ei my\u00f6sk\u00e4\u00e4n niin paksu, ett\u00e4 tuntuisi silt\u00e4 kuin kulkisit ymp\u00e4ri vuoden talvitakissa. Medium istuvuus: T\u00e4m\u00e4n paidan istuvuus on kuin Turun kes\u00e4inen ilta \u2013 ei liian tiukka, mutta ei liian rentokaan. Sopii niin k\u00e4velylenkille Kupittaan puistossa kuin torikahveille Kauppatorillakin. Helmat ja hihat kaksoistikattuja: T\u00e4m\u00e4 paita on ommeltu kasaan kuin Kakolanm\u00e4en muurit \u2013 kest\u00e4v\u00e4\u00e4 ja tyylik\u00e4st\u00e4. Ei rispaannu eik\u00e4 l\u00e4hde purkautumaan, vaikka hypp\u00e4isit jokilaivasta suoraan &#8221;keskel jokke&#8221;. T\u00e4m\u00e4 tuote valmistetaan sinua varten vasta tilauksesi j\u00e4lkeen, joten sen toimittaminen kest\u00e4\u00e4 hieman kauemmin. Valmistamalla tuotteet kysynn\u00e4n mukaan, emmek\u00e4 massatuotantona, autamme v\u00e4hent\u00e4m\u00e4\u00e4n ylituotantoa. Kiitos, ett\u00e4 teet harkittuja ostop\u00e4\u00e4t\u00f6ksi\u00e4!<\/p>","protected":false},"featured_media":4927,"comment_status":"open","ping_status":"closed","template":"","meta":{"site-sidebar-layout":"default","site-content-layout":"","ast-site-content-layout":"default","site-content-style":"default","site-sidebar-style":"default","ast-global-header-display":"","ast-banner-title-visibility":"","ast-main-header-display":"","ast-hfb-above-header-display":"","ast-hfb-below-header-display":"","ast-hfb-mobile-header-display":"","site-post-title":"","ast-breadcrumbs-content":"","ast-featured-img":"","footer-sml-layout":"","ast-disable-related-posts":"","theme-transparent-header-meta":"default","adv-header-id-meta":"","stick-header-meta":"","header-above-stick-meta":"","header-main-stick-meta":"","header-below-stick-meta":"","astra-migrate-meta-layouts":"set","ast-page-background-enabled":"default","ast-page-background-meta":{"desktop":{"background-color":"","background-image":"","background-repeat":"repeat","background-position":"center center","background-size":"auto","background-attachment":"scroll","background-type":"","background-media":"","overlay-type":"","overlay-color":"","overlay-opacity":"","overlay-gradient":""},"tablet":{"background-color":"","background-image":"","background-repeat":"repeat","background-position":"center center","background-size":"auto","background-attachment":"scroll","background-type":"","background-media":"","overlay-type":"","overlay-color":"","overlay-opacity":"","overlay-gradient":""},"mobile":{"background-color":"","background-image":"","background-repeat":"repeat","background-position":"center center","background-size":"auto","background-attachment":"scroll","background-type":"","background-media":"","overlay-type":"","overlay-color":"","overlay-opacity":"","overlay-gradient":""}},"ast-content-background-meta":{"desktop":{"background-color":"var(--ast-global-color-5)","background-image":"","background-repeat":"repeat","background-position":"center center","background-size":"auto","background-attachment":"scroll","background-type":"","background-media":"","overlay-type":"","overlay-color":"","overlay-opacity":"","overlay-gradient":""},"tablet":{"background-color":"var(--ast-global-color-5)","background-image":"","background-repeat":"repeat","background-position":"center center","background-size":"auto","background-attachment":"scroll","background-type":"","background-media":"","overlay-type":"","overlay-color":"","overlay-opacity":"","overlay-gradient":""},"mobile":{"background-color":"var(--ast-global-color-5)","background-image":"","background-repeat":"repeat","background-position":"center center","background-size":"auto","background-attachment":"scroll","background-type":"","background-media":"","overlay-type":"","overlay-color":"","overlay-opacity":"","overlay-gradient":""}}},"product_brand":[],"product_cat":[126,217,60],"product_tag":[94,96,235,234],"class_list":{"0":"post-4877","1":"product","2":"type-product","3":"status-publish","4":"has-post-thumbnail","6":"product_cat-miesten","7":"product_cat-miesten-t-paidat","8":"product_cat-t-paidat","9":"product_tag-keskel-jokke","10":"product_tag-t-paita","11":"product_tag-turku-paita","12":"product_tag-turku-t-paita","13":"desktop-align-left","14":"tablet-align-left","15":"mobile-align-left","17":"first","18":"instock","19":"taxable","20":"shipping-taxable","21":"purchasable","22":"product-type-variable"},"_links":{"self":[{"href":"https:\/\/turkufanclub.com\/en\/wp-json\/wp\/v2\/product\/4877","targetHints":{"allow":["GET"]}}],"collection":[{"href":"https:\/\/turkufanclub.com\/en\/wp-json\/wp\/v2\/product"}],"about":[{"href":"https:\/\/turkufanclub.com\/en\/wp-json\/wp\/v2\/types\/product"}],"replies":[{"embeddable":true,"href":"https:\/\/turkufanclub.com\/en\/wp-json\/wp\/v2\/comments?post=4877"}],"version-history":[{"count":3,"href":"https:\/\/turkufanclub.com\/en\/wp-json\/wp\/v2\/product\/4877\/revisions"}],"predecessor-version":[{"id":4938,"href":"https:\/\/turkufanclub.com\/en\/wp-json\/wp\/v2\/product\/4877\/revisions\/4938"}],"wp:featuredmedia":[{"embeddable":true,"href":"https:\/\/turkufanclub.com\/en\/wp-json\/wp\/v2\/media\/4927"}],"wp:attachment":[{"href":"https:\/\/turkufanclub.com\/en\/wp-json\/wp\/v2\/media?parent=4877"}],"wp:term":[{"taxonomy":"product_brand","embeddable":true,"href":"https:\/\/turkufanclub.com\/en\/wp-json\/wp\/v2\/product_brand?post=4877"},{"taxonomy":"product_cat","embeddable":true,"href":"https:\/\/turkufanclub.com\/en\/wp-json\/wp\/v2\/product_cat?post=4877"},{"taxonomy":"product_tag","embeddable":true,"href":"https:\/\/turkufanclub.com\/en\/wp-json\/wp\/v2\/product_tag?post=4877"}],"curies":[{"name":"wp","href":"https:\/\/api.w.org\/{rel}","templated":true}]}}