{"id":4939,"date":"2024-08-05T08:26:47","date_gmt":"2024-08-05T05:26:47","guid":{"rendered":"https:\/\/turkufanclub.com\/tuote\/unisex-huppari-keskel-jokke\/"},"modified":"2025-02-25T06:32:06","modified_gmt":"2025-02-25T04:32:06","slug":"unisex-huppari-keskel-jokke","status":"publish","type":"product","link":"https:\/\/turkufanclub.com\/en\/product\/unisex-huppari-keskel-jokke\/","title":{"rendered":"Unisex Huppari &#8211; Keskel Jokke"},"content":{"rendered":"<p>Jos olet Turku fani, tied\u00e4t, ett\u00e4 jokainen hetki Aurajoen rannalla voi olla el\u00e4mys \u2013 mutta mit\u00e4 teet, kun l\u00f6yd\u00e4t itsesi &#8221;keskel jokke&#8221;? No, t\u00e4m\u00e4 huppari on sinulle, joka haluat olla valmiina kaikkeen! T\u00e4m\u00e4 unisex-huppari on yht\u00e4 mukava kuin l\u00e4mmin kupponen kahvia (siin\u00e4 huippukahvilassa siin\u00e4 sen alastoman juoksijan alapuolella). Huppari kertoo kaikille, ett\u00e4 tunnet Turun murteen ja huumorin kuin omat taskusi.<br \/>\nHuppari on koristeltu pelastusrenkaalla, jonka keskell\u00e4 on teksti &#8221;keskel jokke&#8221;. Huppari ei ainoastaan pid\u00e4 sinua l\u00e4mpim\u00e4n\u00e4, vaan my\u00f6s nostaa hymyn jokaisen turkulaisen huulille! Olitpa sitten joen rannalla tai kaupungin vilin\u00e4ss\u00e4, t\u00e4m\u00e4 huppari on t\u00e4ydellinen valinta, kun haluat pit\u00e4\u00e4 Turun hengen mukanasi.<\/p>\n<p>Rento unisex-istuvuus: T\u00e4m\u00e4 huppari sopii kaikille \u2013 olitpa sitten jokea ylitt\u00e4m\u00e4ss\u00e4 F\u00f6rill\u00e4 tai loikoilemassa kotisohvalla. Se on t\u00e4ydellinen sekoitus tyyli\u00e4 ja mukavuutta, aivan kuin turkulainen itse!<br \/>\nVuorattu huppu ilman kiristysny\u00f6ri\u00e4: Ei ny\u00f6rej\u00e4, ei ongelmia! T\u00e4m\u00e4 huppu on suunniteltu pysym\u00e4\u00e4n p\u00e4\u00e4ss\u00e4si ilman turhaa s\u00e4\u00e4t\u00f6\u00e4, niin kuin turkulainen pysyy tiukasti omilla juurillaan.<br \/>\nKengurutasku edess\u00e4: T\u00e4m\u00e4 tasku on yht\u00e4 k\u00e4yt\u00e4nn\u00f6llinen kuin F\u00f6ri itse \u2013 pid\u00e4 k\u00e4tesi l\u00e4mpimin\u00e4 tai piilota jotain herkullista (emme suosittele Piispiksen piilottamista).<br \/>\nResorit hihansuissa: N\u00e4m\u00e4 resorit pit\u00e4v\u00e4t hihat paikoillaan, vaikka joudutkin k\u00e4sill\u00e4 huitomaan, kun yrit\u00e4t selitt\u00e4\u00e4, miksi Aurajoki on niin erityinen.<br \/>\nTuote valmistettu Vietnamissa<\/p>\n<p>Muista! Hupparin harjattu sis\u00e4puoli on pehme\u00e4 kuin Turun murre, mutta saattaa hieman nukata. Jos et halua, ett\u00e4 vaatteesi n\u00e4ytt\u00e4v\u00e4t silt\u00e4 kuin olisit juuri ry\u00f6minyt l\u00e4pi vanhan villamaton, v\u00e4lt\u00e4 tummien ja vaaleiden vaatteiden yhdist\u00e4mist\u00e4 \u2013 ihan vaan varmuuden vuoksi.<br \/>\n&nbsp;<br \/>\nT\u00e4m\u00e4 tuote valmistetaan sinua varten vasta tilauksesi j\u00e4lkeen, joten sen toimittaminen kest\u00e4\u00e4 hieman kauemmin. Valmistamalla tuotteet kysynn\u00e4n mukaan, emmek\u00e4 massatuotantona, autamme v\u00e4hent\u00e4m\u00e4\u00e4n ylituotantoa. Kiitos, ett\u00e4 teet harkittuja ostop\u00e4\u00e4t\u00f6ksi\u00e4!<\/p>","protected":false},"excerpt":{"rendered":"<p>Jos olet Turku fani, tied\u00e4t, ett\u00e4 jokainen hetki Aurajoen rannalla voi olla el\u00e4mys \u2013 mutta mit\u00e4 teet, kun l\u00f6yd\u00e4t itsesi &#8221;keskel jokke&#8221;? No, t\u00e4m\u00e4 huppari on sinulle, joka haluat olla valmiina kaikkeen! T\u00e4m\u00e4 unisex-huppari on yht\u00e4 mukava kuin l\u00e4mmin kupponen kahvia (siin\u00e4 huippukahvilassa siin\u00e4 sen alastoman juoksijan alapuolella). Huppari kertoo kaikille, ett\u00e4 tunnet Turun murteen ja huumorin kuin omat taskusi. Huppari on koristeltu pelastusrenkaalla, jonka keskell\u00e4 on teksti &#8221;keskel jokke&#8221;. Huppari ei ainoastaan pid\u00e4 sinua l\u00e4mpim\u00e4n\u00e4, vaan my\u00f6s nostaa hymyn jokaisen turkulaisen huulille! Olitpa sitten joen rannalla tai kaupungin vilin\u00e4ss\u00e4, t\u00e4m\u00e4 huppari on t\u00e4ydellinen valinta, kun haluat pit\u00e4\u00e4 Turun hengen mukanasi. Rento unisex-istuvuus: T\u00e4m\u00e4 huppari sopii kaikille \u2013 olitpa sitten jokea ylitt\u00e4m\u00e4ss\u00e4 F\u00f6rill\u00e4 tai loikoilemassa kotisohvalla. Se on t\u00e4ydellinen sekoitus tyyli\u00e4 ja mukavuutta, aivan kuin turkulainen itse! Vuorattu huppu ilman kiristysny\u00f6ri\u00e4: Ei ny\u00f6rej\u00e4, ei ongelmia! T\u00e4m\u00e4 huppu on suunniteltu pysym\u00e4\u00e4n p\u00e4\u00e4ss\u00e4si ilman turhaa s\u00e4\u00e4t\u00f6\u00e4, niin kuin turkulainen pysyy tiukasti omilla juurillaan. Kengurutasku edess\u00e4: T\u00e4m\u00e4 tasku on yht\u00e4 k\u00e4yt\u00e4nn\u00f6llinen kuin F\u00f6ri itse \u2013 pid\u00e4 k\u00e4tesi l\u00e4mpimin\u00e4 tai piilota jotain herkullista (emme suosittele Piispiksen piilottamista). Resorit hihansuissa: N\u00e4m\u00e4 resorit pit\u00e4v\u00e4t hihat paikoillaan, vaikka joudutkin k\u00e4sill\u00e4 huitomaan, kun yrit\u00e4t selitt\u00e4\u00e4, miksi Aurajoki on niin erityinen. Tuote valmistettu Vietnamissa Muista! Hupparin harjattu sis\u00e4puoli on pehme\u00e4 kuin Turun murre, mutta saattaa hieman nukata. Jos et halua, ett\u00e4 vaatteesi n\u00e4ytt\u00e4v\u00e4t silt\u00e4 kuin olisit juuri ry\u00f6minyt l\u00e4pi vanhan villamaton, v\u00e4lt\u00e4 tummien ja vaaleiden vaatteiden yhdist\u00e4mist\u00e4 \u2013 ihan vaan varmuuden vuoksi. &nbsp; T\u00e4m\u00e4 tuote valmistetaan sinua varten vasta tilauksesi j\u00e4lkeen, joten sen toimittaminen kest\u00e4\u00e4 hieman kauemmin. Valmistamalla tuotteet kysynn\u00e4n mukaan, emmek\u00e4 massatuotantona, autamme v\u00e4hent\u00e4m\u00e4\u00e4n ylituotantoa. Kiitos, ett\u00e4 teet harkittuja ostop\u00e4\u00e4t\u00f6ksi\u00e4!<\/p>","protected":false},"featured_media":5255,"comment_status":"open","ping_status":"closed","template":"","meta":{"site-sidebar-layout":"default","site-content-layout":"","ast-site-content-layout":"default","site-content-style":"default","site-sidebar-style":"default","ast-global-header-display":"","ast-banner-title-visibility":"","ast-main-header-display":"","ast-hfb-above-header-display":"","ast-hfb-below-header-display":"","ast-hfb-mobile-header-display":"","site-post-title":"","ast-breadcrumbs-content":"","ast-featured-img":"","footer-sml-layout":"","ast-disable-related-posts":"","theme-transparent-header-meta":"default","adv-header-id-meta":"","stick-header-meta":"","header-above-stick-meta":"","header-main-stick-meta":"","header-below-stick-meta":"","astra-migrate-meta-layouts":"set","ast-page-background-enabled":"default","ast-page-background-meta":{"desktop":{"background-color":"","background-image":"","background-repeat":"repeat","background-position":"center center","background-size":"auto","background-attachment":"scroll","background-type":"","background-media":"","overlay-type":"","overlay-color":"","overlay-opacity":"","overlay-gradient":""},"tablet":{"background-color":"","background-image":"","background-repeat":"repeat","background-position":"center center","background-size":"auto","background-attachment":"scroll","background-type":"","background-media":"","overlay-type":"","overlay-color":"","overlay-opacity":"","overlay-gradient":""},"mobile":{"background-color":"","background-image":"","background-repeat":"repeat","background-position":"center center","background-size":"auto","background-attachment":"scroll","background-type":"","background-media":"","overlay-type":"","overlay-color":"","overlay-opacity":"","overlay-gradient":""}},"ast-content-background-meta":{"desktop":{"background-color":"var(--ast-global-color-5)","background-image":"","background-repeat":"repeat","background-position":"center center","background-size":"auto","background-attachment":"scroll","background-type":"","background-media":"","overlay-type":"","overlay-color":"","overlay-opacity":"","overlay-gradient":""},"tablet":{"background-color":"var(--ast-global-color-5)","background-image":"","background-repeat":"repeat","background-position":"center center","background-size":"auto","background-attachment":"scroll","background-type":"","background-media":"","overlay-type":"","overlay-color":"","overlay-opacity":"","overlay-gradient":""},"mobile":{"background-color":"var(--ast-global-color-5)","background-image":"","background-repeat":"repeat","background-position":"center center","background-size":"auto","background-attachment":"scroll","background-type":"","background-media":"","overlay-type":"","overlay-color":"","overlay-opacity":"","overlay-gradient":""}}},"product_brand":[],"product_cat":[93,126,125,15],"product_tag":[95,94],"class_list":{"0":"post-4939","1":"product","2":"type-product","3":"status-publish","4":"has-post-thumbnail","6":"product_cat-hupparit-ja-colleget","7":"product_cat-miesten","8":"product_cat-naisten","9":"product_cat-yleinen","10":"product_tag-huppari","11":"product_tag-keskel-jokke","12":"desktop-align-left","13":"tablet-align-left","14":"mobile-align-left","16":"first","17":"instock","18":"taxable","19":"shipping-taxable","20":"purchasable","21":"product-type-variable"},"_links":{"self":[{"href":"https:\/\/turkufanclub.com\/en\/wp-json\/wp\/v2\/product\/4939","targetHints":{"allow":["GET"]}}],"collection":[{"href":"https:\/\/turkufanclub.com\/en\/wp-json\/wp\/v2\/product"}],"about":[{"href":"https:\/\/turkufanclub.com\/en\/wp-json\/wp\/v2\/types\/product"}],"replies":[{"embeddable":true,"href":"https:\/\/turkufanclub.com\/en\/wp-json\/wp\/v2\/comments?post=4939"}],"version-history":[{"count":4,"href":"https:\/\/turkufanclub.com\/en\/wp-json\/wp\/v2\/product\/4939\/revisions"}],"predecessor-version":[{"id":5371,"href":"https:\/\/turkufanclub.com\/en\/wp-json\/wp\/v2\/product\/4939\/revisions\/5371"}],"wp:featuredmedia":[{"embeddable":true,"href":"https:\/\/turkufanclub.com\/en\/wp-json\/wp\/v2\/media\/5255"}],"wp:attachment":[{"href":"https:\/\/turkufanclub.com\/en\/wp-json\/wp\/v2\/media?parent=4939"}],"wp:term":[{"taxonomy":"product_brand","embeddable":true,"href":"https:\/\/turkufanclub.com\/en\/wp-json\/wp\/v2\/product_brand?post=4939"},{"taxonomy":"product_cat","embeddable":true,"href":"https:\/\/turkufanclub.com\/en\/wp-json\/wp\/v2\/product_cat?post=4939"},{"taxonomy":"product_tag","embeddable":true,"href":"https:\/\/turkufanclub.com\/en\/wp-json\/wp\/v2\/product_tag?post=4939"}],"curies":[{"name":"wp","href":"https:\/\/api.w.org\/{rel}","templated":true}]}}