{"id":5145,"date":"2024-08-06T09:09:18","date_gmt":"2024-08-06T06:09:18","guid":{"rendered":"https:\/\/turkufanclub.com\/tuote\/mug-with-color-inside\/"},"modified":"2025-02-05T17:43:46","modified_gmt":"2025-02-05T15:43:46","slug":"muki-greatest-european-capitals-turku","status":"publish","type":"product","link":"https:\/\/turkufanclub.com\/en\/product\/muki-greatest-european-capitals-turku\/","title":{"rendered":"Muki \u2013 Greatest European Capitals (Turku listattuna)"},"content":{"rendered":"<p>T\u00e4ss\u00e4p\u00e4 muki, joka kertoo totuuden Euroopan parhaista p\u00e4\u00e4kaupungeista! Ja kyll\u00e4, Turku on mukana listalla, vaikka muuan Aleksanteri ykk\u00f6sen hunsvotti p\u00e4\u00e4tti siirt\u00e4\u00e4 p\u00e4\u00e4kaupungin muualle. Olisihan se Turku viel\u00e4kin p\u00e4\u00e4kaupunki, jos se meist\u00e4 turkulaisista olisi kiinni!<\/p>\n<p>T\u00e4m\u00e4 <strong>Muki \u2013 Greatest European Capitals <\/strong>ei ainoastaan nosta aamukahvisi uudelle tasolle, vaan my\u00f6s tuo hymyn huulillesi muistuttamalla, ett\u00e4 Turku on yh\u00e4 kunniakkaasti mukana p\u00e4\u00e4kaupunkien joukossa \u2013 ainakin meid\u00e4n kirjoissamme.<\/p>\n<h2>Ominaisuudet:<\/h2>\n<ul>\n<li>Keraaminen taideteos: T\u00e4m\u00e4 muki on valmistettu kest\u00e4v\u00e4st\u00e4 keramiikasta, aivan kuten Turun linna \u2013 pysyy pystyss\u00e4 l\u00e4pi vuosisatojen. Yht\u00e4 arvokas kuin Turun p\u00e4\u00e4kaupunkiaika.<\/li>\n<li>Mitat:\n<ul>\n<li>Kaffekuppi t\u00e4yttyy suurinpiirtein 3,25308825 dl piristem\u00e4\u00e4r\u00e4st\u00e4<\/li>\n<li>9,6 cm korkea<\/li>\n<li>8,3 cm halkaisija<\/li>\n<\/ul>\n<\/li>\n<li>Punainen reuna, kahva ja sisus tuovat pirteytt\u00e4 kahvihetkiisi. T\u00e4m\u00e4 muki erottuu mukitelineess\u00e4si yht\u00e4 varmasti kuin Turku kartalla.<\/li>\n<li>Kest\u00e4\u00e4 konepesun ja mikron: Vaikka et itse kest\u00e4isik\u00e4\u00e4n muuttoa pois Turusta, t\u00e4m\u00e4 muki kest\u00e4\u00e4 kovan k\u00e4sittelyn \u2013 laita se huoletta astianpesukoneeseen tai mikroon, eik\u00e4 se menet\u00e4 hohtoaan.<\/li>\n<\/ul>\n<p>Aloita aamusi oikein ja juo kahvisi mukista, joka muistuttaa, ett\u00e4 vaikka Turku ei en\u00e4\u00e4 virallisesti olisikaan p\u00e4\u00e4kaupunki, se on sit\u00e4 aina turkulaisten syd\u00e4miss\u00e4!<br \/>\nT\u00e4m\u00e4 tuote valmistetaan sinua varten vasta tilauksesi j\u00e4lkeen, joten sen toimittaminen kest\u00e4\u00e4 hieman kauemmin. Valmistamalla tuotteet kysynn\u00e4n mukaan, emmek\u00e4 massatuotantona, autamme v\u00e4hent\u00e4m\u00e4\u00e4n ylituotantoa. Kiitos, ett\u00e4 teet harkittuja ostop\u00e4\u00e4t\u00f6ksi\u00e4!<\/p>","protected":false},"excerpt":{"rendered":"<p><strong>Muki \u2013 Greatest European Capitals\u00a0<\/strong> tuo hymyn huulillesi joka aamu! Listattuna Euroopan parhaat p\u00e4\u00e4kaupungit, ja Turku tietenkin mukana. V\u00e4rik\u00e4s ja kest\u00e4v\u00e4 muki, joka tekee kahvihetkest\u00e4 erityisen.<\/p>","protected":false},"featured_media":5146,"comment_status":"open","ping_status":"closed","template":"","meta":{"site-sidebar-layout":"default","site-content-layout":"","ast-site-content-layout":"default","site-content-style":"default","site-sidebar-style":"default","ast-global-header-display":"","ast-banner-title-visibility":"","ast-main-header-display":"","ast-hfb-above-header-display":"","ast-hfb-below-header-display":"","ast-hfb-mobile-header-display":"","site-post-title":"","ast-breadcrumbs-content":"","ast-featured-img":"","footer-sml-layout":"","ast-disable-related-posts":"","theme-transparent-header-meta":"default","adv-header-id-meta":"","stick-header-meta":"","header-above-stick-meta":"","header-main-stick-meta":"","header-below-stick-meta":"","astra-migrate-meta-layouts":"set","ast-page-background-enabled":"default","ast-page-background-meta":{"desktop":{"background-color":"","background-image":"","background-repeat":"repeat","background-position":"center center","background-size":"auto","background-attachment":"scroll","background-type":"","background-media":"","overlay-type":"","overlay-color":"","overlay-opacity":"","overlay-gradient":""},"tablet":{"background-color":"","background-image":"","background-repeat":"repeat","background-position":"center center","background-size":"auto","background-attachment":"scroll","background-type":"","background-media":"","overlay-type":"","overlay-color":"","overlay-opacity":"","overlay-gradient":""},"mobile":{"background-color":"","background-image":"","background-repeat":"repeat","background-position":"center center","background-size":"auto","background-attachment":"scroll","background-type":"","background-media":"","overlay-type":"","overlay-color":"","overlay-opacity":"","overlay-gradient":""}},"ast-content-background-meta":{"desktop":{"background-color":"var(--ast-global-color-5)","background-image":"","background-repeat":"repeat","background-position":"center center","background-size":"auto","background-attachment":"scroll","background-type":"","background-media":"","overlay-type":"","overlay-color":"","overlay-opacity":"","overlay-gradient":""},"tablet":{"background-color":"var(--ast-global-color-5)","background-image":"","background-repeat":"repeat","background-position":"center center","background-size":"auto","background-attachment":"scroll","background-type":"","background-media":"","overlay-type":"","overlay-color":"","overlay-opacity":"","overlay-gradient":""},"mobile":{"background-color":"var(--ast-global-color-5)","background-image":"","background-repeat":"repeat","background-position":"center center","background-size":"auto","background-attachment":"scroll","background-type":"","background-media":"","overlay-type":"","overlay-color":"","overlay-opacity":"","overlay-gradient":""}}},"product_brand":[],"product_cat":[15,73],"product_tag":[110,100,109],"class_list":{"0":"post-5145","1":"product","2":"type-product","3":"status-publish","4":"has-post-thumbnail","6":"product_cat-yleinen","7":"product_cat-mukit","8":"product_tag-greatest-european-capitals","9":"product_tag-muki","10":"product_tag-paakaupunki","11":"desktop-align-left","12":"tablet-align-left","13":"mobile-align-left","15":"first","16":"instock","17":"taxable","18":"shipping-taxable","19":"purchasable","20":"product-type-simple"},"_links":{"self":[{"href":"https:\/\/turkufanclub.com\/en\/wp-json\/wp\/v2\/product\/5145","targetHints":{"allow":["GET"]}}],"collection":[{"href":"https:\/\/turkufanclub.com\/en\/wp-json\/wp\/v2\/product"}],"about":[{"href":"https:\/\/turkufanclub.com\/en\/wp-json\/wp\/v2\/types\/product"}],"replies":[{"embeddable":true,"href":"https:\/\/turkufanclub.com\/en\/wp-json\/wp\/v2\/comments?post=5145"}],"version-history":[{"count":5,"href":"https:\/\/turkufanclub.com\/en\/wp-json\/wp\/v2\/product\/5145\/revisions"}],"predecessor-version":[{"id":5789,"href":"https:\/\/turkufanclub.com\/en\/wp-json\/wp\/v2\/product\/5145\/revisions\/5789"}],"wp:featuredmedia":[{"embeddable":true,"href":"https:\/\/turkufanclub.com\/en\/wp-json\/wp\/v2\/media\/5146"}],"wp:attachment":[{"href":"https:\/\/turkufanclub.com\/en\/wp-json\/wp\/v2\/media?parent=5145"}],"wp:term":[{"taxonomy":"product_brand","embeddable":true,"href":"https:\/\/turkufanclub.com\/en\/wp-json\/wp\/v2\/product_brand?post=5145"},{"taxonomy":"product_cat","embeddable":true,"href":"https:\/\/turkufanclub.com\/en\/wp-json\/wp\/v2\/product_cat?post=5145"},{"taxonomy":"product_tag","embeddable":true,"href":"https:\/\/turkufanclub.com\/en\/wp-json\/wp\/v2\/product_tag?post=5145"}],"curies":[{"name":"wp","href":"https:\/\/api.w.org\/{rel}","templated":true}]}}