{"id":5163,"date":"2024-08-06T12:05:44","date_gmt":"2024-08-06T09:05:44","guid":{"rendered":"https:\/\/turkufanclub.com\/tuote\/unisex-huppari-greatest-european-capitals\/"},"modified":"2025-07-31T11:21:57","modified_gmt":"2025-07-31T08:21:57","slug":"unisex-huppari-greatest-european-capitals","status":"publish","type":"product","link":"https:\/\/turkufanclub.com\/en\/product\/unisex-huppari-greatest-european-capitals\/","title":{"rendered":"Unisex Huppari &#8211; Greatest European Capitals"},"content":{"rendered":"<p>Eik\u00f6 olisi upeaa, jos Turku olisi yh\u00e4 Suomen p\u00e4\u00e4kaupunki? No, me tied\u00e4mme, ett\u00e4 se on ainakin syd\u00e4miss\u00e4mme \u2013 ja nyt my\u00f6s hupparissamme! &#8221;Greatest European Capitals&#8221; -huppari tuo historian ja huumorin yhteen tyylikk\u00e4\u00e4ll\u00e4 tavalla. Vaikka er\u00e4s tietty Aleksanteri hunsvotti siirsi p\u00e4\u00e4kaupungin muualle, t\u00e4ss\u00e4 hupparissa Turku komeilee yh\u00e4 Euroopan parhaiden joukossa.<\/p>\n<p>T\u00e4m\u00e4 huppari on valmistettu eritt\u00e4in pehme\u00e4st\u00e4 ja kest\u00e4v\u00e4st\u00e4 kankaasta, joka pit\u00e4\u00e4 sinut l\u00e4mpim\u00e4n\u00e4 Aurajoen rannalla, s\u00e4\u00e4ss\u00e4 kuin s\u00e4\u00e4ss\u00e4. Rento unisex-leikkaus ja vuorattu huppu tekev\u00e4t t\u00e4st\u00e4 hupparista t\u00e4ydellisen lis\u00e4n jokaiseen vaatekaappiin. Olitpa sitten torilla, jokilaivalla tai ihan vaan kotisohvalla, t\u00e4m\u00e4 huppari pit\u00e4\u00e4 turkulaisen ylpeyden l\u00e4hell\u00e4 syd\u00e4nt\u00e4.<\/p>\n<ul>\n<li>Rento unisex-istuvuus: T\u00e4m\u00e4 huppari sopii kaikille, olitpa sitten jokea ylitt\u00e4m\u00e4ss\u00e4 F\u00f6rill\u00e4 tai loikoilemassa kotisohvalla. Se on t\u00e4ydellinen sekoitus tyyli\u00e4 ja mukavuutta, aivan kuin turkulainen itse!<\/li>\n<li>Vuorattu huppu ilman kiristysny\u00f6ri\u00e4: Ei ny\u00f6rej\u00e4, ei ongelmia! T\u00e4m\u00e4 huppu on suunniteltu pysym\u00e4\u00e4n p\u00e4\u00e4ss\u00e4si ilman turhaa s\u00e4\u00e4t\u00f6\u00e4, niin kuin turkulainen pysyy tiukasti omilla juurillaan.<\/li>\n<li>Kengurutasku edess\u00e4: T\u00e4m\u00e4 tasku on yht\u00e4 k\u00e4yt\u00e4nn\u00f6llinen kuin F\u00f6ri itse. Pid\u00e4 k\u00e4tesi l\u00e4mpimin\u00e4 tai piilota jotain herkullista (emme suosittele Piispiksen piilottamista).<\/li>\n<li>Resorit hihansuissa: N\u00e4m\u00e4 resorit pit\u00e4v\u00e4t hihat paikoillaan, vaikka joudutkin k\u00e4sill\u00e4 huitomaan, kun yrit\u00e4t selitt\u00e4\u00e4, miksi Aurajoki on niin erityinen.<\/li>\n<li>Tuote valmistettu Vietnamissa<\/li>\n<\/ul>\n<p><strong>HUOM<\/strong>! Hupparin harjattu sis\u00e4puoli on pehme\u00e4 kuin Turun murre, mutta saattaa hieman nukata. Jos et halua, ett\u00e4 vaatteesi n\u00e4ytt\u00e4v\u00e4t silt\u00e4 kuin olisit juuri ry\u00f6minyt l\u00e4pi vanhan villamaton, v\u00e4lt\u00e4 tummien ja vaaleiden vaatteiden yhdist\u00e4mist\u00e4 \u2013 ihan vaan varmuuden vuoksi.<\/p>\n<p>Nyt voit kantaa mukanasi pala Turkua ja muistuttaa kaikkia siit\u00e4, ett\u00e4 Turku kuuluu yh\u00e4 suurimpien joukkoon \u2013 ainakin parhaiden p\u00e4\u00e4kaupunkien listalla! T\u00e4m\u00e4 Greatest European Capitals -huppari on t\u00e4ydellinen valinta niille, jotka rakastavat Turkua ja sen historiaa.<\/p>\n<p>&nbsp;<\/p>\n<p>T\u00e4m\u00e4 tuote valmistetaan sinua varten vasta tilauksesi j\u00e4lkeen, joten sen toimittaminen kest\u00e4\u00e4 hieman kauemmin. Valmistamalla tuotteet kysynn\u00e4n mukaan, emmek\u00e4 massatuotantona, autamme v\u00e4hent\u00e4m\u00e4\u00e4n ylituotantoa.<\/p>","protected":false},"excerpt":{"rendered":"<p><strong>Greatest European Capitals<\/strong> -huppari tuo Turun takaisin kartalle! Mukava, tyylik\u00e4s ja t\u00e4ynn\u00e4 turkulaista ylpeytt\u00e4, eli t\u00e4ydellinen lis\u00e4 vaatekaappiisi.<\/p>","protected":false},"featured_media":5256,"comment_status":"open","ping_status":"closed","template":"","meta":{"site-sidebar-layout":"default","site-content-layout":"","ast-site-content-layout":"default","site-content-style":"default","site-sidebar-style":"default","ast-global-header-display":"","ast-banner-title-visibility":"","ast-main-header-display":"","ast-hfb-above-header-display":"","ast-hfb-below-header-display":"","ast-hfb-mobile-header-display":"","site-post-title":"","ast-breadcrumbs-content":"","ast-featured-img":"","footer-sml-layout":"","ast-disable-related-posts":"","theme-transparent-header-meta":"default","adv-header-id-meta":"","stick-header-meta":"","header-above-stick-meta":"","header-main-stick-meta":"","header-below-stick-meta":"","astra-migrate-meta-layouts":"set","ast-page-background-enabled":"default","ast-page-background-meta":{"desktop":{"background-color":"","background-image":"","background-repeat":"repeat","background-position":"center center","background-size":"auto","background-attachment":"scroll","background-type":"","background-media":"","overlay-type":"","overlay-color":"","overlay-opacity":"","overlay-gradient":""},"tablet":{"background-color":"","background-image":"","background-repeat":"repeat","background-position":"center center","background-size":"auto","background-attachment":"scroll","background-type":"","background-media":"","overlay-type":"","overlay-color":"","overlay-opacity":"","overlay-gradient":""},"mobile":{"background-color":"","background-image":"","background-repeat":"repeat","background-position":"center center","background-size":"auto","background-attachment":"scroll","background-type":"","background-media":"","overlay-type":"","overlay-color":"","overlay-opacity":"","overlay-gradient":""}},"ast-content-background-meta":{"desktop":{"background-color":"var(--ast-global-color-5)","background-image":"","background-repeat":"repeat","background-position":"center center","background-size":"auto","background-attachment":"scroll","background-type":"","background-media":"","overlay-type":"","overlay-color":"","overlay-opacity":"","overlay-gradient":""},"tablet":{"background-color":"var(--ast-global-color-5)","background-image":"","background-repeat":"repeat","background-position":"center center","background-size":"auto","background-attachment":"scroll","background-type":"","background-media":"","overlay-type":"","overlay-color":"","overlay-opacity":"","overlay-gradient":""},"mobile":{"background-color":"var(--ast-global-color-5)","background-image":"","background-repeat":"repeat","background-position":"center center","background-size":"auto","background-attachment":"scroll","background-type":"","background-media":"","overlay-type":"","overlay-color":"","overlay-opacity":"","overlay-gradient":""}}},"product_brand":[],"product_cat":[93,126,125,15],"product_tag":[110,95,109],"class_list":{"0":"post-5163","1":"product","2":"type-product","3":"status-publish","4":"has-post-thumbnail","6":"product_cat-hupparit-ja-colleget","7":"product_cat-miesten","8":"product_cat-naisten","9":"product_cat-yleinen","10":"product_tag-greatest-european-capitals","11":"product_tag-huppari","12":"product_tag-paakaupunki","13":"desktop-align-left","14":"tablet-align-left","15":"mobile-align-left","17":"first","18":"instock","19":"taxable","20":"shipping-taxable","21":"purchasable","22":"product-type-variable"},"_links":{"self":[{"href":"https:\/\/turkufanclub.com\/en\/wp-json\/wp\/v2\/product\/5163","targetHints":{"allow":["GET"]}}],"collection":[{"href":"https:\/\/turkufanclub.com\/en\/wp-json\/wp\/v2\/product"}],"about":[{"href":"https:\/\/turkufanclub.com\/en\/wp-json\/wp\/v2\/types\/product"}],"replies":[{"embeddable":true,"href":"https:\/\/turkufanclub.com\/en\/wp-json\/wp\/v2\/comments?post=5163"}],"version-history":[{"count":5,"href":"https:\/\/turkufanclub.com\/en\/wp-json\/wp\/v2\/product\/5163\/revisions"}],"predecessor-version":[{"id":8373,"href":"https:\/\/turkufanclub.com\/en\/wp-json\/wp\/v2\/product\/5163\/revisions\/8373"}],"wp:featuredmedia":[{"embeddable":true,"href":"https:\/\/turkufanclub.com\/en\/wp-json\/wp\/v2\/media\/5256"}],"wp:attachment":[{"href":"https:\/\/turkufanclub.com\/en\/wp-json\/wp\/v2\/media?parent=5163"}],"wp:term":[{"taxonomy":"product_brand","embeddable":true,"href":"https:\/\/turkufanclub.com\/en\/wp-json\/wp\/v2\/product_brand?post=5163"},{"taxonomy":"product_cat","embeddable":true,"href":"https:\/\/turkufanclub.com\/en\/wp-json\/wp\/v2\/product_cat?post=5163"},{"taxonomy":"product_tag","embeddable":true,"href":"https:\/\/turkufanclub.com\/en\/wp-json\/wp\/v2\/product_tag?post=5163"}],"curies":[{"name":"wp","href":"https:\/\/api.w.org\/{rel}","templated":true}]}}