{"id":5201,"date":"2024-08-06T12:10:29","date_gmt":"2024-08-06T09:10:29","guid":{"rendered":"https:\/\/turkufanclub.com\/tuote\/unisex-collegepaita-greatest-european-capitals\/"},"modified":"2025-02-25T06:32:06","modified_gmt":"2025-02-25T04:32:06","slug":"unisex-collegepaita-greatest-european-capitals","status":"publish","type":"product","link":"https:\/\/turkufanclub.com\/en\/product\/unisex-collegepaita-greatest-european-capitals\/","title":{"rendered":"Unisex Collegepaita \u2013 Greatest European Capitals"},"content":{"rendered":"<p>Kaipaatko mukavaa collegepaitaa, joka pit\u00e4\u00e4 sinut l\u00e4mpim\u00e4n\u00e4 ja julistaa maailmalle Turun oikean aseman? T\u00e4ss\u00e4 se on \u2013 &#8221;Greatest European Capitals&#8221; -collegepaita, joka nostaa Turun takaisin kartalle, juuri sinne, minne se kuuluu! Vaikka se yksi Aleksanteri p\u00e4\u00e4tti siirt\u00e4\u00e4 p\u00e4\u00e4kaupungin toisaalle, t\u00e4ss\u00e4 paidassa Turku komeilee edelleen Euroopan parhaiden p\u00e4\u00e4kaupunkien joukossa.<\/p>\n<p>T\u00e4m\u00e4 collegepaita on t\u00e4ydellinen yhdistelm\u00e4 mukavuutta ja tyyli\u00e4. Se on valmistettu pehme\u00e4st\u00e4 ja l\u00e4mpim\u00e4st\u00e4 materiaalista, joten se on juuri oikea valinta niin rentoon kotip\u00e4iv\u00e4\u00e4n kuin ulkoiluun jokirannassa. Pue t\u00e4m\u00e4 paita p\u00e4\u00e4lle ja anna Turun historian ja huumorin hehkua, miss\u00e4 ikin\u00e4 menetkin!<\/p>\n<div class=\"woocommerce-tabs wc-tabs-wrapper\">\n<div id=\"tab-description\" class=\"woocommerce-Tabs-panel woocommerce-Tabs-panel--description panel entry-content wc-tab\" role=\"tabpanel\" aria-labelledby=\"tab-title-description\">\n<h2>Ominaisuudet:<\/h2>\n<ul>\n<li>100% puuvillainen pinta: T\u00e4m\u00e4 paita on niin pehme\u00e4, ett\u00e4 se tuntuu kuin halailisit F\u00f6ri\u00e4 \u2013 mutta ilman, ett\u00e4 joudut odottamaan sit\u00e4 liian kauan.<\/li>\n<li>Kangas: 65% puuvillaa ja 35% polyesteri\u00e4, jotta saat juuri sen oikean tasapainon mukavuuden ja kest\u00e4vyyden v\u00e4lill\u00e4. Charcoal Heather -v\u00e4riss\u00e4 hitusen enemm\u00e4n polyesteri\u00e4 (55% puuvillaa, 45% polyesteri\u00e4), jotta se pysyy muodossaan.<\/li>\n<li>Paino: T\u00e4m\u00e4 college on tarpeeksi painava (288,2 g\/m\u00b2), jotta tunnet olosi mukavaksi, mutta silti niin kevyt, ett\u00e4 voit k\u00e4ytt\u00e4\u00e4 sit\u00e4 vuoden ymp\u00e4ri \u2013 satoi tai paistoi.<\/li>\n<li>Fleece: Taitavasti neulottu fleece tekee t\u00e4st\u00e4 paidasta niin l\u00e4mpim\u00e4n, ett\u00e4 voisit melkein kuvitella seisovasi Turun linnan muurien suojassa.<\/li>\n<li>Kaksinkertaisesti tikattu ribbikaulus, hihansuut ja helma: N\u00e4m\u00e4 yksityiskohdat takaavat, ett\u00e4 paita kest\u00e4\u00e4 aikaa ja k\u00e4ytt\u00f6\u00e4, aivan kuten Turun Martti.<\/li>\n<li>Valmistettu Pakistanissa<\/li>\n<\/ul>\n<p><strong>Vinkki<\/strong>: T\u00e4m\u00e4 college-paita saattaa olla v\u00e4h\u00e4n niukka mitoitukseltaan. Jotta saat t\u00e4ydellisen istuvuuden, suosittelemme tilaamaan yht\u00e4 kokoa suuremman kuin normaalisti. N\u00e4in olet valmis mihin tahansa, olipa kyseess\u00e4 keikka \u201dkeskel jokke\u201d tai rauhallinen iltap\u00e4iv\u00e4 Turun kaduilla.<\/p>\n<\/div>\n<\/div>\n<section class=\"related products\"><\/section>\n<p>Anna Turun palata takaisin valokeilaan ja kerro kaikille, ett\u00e4 tied\u00e4t miss\u00e4 Euroopan paras p\u00e4\u00e4kaupunki sijaitsee \u2013 t\u00e4ll\u00e4 Greatest European Capitals -collegepaidalla olet aina valmis keskusteluun Turun suuruudesta!<\/p>\n<p>&nbsp;<\/p>\n<p>T\u00e4m\u00e4 tuote valmistetaan sinua varten vasta tilauksesi j\u00e4lkeen, joten sen toimittaminen kest\u00e4\u00e4 hieman kauemmin. Valmistamalla tuotteet kysynn\u00e4n mukaan, emmek\u00e4 massatuotantona, autamme v\u00e4hent\u00e4m\u00e4\u00e4n ylituotantoa. Kiitos, ett\u00e4 teet harkittuja ostop\u00e4\u00e4t\u00f6ksi\u00e4!<\/p>","protected":false},"excerpt":{"rendered":"<p>T\u00e4m\u00e4 <strong>Greatest European Capitals<\/strong> -collegepaita palauttaa Turun kartalle! Mukava, l\u00e4mmin ja t\u00e4ynn\u00e4 turkulaista ylpeytt\u00e4 \u2013 t\u00e4ydellinen jokap\u00e4iv\u00e4iseen k\u00e4ytt\u00f6\u00f6n.<\/p>","protected":false},"featured_media":5254,"comment_status":"open","ping_status":"closed","template":"","meta":{"site-sidebar-layout":"default","site-content-layout":"","ast-site-content-layout":"default","site-content-style":"default","site-sidebar-style":"default","ast-global-header-display":"","ast-banner-title-visibility":"","ast-main-header-display":"","ast-hfb-above-header-display":"","ast-hfb-below-header-display":"","ast-hfb-mobile-header-display":"","site-post-title":"","ast-breadcrumbs-content":"","ast-featured-img":"","footer-sml-layout":"","ast-disable-related-posts":"","theme-transparent-header-meta":"default","adv-header-id-meta":"","stick-header-meta":"","header-above-stick-meta":"","header-main-stick-meta":"","header-below-stick-meta":"","astra-migrate-meta-layouts":"set","ast-page-background-enabled":"default","ast-page-background-meta":{"desktop":{"background-color":"","background-image":"","background-repeat":"repeat","background-position":"center center","background-size":"auto","background-attachment":"scroll","background-type":"","background-media":"","overlay-type":"","overlay-color":"","overlay-opacity":"","overlay-gradient":""},"tablet":{"background-color":"","background-image":"","background-repeat":"repeat","background-position":"center center","background-size":"auto","background-attachment":"scroll","background-type":"","background-media":"","overlay-type":"","overlay-color":"","overlay-opacity":"","overlay-gradient":""},"mobile":{"background-color":"","background-image":"","background-repeat":"repeat","background-position":"center center","background-size":"auto","background-attachment":"scroll","background-type":"","background-media":"","overlay-type":"","overlay-color":"","overlay-opacity":"","overlay-gradient":""}},"ast-content-background-meta":{"desktop":{"background-color":"var(--ast-global-color-5)","background-image":"","background-repeat":"repeat","background-position":"center center","background-size":"auto","background-attachment":"scroll","background-type":"","background-media":"","overlay-type":"","overlay-color":"","overlay-opacity":"","overlay-gradient":""},"tablet":{"background-color":"var(--ast-global-color-5)","background-image":"","background-repeat":"repeat","background-position":"center center","background-size":"auto","background-attachment":"scroll","background-type":"","background-media":"","overlay-type":"","overlay-color":"","overlay-opacity":"","overlay-gradient":""},"mobile":{"background-color":"var(--ast-global-color-5)","background-image":"","background-repeat":"repeat","background-position":"center center","background-size":"auto","background-attachment":"scroll","background-type":"","background-media":"","overlay-type":"","overlay-color":"","overlay-opacity":"","overlay-gradient":""}}},"product_brand":[],"product_cat":[93,126,125],"product_tag":[108,110,109],"class_list":{"0":"post-5201","1":"product","2":"type-product","3":"status-publish","4":"has-post-thumbnail","6":"product_cat-hupparit-ja-colleget","7":"product_cat-miesten","8":"product_cat-naisten","9":"product_tag-college","10":"product_tag-greatest-european-capitals","11":"product_tag-paakaupunki","12":"desktop-align-left","13":"tablet-align-left","14":"mobile-align-left","16":"first","17":"instock","18":"taxable","19":"shipping-taxable","20":"purchasable","21":"product-type-variable"},"_links":{"self":[{"href":"https:\/\/turkufanclub.com\/en\/wp-json\/wp\/v2\/product\/5201","targetHints":{"allow":["GET"]}}],"collection":[{"href":"https:\/\/turkufanclub.com\/en\/wp-json\/wp\/v2\/product"}],"about":[{"href":"https:\/\/turkufanclub.com\/en\/wp-json\/wp\/v2\/types\/product"}],"replies":[{"embeddable":true,"href":"https:\/\/turkufanclub.com\/en\/wp-json\/wp\/v2\/comments?post=5201"}],"version-history":[{"count":3,"href":"https:\/\/turkufanclub.com\/en\/wp-json\/wp\/v2\/product\/5201\/revisions"}],"predecessor-version":[{"id":5239,"href":"https:\/\/turkufanclub.com\/en\/wp-json\/wp\/v2\/product\/5201\/revisions\/5239"}],"wp:featuredmedia":[{"embeddable":true,"href":"https:\/\/turkufanclub.com\/en\/wp-json\/wp\/v2\/media\/5254"}],"wp:attachment":[{"href":"https:\/\/turkufanclub.com\/en\/wp-json\/wp\/v2\/media?parent=5201"}],"wp:term":[{"taxonomy":"product_brand","embeddable":true,"href":"https:\/\/turkufanclub.com\/en\/wp-json\/wp\/v2\/product_brand?post=5201"},{"taxonomy":"product_cat","embeddable":true,"href":"https:\/\/turkufanclub.com\/en\/wp-json\/wp\/v2\/product_cat?post=5201"},{"taxonomy":"product_tag","embeddable":true,"href":"https:\/\/turkufanclub.com\/en\/wp-json\/wp\/v2\/product_tag?post=5201"}],"curies":[{"name":"wp","href":"https:\/\/api.w.org\/{rel}","templated":true}]}}