{"id":5395,"date":"2024-08-08T11:50:29","date_gmt":"2024-08-08T08:50:29","guid":{"rendered":"https:\/\/turkufanclub.com\/tuote\/muki-turun-kaupunginosat-sininen\/"},"modified":"2026-02-28T18:15:03","modified_gmt":"2026-02-28T16:15:03","slug":"muki-turun-kaupunginosat-sininen","status":"publish","type":"product","link":"https:\/\/turkufanclub.com\/en\/product\/muki-turun-kaupunginosat-sininen\/","title":{"rendered":"Muki \u2013 Turun kaupunginosat &#8211; sininen"},"content":{"rendered":"<p>Aloita aamusi turkulaisella ylpeydell\u00e4 ja syd\u00e4mell\u00e4, joka sykkii Turun kaikille kaupunginosille! T\u00e4ss\u00e4 mukissa yhdistyv\u00e4t kaikki Turun kaupunginosat kauniisti syd\u00e4men muotoon, koska me kaikki tied\u00e4mme, ett\u00e4 turkulaisuus on parasta \u2013 kaupunginosasta riippumatta. Syd\u00e4meen mahtuu tunnetusti vain yksi \u00e4mm\u00e4, mutta Turun kaupunginosissa \u00e4mm\u00e4 eli M-kirjain on edustettuna jopa 23 kertaa! T\u00e4m\u00e4 muki ei pelk\u00e4st\u00e4\u00e4n pid\u00e4 kahvisi kuumana, vaan my\u00f6s muistuttaa sinua siit\u00e4, kuinka laajasti ja rakkaudella turkulaisuus levitt\u00e4ytyy jokaiseen nurkkaan.<\/p>\n<p>Sininen reuna, kahva ja sisus tuovat mukiisi pirte\u00e4n ja iloisen s\u00e4v\u00e4yksen \u2013 t\u00e4m\u00e4 muki erottuu telineess\u00e4si yht\u00e4 varmasti kuin Turku kartalla. Olitpa sitten Kupittaan puistossa tai Martissa mietteiss\u00e4si, t\u00e4m\u00e4 muki on t\u00e4ydellinen seuralainen, joka tekee jokaisesta kahvihetkest\u00e4 hitusen enemm\u00e4n turkulaisen.<\/p>\n<p><strong>Ominaisuudet:<\/strong><\/p>\n<ul>\n<li>Keraaminen: T\u00e4m\u00e4 muki kest\u00e4\u00e4 yht\u00e4 hyvin kuin turkulainen itsetunto \u2013 ei se pienist\u00e4 kolhuista v\u00e4lit\u00e4, vaikka voikin kolhiintua.<\/li>\n<li>Mitat:\n<ul>\n<li>Kaffekuppi t\u00e4yttyy suurinpiirtein 3,25308825 dl piristem\u00e4\u00e4r\u00e4st\u00e4 \u2013 juuri sopiva kokoinen, olitpa sitten varhaisaamuinen kahvinjuoja tai iltap\u00e4iv\u00e4n teefani.<\/li>\n<li>9,6 cm korkea<\/li>\n<li>8,3 cm halkaisija<\/li>\n<\/ul>\n<\/li>\n<li>Sininen reuna, kahva ja sisus: Rauhoittava v\u00e4ri, joka muistuttaa kes\u00e4isest\u00e4 p\u00e4iv\u00e4st\u00e4 Airiston rannalla.<\/li>\n<li>Konepesun ja mikron kest\u00e4v\u00e4: T\u00e4m\u00e4 muki kest\u00e4\u00e4 arjen myrskyt, aivan kuten F\u00f6ri ylitt\u00e4\u00e4 joen s\u00e4\u00e4ss\u00e4 kuin s\u00e4\u00e4ss\u00e4.<\/li>\n<\/ul>\n<p>Hanki kouraasi turkulainen ylpeys kahvimukiksi ja anna aamusi alkaa hymyillen \u2013 olitpa sitten miss\u00e4 p\u00e4in Turkua tahansa.<\/p>","protected":false},"excerpt":{"rendered":"<p>Nauti kahvisi turkulaisella ylpeydell\u00e4 t\u00e4st\u00e4 sinisell\u00e4 s\u00e4vytetyst\u00e4 Turun kaupunginosat \u2013 sininen -mukista, jossa kaikki Turun kaupunginosat muodostavat n\u00e4ytt\u00e4v\u00e4n syd\u00e4nkuvion. Tyylik\u00e4s ja kest\u00e4v\u00e4 valinta, joka tuo ripauksen Turkua jokaiseen kahvihetkeen.<\/p>","protected":false},"featured_media":10677,"comment_status":"open","ping_status":"closed","template":"","meta":{"site-sidebar-layout":"default","site-content-layout":"","ast-site-content-layout":"default","site-content-style":"default","site-sidebar-style":"default","ast-global-header-display":"","ast-banner-title-visibility":"","ast-main-header-display":"","ast-hfb-above-header-display":"","ast-hfb-below-header-display":"","ast-hfb-mobile-header-display":"","site-post-title":"","ast-breadcrumbs-content":"","ast-featured-img":"","footer-sml-layout":"","ast-disable-related-posts":"","theme-transparent-header-meta":"default","adv-header-id-meta":"","stick-header-meta":"","header-above-stick-meta":"","header-main-stick-meta":"","header-below-stick-meta":"","astra-migrate-meta-layouts":"set","ast-page-background-enabled":"default","ast-page-background-meta":{"desktop":{"background-color":"","background-image":"","background-repeat":"repeat","background-position":"center center","background-size":"auto","background-attachment":"scroll","background-type":"","background-media":"","overlay-type":"","overlay-color":"","overlay-opacity":"","overlay-gradient":""},"tablet":{"background-color":"","background-image":"","background-repeat":"repeat","background-position":"center center","background-size":"auto","background-attachment":"scroll","background-type":"","background-media":"","overlay-type":"","overlay-color":"","overlay-opacity":"","overlay-gradient":""},"mobile":{"background-color":"","background-image":"","background-repeat":"repeat","background-position":"center center","background-size":"auto","background-attachment":"scroll","background-type":"","background-media":"","overlay-type":"","overlay-color":"","overlay-opacity":"","overlay-gradient":""}},"ast-content-background-meta":{"desktop":{"background-color":"var(--ast-global-color-5)","background-image":"","background-repeat":"repeat","background-position":"center center","background-size":"auto","background-attachment":"scroll","background-type":"","background-media":"","overlay-type":"","overlay-color":"","overlay-opacity":"","overlay-gradient":""},"tablet":{"background-color":"var(--ast-global-color-5)","background-image":"","background-repeat":"repeat","background-position":"center center","background-size":"auto","background-attachment":"scroll","background-type":"","background-media":"","overlay-type":"","overlay-color":"","overlay-opacity":"","overlay-gradient":""},"mobile":{"background-color":"var(--ast-global-color-5)","background-image":"","background-repeat":"repeat","background-position":"center center","background-size":"auto","background-attachment":"scroll","background-type":"","background-media":"","overlay-type":"","overlay-color":"","overlay-opacity":"","overlay-gradient":""}}},"product_brand":[],"product_cat":[360,259,73],"product_tag":[120,100],"class_list":{"0":"post-5395","1":"product","2":"type-product","3":"status-publish","4":"has-post-thumbnail","6":"product_cat-kaupunginosa-mukit","7":"product_cat-turun-kaupunginosa-tuotteet","8":"product_cat-mukit","9":"product_tag-kaupunginosat","10":"product_tag-muki","11":"desktop-align-left","12":"tablet-align-left","13":"mobile-align-left","15":"first","16":"instock","17":"taxable","18":"shipping-taxable","19":"purchasable","20":"product-type-simple"},"_links":{"self":[{"href":"https:\/\/turkufanclub.com\/en\/wp-json\/wp\/v2\/product\/5395","targetHints":{"allow":["GET"]}}],"collection":[{"href":"https:\/\/turkufanclub.com\/en\/wp-json\/wp\/v2\/product"}],"about":[{"href":"https:\/\/turkufanclub.com\/en\/wp-json\/wp\/v2\/types\/product"}],"replies":[{"embeddable":true,"href":"https:\/\/turkufanclub.com\/en\/wp-json\/wp\/v2\/comments?post=5395"}],"version-history":[{"count":4,"href":"https:\/\/turkufanclub.com\/en\/wp-json\/wp\/v2\/product\/5395\/revisions"}],"predecessor-version":[{"id":5695,"href":"https:\/\/turkufanclub.com\/en\/wp-json\/wp\/v2\/product\/5395\/revisions\/5695"}],"wp:featuredmedia":[{"embeddable":true,"href":"https:\/\/turkufanclub.com\/en\/wp-json\/wp\/v2\/media\/10677"}],"wp:attachment":[{"href":"https:\/\/turkufanclub.com\/en\/wp-json\/wp\/v2\/media?parent=5395"}],"wp:term":[{"taxonomy":"product_brand","embeddable":true,"href":"https:\/\/turkufanclub.com\/en\/wp-json\/wp\/v2\/product_brand?post=5395"},{"taxonomy":"product_cat","embeddable":true,"href":"https:\/\/turkufanclub.com\/en\/wp-json\/wp\/v2\/product_cat?post=5395"},{"taxonomy":"product_tag","embeddable":true,"href":"https:\/\/turkufanclub.com\/en\/wp-json\/wp\/v2\/product_tag?post=5395"}],"curies":[{"name":"wp","href":"https:\/\/api.w.org\/{rel}","templated":true}]}}