{"id":5408,"date":"2024-08-10T09:59:29","date_gmt":"2024-08-10T06:59:29","guid":{"rendered":"https:\/\/turkufanclub.com\/tuote\/muki-turun-fibonazzi-piippu-punainen\/"},"modified":"2025-08-17T08:04:39","modified_gmt":"2025-08-17T05:04:39","slug":"muki-turun-fibonacci-piippu-punainen","status":"publish","type":"product","link":"https:\/\/turkufanclub.com\/en\/product\/muki-turun-fibonacci-piippu-punainen\/","title":{"rendered":"Muki \u2013 Turun Fibonacci piippu &#8211; Punainen"},"content":{"rendered":"<p>Jos olet koskaan miettinyt, miksi Turun savupiippu on niin vaikuttava, t\u00e4m\u00e4 muki saattaa antaa sinulle vastauksen \u2013 ja saat samalla nauttia aamukaffestasi. Turun Fibonacci piippu ei vain s\u00e4ilyt\u00e4 kahviasi, vaan se my\u00f6s paljastaa matematiikan kauneuden: 1+1 on 2, 1+2 on 3, 2+3 on 5, 3+5 on 8, 5+8 on 13, 8+13 on 21, 13+21 on 34, 21+34 on 55. Mindblowing!<\/p>\n<h3>Ominaisuudet:<\/h3>\n<ul>\n<li>Keraaminen kaunokainen: T\u00e4m\u00e4 muki on valmistettu kest\u00e4v\u00e4st\u00e4 keramiikasta, joten se kest\u00e4\u00e4 yht\u00e4 hyvin kuin Turun linna ja sen aikanaan mahtava savupiippu.<\/li>\n<li>Mitat:\n<ul>\n<li style=\"list-style-type: none;\">\n<ul>\n<li>Tilavuus: 3,25 dl \u2013 juuri oikea m\u00e4\u00e4r\u00e4 aamukahville tai iltap\u00e4iv\u00e4teelle.<\/li>\n<li>Korkeus: 9,6 cm<\/li>\n<li>Halkaisija: 8,3 cm<\/li>\n<\/ul>\n<\/li>\n<\/ul>\n<\/li>\n<li>V\u00e4rikk\u00e4\u00e4t yksityiskohdat: Punainen reuna, kahva ja sisus tuovat mukiisi piristyst\u00e4 ja eloisuutta, aivan kuten Turun savupiipun lukuvoima.<\/li>\n<li>Konepesun ja mikron kest\u00e4v\u00e4: Vaikka et itse kest\u00e4isi muuttua muuksi, t\u00e4m\u00e4 muki kest\u00e4\u00e4 kovan k\u00e4sittelyn \u2013 voit heitt\u00e4\u00e4 sen huoletta astianpesukoneeseen tai mikroon ilman pelkoa.<\/li>\n<\/ul>\n<p>T\u00e4m\u00e4 muki on t\u00e4ydellinen tapa aloittaa p\u00e4iv\u00e4si matematiikan ja Turun huumorin s\u00e4vytt\u00e4m\u00e4ss\u00e4 maailmassa.<\/p>\n<p>&nbsp;<\/p>\n<div class=\"flex max-w-full flex-col flex-grow\">\n<div class=\"min-h-[20px] text-message flex w-full flex-col items-end gap-2 whitespace-pre-wrap break-words [.text-message+&amp;]:mt-5 overflow-x-auto\" dir=\"auto\" data-message-author-role=\"assistant\" data-message-id=\"c85b1ee9-9b48-4379-aa0e-5c51627c3a53\">\n<div class=\"flex w-full flex-col gap-1 empty:hidden first:pt-[3px]\">\n<div class=\"markdown prose w-full break-words dark:prose-invert light\">\n<p><strong>Huomautus:<\/strong> T\u00e4m\u00e4 tuote valmistetaan sinua varten heti tilauksesi j\u00e4lkeen, joten sen toimittaminen kest\u00e4\u00e4 hieman kauemmin. Valmistamalla tuotteet kysynn\u00e4n mukaan autamme v\u00e4hent\u00e4m\u00e4\u00e4n ylituotantoa. Saat t\u00e4ytt\u00e4 ja uunituoretta turkulaisuutta suoraan sinulle<\/p>\n<\/div>\n<\/div>\n<\/div>\n<\/div>","protected":false},"excerpt":{"rendered":"<p>Turun Fibonacci piippu -muki yhdist\u00e4\u00e4 matematiikan loiston ja Turun energist\u00e4 historiaa ainutlaatuisella tavalla. R\u00e4v\u00e4kk\u00e4 v\u00e4rikkyys ja paahtoasteesta riippumaton piristejuoma tekev\u00e4t siit\u00e4 t\u00e4ydellisen seuralaisen jokaiseen kahvihetkeen.<\/p>","protected":false},"featured_media":5409,"comment_status":"open","ping_status":"closed","template":"","meta":{"site-sidebar-layout":"default","site-content-layout":"","ast-site-content-layout":"default","site-content-style":"default","site-sidebar-style":"default","ast-global-header-display":"","ast-banner-title-visibility":"","ast-main-header-display":"","ast-hfb-above-header-display":"","ast-hfb-below-header-display":"","ast-hfb-mobile-header-display":"","site-post-title":"","ast-breadcrumbs-content":"","ast-featured-img":"","footer-sml-layout":"","ast-disable-related-posts":"","theme-transparent-header-meta":"default","adv-header-id-meta":"","stick-header-meta":"","header-above-stick-meta":"","header-main-stick-meta":"","header-below-stick-meta":"","astra-migrate-meta-layouts":"set","ast-page-background-enabled":"default","ast-page-background-meta":{"desktop":{"background-color":"","background-image":"","background-repeat":"repeat","background-position":"center center","background-size":"auto","background-attachment":"scroll","background-type":"","background-media":"","overlay-type":"","overlay-color":"","overlay-opacity":"","overlay-gradient":""},"tablet":{"background-color":"","background-image":"","background-repeat":"repeat","background-position":"center center","background-size":"auto","background-attachment":"scroll","background-type":"","background-media":"","overlay-type":"","overlay-color":"","overlay-opacity":"","overlay-gradient":""},"mobile":{"background-color":"","background-image":"","background-repeat":"repeat","background-position":"center center","background-size":"auto","background-attachment":"scroll","background-type":"","background-media":"","overlay-type":"","overlay-color":"","overlay-opacity":"","overlay-gradient":""}},"ast-content-background-meta":{"desktop":{"background-color":"var(--ast-global-color-5)","background-image":"","background-repeat":"repeat","background-position":"center center","background-size":"auto","background-attachment":"scroll","background-type":"","background-media":"","overlay-type":"","overlay-color":"","overlay-opacity":"","overlay-gradient":""},"tablet":{"background-color":"var(--ast-global-color-5)","background-image":"","background-repeat":"repeat","background-position":"center center","background-size":"auto","background-attachment":"scroll","background-type":"","background-media":"","overlay-type":"","overlay-color":"","overlay-opacity":"","overlay-gradient":""},"mobile":{"background-color":"var(--ast-global-color-5)","background-image":"","background-repeat":"repeat","background-position":"center center","background-size":"auto","background-attachment":"scroll","background-type":"","background-media":"","overlay-type":"","overlay-color":"","overlay-opacity":"","overlay-gradient":""}}},"product_brand":[],"product_cat":[73],"product_tag":[121,100],"class_list":{"0":"post-5408","1":"product","2":"type-product","3":"status-publish","4":"has-post-thumbnail","6":"product_cat-mukit","7":"product_tag-fibonazzi","8":"product_tag-muki","9":"desktop-align-left","10":"tablet-align-left","11":"mobile-align-left","13":"first","14":"instock","15":"taxable","16":"shipping-taxable","17":"purchasable","18":"product-type-simple"},"_links":{"self":[{"href":"https:\/\/turkufanclub.com\/en\/wp-json\/wp\/v2\/product\/5408","targetHints":{"allow":["GET"]}}],"collection":[{"href":"https:\/\/turkufanclub.com\/en\/wp-json\/wp\/v2\/product"}],"about":[{"href":"https:\/\/turkufanclub.com\/en\/wp-json\/wp\/v2\/types\/product"}],"replies":[{"embeddable":true,"href":"https:\/\/turkufanclub.com\/en\/wp-json\/wp\/v2\/comments?post=5408"}],"version-history":[{"count":6,"href":"https:\/\/turkufanclub.com\/en\/wp-json\/wp\/v2\/product\/5408\/revisions"}],"predecessor-version":[{"id":9492,"href":"https:\/\/turkufanclub.com\/en\/wp-json\/wp\/v2\/product\/5408\/revisions\/9492"}],"wp:featuredmedia":[{"embeddable":true,"href":"https:\/\/turkufanclub.com\/en\/wp-json\/wp\/v2\/media\/5409"}],"wp:attachment":[{"href":"https:\/\/turkufanclub.com\/en\/wp-json\/wp\/v2\/media?parent=5408"}],"wp:term":[{"taxonomy":"product_brand","embeddable":true,"href":"https:\/\/turkufanclub.com\/en\/wp-json\/wp\/v2\/product_brand?post=5408"},{"taxonomy":"product_cat","embeddable":true,"href":"https:\/\/turkufanclub.com\/en\/wp-json\/wp\/v2\/product_cat?post=5408"},{"taxonomy":"product_tag","embeddable":true,"href":"https:\/\/turkufanclub.com\/en\/wp-json\/wp\/v2\/product_tag?post=5408"}],"curies":[{"name":"wp","href":"https:\/\/api.w.org\/{rel}","templated":true}]}}