{"id":5423,"date":"2024-08-10T19:03:03","date_gmt":"2024-08-10T16:03:03","guid":{"rendered":"https:\/\/turkufanclub.com\/tuote\/miesten-t-paita-turun-fibonazzi-piippu\/"},"modified":"2026-01-26T14:43:24","modified_gmt":"2026-01-26T12:43:24","slug":"miesten-t-paita-turun-fibonacci-piippu","status":"publish","type":"product","link":"https:\/\/turkufanclub.com\/en\/product\/miesten-t-paita-turun-fibonacci-piippu\/","title":{"rendered":"Miesten T-Paita \u2013 Turun Fibonacci piippu"},"content":{"rendered":"<p>Jos olet aina ihmetellyt, miksi Turun savupiippu on niin hurmaava, t\u00e4m\u00e4 t-paita on vastaus kysymykseesi \u2013 ja se voi jopa saada sinut laskemaan Fibonaccin lukujonoa! Tiesitk\u00f6 muuten, ett\u00e4 Fibonacci laski t\u00e4m\u00e4n 1200-luvun alussa kaavan mukaan pupujen populaation kasvamista. T\u00e4ll\u00f6in 1+1 on 2, 1+2 on 3, 2+3 on 5, 3+5 on 8, 5+8 on 13, 8+13 on 21, 13+21 on 34, 21+34 on 55 \u2013 ja sin\u00e4 voit esitt\u00e4\u00e4 t\u00e4m\u00e4n matematiikan ihmeen ylpe\u00e4n\u00e4 p\u00e4\u00e4ll\u00e4si.<\/p>\n<p><strong>Ominaisuudet:<\/strong><\/p>\n<ul>\n<li>100 % orgaanista rengaskudottua puuvillaa: T\u00e4m\u00e4 t-paita on yht\u00e4 pehme\u00e4 kuin Turun jokiranta auringonlaskussa ja yht\u00e4 ymp\u00e4rist\u00f6yst\u00e4v\u00e4llinen kuin F\u00f6ri kes\u00e4illassa.<\/li>\n<li>Kangaspaino: 180 g\/m\u00b2 \u2013 riitt\u00e4v\u00e4n tukeva pit\u00e4m\u00e4\u00e4n turkulaisuutta p\u00e4\u00e4ll\u00e4si.<\/li>\n<li>Yksinkertainen neulos: T\u00e4m\u00e4 t-paita on yht\u00e4 joustava kuin Turun sillat, mutta kest\u00e4v\u00e4mpi kuin aiempi notkolle mennyt Myllysilta.<\/li>\n<li>Keskikokoinen istuvuus: Istuu t\u00e4ydellisesti, olitpa sitten k\u00e4velyll\u00e4 Aurajoen rannalla tai py\u00f6r\u00e4ht\u00e4m\u00e4ss\u00e4 torilla.<\/li>\n<li>Leve\u00e4t tuplatikkaukset: Hihat ja helma on vahvistettu kuin Turun Linnan muurit.<\/li>\n<\/ul>\n<p>Pue t\u00e4m\u00e4 t-paita p\u00e4\u00e4lle ja anna Turun Fibonacci piipun loistaa rinnuksissasi \u2013 sek\u00e4 matematiikalla ett\u00e4 tyylill\u00e4!<\/p>\n<p>T\u00e4m\u00e4 tuote valmistetaan erityisesti sinulle heti tilauksesi j\u00e4lkeen, mink\u00e4 vuoksi toimitus saattaa kest\u00e4\u00e4 hieman pidemp\u00e4\u00e4n. Tuotteiden valmistaminen tilauksesta massatuotannon sijaan auttaa v\u00e4hent\u00e4m\u00e4\u00e4n ylituotantoa, joten kiitos, ett\u00e4 teet harkittuja ostop\u00e4\u00e4t\u00f6ksi\u00e4!<\/p>","protected":false},"excerpt":{"rendered":"<p>Miesten T-Paita \u2013 Turun Fibonacci piippu tuo matematiikan ja Turkulaisen n\u00e4ht\u00e4vyyden yhdell\u00e4 kertaa rinnuksillesi.<\/p>","protected":false},"featured_media":5488,"comment_status":"open","ping_status":"closed","template":"","meta":{"site-sidebar-layout":"default","site-content-layout":"","ast-site-content-layout":"default","site-content-style":"default","site-sidebar-style":"default","ast-global-header-display":"","ast-banner-title-visibility":"","ast-main-header-display":"","ast-hfb-above-header-display":"","ast-hfb-below-header-display":"","ast-hfb-mobile-header-display":"","site-post-title":"","ast-breadcrumbs-content":"","ast-featured-img":"","footer-sml-layout":"","ast-disable-related-posts":"","theme-transparent-header-meta":"default","adv-header-id-meta":"","stick-header-meta":"","header-above-stick-meta":"","header-main-stick-meta":"","header-below-stick-meta":"","astra-migrate-meta-layouts":"set","ast-page-background-enabled":"default","ast-page-background-meta":{"desktop":{"background-color":"","background-image":"","background-repeat":"repeat","background-position":"center center","background-size":"auto","background-attachment":"scroll","background-type":"","background-media":"","overlay-type":"","overlay-color":"","overlay-opacity":"","overlay-gradient":""},"tablet":{"background-color":"","background-image":"","background-repeat":"repeat","background-position":"center center","background-size":"auto","background-attachment":"scroll","background-type":"","background-media":"","overlay-type":"","overlay-color":"","overlay-opacity":"","overlay-gradient":""},"mobile":{"background-color":"","background-image":"","background-repeat":"repeat","background-position":"center center","background-size":"auto","background-attachment":"scroll","background-type":"","background-media":"","overlay-type":"","overlay-color":"","overlay-opacity":"","overlay-gradient":""}},"ast-content-background-meta":{"desktop":{"background-color":"var(--ast-global-color-5)","background-image":"","background-repeat":"repeat","background-position":"center center","background-size":"auto","background-attachment":"scroll","background-type":"","background-media":"","overlay-type":"","overlay-color":"","overlay-opacity":"","overlay-gradient":""},"tablet":{"background-color":"var(--ast-global-color-5)","background-image":"","background-repeat":"repeat","background-position":"center center","background-size":"auto","background-attachment":"scroll","background-type":"","background-media":"","overlay-type":"","overlay-color":"","overlay-opacity":"","overlay-gradient":""},"mobile":{"background-color":"var(--ast-global-color-5)","background-image":"","background-repeat":"repeat","background-position":"center center","background-size":"auto","background-attachment":"scroll","background-type":"","background-media":"","overlay-type":"","overlay-color":"","overlay-opacity":"","overlay-gradient":""}}},"product_brand":[],"product_cat":[126,217,60],"product_tag":[235,234],"class_list":{"0":"post-5423","1":"product","2":"type-product","3":"status-publish","4":"has-post-thumbnail","6":"product_cat-miesten","7":"product_cat-miesten-t-paidat","8":"product_cat-t-paidat","9":"product_tag-turku-paita","10":"product_tag-turku-t-paita","11":"desktop-align-left","12":"tablet-align-left","13":"mobile-align-left","15":"first","16":"instock","17":"taxable","18":"shipping-taxable","19":"purchasable","20":"product-type-variable"},"_links":{"self":[{"href":"https:\/\/turkufanclub.com\/en\/wp-json\/wp\/v2\/product\/5423","targetHints":{"allow":["GET"]}}],"collection":[{"href":"https:\/\/turkufanclub.com\/en\/wp-json\/wp\/v2\/product"}],"about":[{"href":"https:\/\/turkufanclub.com\/en\/wp-json\/wp\/v2\/types\/product"}],"replies":[{"embeddable":true,"href":"https:\/\/turkufanclub.com\/en\/wp-json\/wp\/v2\/comments?post=5423"}],"version-history":[{"count":6,"href":"https:\/\/turkufanclub.com\/en\/wp-json\/wp\/v2\/product\/5423\/revisions"}],"predecessor-version":[{"id":10205,"href":"https:\/\/turkufanclub.com\/en\/wp-json\/wp\/v2\/product\/5423\/revisions\/10205"}],"wp:featuredmedia":[{"embeddable":true,"href":"https:\/\/turkufanclub.com\/en\/wp-json\/wp\/v2\/media\/5488"}],"wp:attachment":[{"href":"https:\/\/turkufanclub.com\/en\/wp-json\/wp\/v2\/media?parent=5423"}],"wp:term":[{"taxonomy":"product_brand","embeddable":true,"href":"https:\/\/turkufanclub.com\/en\/wp-json\/wp\/v2\/product_brand?post=5423"},{"taxonomy":"product_cat","embeddable":true,"href":"https:\/\/turkufanclub.com\/en\/wp-json\/wp\/v2\/product_cat?post=5423"},{"taxonomy":"product_tag","embeddable":true,"href":"https:\/\/turkufanclub.com\/en\/wp-json\/wp\/v2\/product_tag?post=5423"}],"curies":[{"name":"wp","href":"https:\/\/api.w.org\/{rel}","templated":true}]}}