{"id":5511,"date":"2024-08-10T19:09:55","date_gmt":"2024-08-10T16:09:55","guid":{"rendered":"https:\/\/turkufanclub.com\/tuote\/unisex-college-paita-turun-fibonazzi-piippu\/"},"modified":"2025-08-17T08:03:25","modified_gmt":"2025-08-17T05:03:25","slug":"unisex-college-paita-turun-fibonacci-piippu","status":"publish","type":"product","link":"https:\/\/turkufanclub.com\/en\/product\/unisex-college-paita-turun-fibonacci-piippu\/","title":{"rendered":"Unisex College-paita \u2013 Turun Fibonacci piippu"},"content":{"rendered":"<p>Jos Turun savupiippu ja matematiikka olisivat muodikkaita, ne olisivat t\u00e4t\u00e4 college-paitaa. T\u00e4m\u00e4 paita ei vain pid\u00e4 sinua l\u00e4mpim\u00e4n\u00e4 Turun viileiss\u00e4 tuulissa, vaan my\u00f6s esittelee matematiikan ihmeit\u00e4 niin kuin 1+1 on 2, 1+2 on 3, 2+3 on 5, 3+5 on 8, 5+8 on 13, 8+13 on 21, 13+21 on 34, ja 21+34 on 55 \u2013 aivan kuten Turun Fibonacci piippu, joka ei vain ole kaunis, vaan my\u00f6s matematiikan mestariteos!<\/p>\n<h3>Ominaisuudet:<\/h3>\n<ul>\n<li>100 % puuvillainen pinta: T\u00e4m\u00e4 college-paita on yht\u00e4 pehme\u00e4 kuin Turun jokirannan hiekka, ja yht\u00e4 mukava kuin F\u00f6ri-kyyti.<\/li>\n<li>65 % puuvillaa, 35 % polyesteria: Materiaaliseos, joka takaa mukavan ja kest\u00e4v\u00e4mp\u00e4\u00e4, kuin Turun p\u00e4\u00e4kaupunkiaika.<\/li>\n<li>Kangaspaino: 288 g\/m\u00b2 \u2013 tukeva mutta joustava, t\u00e4ydellinen kerrospukeutumiseen.<\/li>\n<li>Tiukasti kudottu 3-end fleece: Hienosti kudottu, kuin Turun suojamuuri \u2013 suojaa sinua kylm\u00e4lt\u00e4.<\/li>\n<li>Saumattu: T\u00e4m\u00e4 college-paita on yht\u00e4 hyvin rakenteellisesti kest\u00e4v\u00e4 kuin Turun linna.<\/li>\n<li>Kaksinkertainen neulostikkaukset kauluksessa, hihoissa ja helmassa: Kest\u00e4v\u00e4 kuin Turun murre!<\/li>\n<\/ul>\n<p>T\u00e4m\u00e4 college-paita on t\u00e4ydellinen valinta kaikille, jotka arvostavat matematiikan kauneutta ja turkulaista tyyli\u00e4 olitpa sitten tutkimassa Turun toriparkkia tai nauttimassa kev\u00e4tsateista Aurajoen rannalla.<\/p>","protected":false},"excerpt":{"rendered":"<p>Unisex College-paita \u2013 Turun Fibonacci piippu<\/p>","protected":false},"featured_media":5542,"comment_status":"open","ping_status":"closed","template":"","meta":{"site-sidebar-layout":"default","site-content-layout":"","ast-site-content-layout":"default","site-content-style":"default","site-sidebar-style":"default","ast-global-header-display":"","ast-banner-title-visibility":"","ast-main-header-display":"","ast-hfb-above-header-display":"","ast-hfb-below-header-display":"","ast-hfb-mobile-header-display":"","site-post-title":"","ast-breadcrumbs-content":"","ast-featured-img":"","footer-sml-layout":"","ast-disable-related-posts":"","theme-transparent-header-meta":"default","adv-header-id-meta":"","stick-header-meta":"","header-above-stick-meta":"","header-main-stick-meta":"","header-below-stick-meta":"","astra-migrate-meta-layouts":"set","ast-page-background-enabled":"default","ast-page-background-meta":{"desktop":{"background-color":"","background-image":"","background-repeat":"repeat","background-position":"center center","background-size":"auto","background-attachment":"scroll","background-type":"","background-media":"","overlay-type":"","overlay-color":"","overlay-opacity":"","overlay-gradient":""},"tablet":{"background-color":"","background-image":"","background-repeat":"repeat","background-position":"center center","background-size":"auto","background-attachment":"scroll","background-type":"","background-media":"","overlay-type":"","overlay-color":"","overlay-opacity":"","overlay-gradient":""},"mobile":{"background-color":"","background-image":"","background-repeat":"repeat","background-position":"center center","background-size":"auto","background-attachment":"scroll","background-type":"","background-media":"","overlay-type":"","overlay-color":"","overlay-opacity":"","overlay-gradient":""}},"ast-content-background-meta":{"desktop":{"background-color":"var(--ast-global-color-5)","background-image":"","background-repeat":"repeat","background-position":"center center","background-size":"auto","background-attachment":"scroll","background-type":"","background-media":"","overlay-type":"","overlay-color":"","overlay-opacity":"","overlay-gradient":""},"tablet":{"background-color":"var(--ast-global-color-5)","background-image":"","background-repeat":"repeat","background-position":"center center","background-size":"auto","background-attachment":"scroll","background-type":"","background-media":"","overlay-type":"","overlay-color":"","overlay-opacity":"","overlay-gradient":""},"mobile":{"background-color":"var(--ast-global-color-5)","background-image":"","background-repeat":"repeat","background-position":"center center","background-size":"auto","background-attachment":"scroll","background-type":"","background-media":"","overlay-type":"","overlay-color":"","overlay-opacity":"","overlay-gradient":""}}},"product_brand":[],"product_cat":[93,126,125],"product_tag":[],"class_list":{"0":"post-5511","1":"product","2":"type-product","3":"status-publish","4":"has-post-thumbnail","6":"product_cat-hupparit-ja-colleget","7":"product_cat-miesten","8":"product_cat-naisten","9":"desktop-align-left","10":"tablet-align-left","11":"mobile-align-left","13":"first","14":"instock","15":"taxable","16":"shipping-taxable","17":"purchasable","18":"product-type-variable"},"_links":{"self":[{"href":"https:\/\/turkufanclub.com\/en\/wp-json\/wp\/v2\/product\/5511","targetHints":{"allow":["GET"]}}],"collection":[{"href":"https:\/\/turkufanclub.com\/en\/wp-json\/wp\/v2\/product"}],"about":[{"href":"https:\/\/turkufanclub.com\/en\/wp-json\/wp\/v2\/types\/product"}],"replies":[{"embeddable":true,"href":"https:\/\/turkufanclub.com\/en\/wp-json\/wp\/v2\/comments?post=5511"}],"version-history":[{"count":4,"href":"https:\/\/turkufanclub.com\/en\/wp-json\/wp\/v2\/product\/5511\/revisions"}],"predecessor-version":[{"id":9491,"href":"https:\/\/turkufanclub.com\/en\/wp-json\/wp\/v2\/product\/5511\/revisions\/9491"}],"wp:featuredmedia":[{"embeddable":true,"href":"https:\/\/turkufanclub.com\/en\/wp-json\/wp\/v2\/media\/5542"}],"wp:attachment":[{"href":"https:\/\/turkufanclub.com\/en\/wp-json\/wp\/v2\/media?parent=5511"}],"wp:term":[{"taxonomy":"product_brand","embeddable":true,"href":"https:\/\/turkufanclub.com\/en\/wp-json\/wp\/v2\/product_brand?post=5511"},{"taxonomy":"product_cat","embeddable":true,"href":"https:\/\/turkufanclub.com\/en\/wp-json\/wp\/v2\/product_cat?post=5511"},{"taxonomy":"product_tag","embeddable":true,"href":"https:\/\/turkufanclub.com\/en\/wp-json\/wp\/v2\/product_tag?post=5511"}],"curies":[{"name":"wp","href":"https:\/\/api.w.org\/{rel}","templated":true}]}}