{"id":5629,"date":"2024-12-02T15:32:20","date_gmt":"2024-12-02T13:32:20","guid":{"rendered":"https:\/\/turkufanclub.com\/tuote\/lahjakortti\/"},"modified":"2026-02-28T18:16:04","modified_gmt":"2026-02-28T16:16:04","slug":"lahjakortti","status":"publish","type":"product","link":"https:\/\/turkufanclub.com\/en\/product\/lahjakortti\/","title":{"rendered":"Lahjakortti"},"content":{"rendered":"<p><strong>Lahjakortti \u2013 Turkulaisen t\u00e4ydellinen valinta<\/strong><\/p>\n<p>T\u00e4m\u00e4 ei ole vain mik\u00e4 tahansa lahjakortti \u2013 t\u00e4m\u00e4 on &#8221;the&#8221; turkulainen lahjakortti, joka tuo iloa lahjansaajalle, olipa h\u00e4n Halisten hurmuri, Portsan persoonallisuus tai Hirvensalon hurja. Anna mahdollisuus valita verkkokauppamme huikeista tuotteista, jotka ovat t\u00e4ynn\u00e4 turkulaista huumoria ja henke\u00e4! Iha sit\u00e4 itte\u00e4!<\/p>\n<p>Ei en\u00e4\u00e4 tuskaisia p\u00e4\u00e4t\u00f6ksi\u00e4 lahjoista &#8211; Vaikka Funikulaari olisi rikki, t\u00e4m\u00e4 lahjakortti toimii aina!<\/p>\n<p><strong>Ominaisuudet:<\/strong><\/p>\n<ul>\n<li><strong>Joustava ja k\u00e4tev\u00e4:<\/strong> K\u00e4y kaikissa verkkokauppamme tuotteissa \u2013 mukit, paidat, magneetit ja paljon muuta turkulaista ihanuutta.<\/li>\n<li><strong>Vanhenee:<\/strong> Toisin kuin Turku itse, t\u00e4m\u00e4 kortti ei ole ajaton! Lahjakortti on voimassa vuoden ostop\u00e4iv\u00e4st\u00e4.<\/li>\n<li><strong>Heti k\u00e4ytt\u00f6\u00f6n:<\/strong> Ei postituksen odottelua, koska turkulainen ei j\u00e4\u00e4 odottamaan, paitsi ehk\u00e4 kolmea kovaa \u00e4ff\u00e4\u00e4 &#8211; Funikulaaria, F\u00f6li\u00e4 tai F\u00f6ri\u00e4!<\/li>\n<\/ul>\n<p>Anna lahjakortti, joka saa lahjansaajan hihkaisemaan riemusta<\/p>","protected":false},"excerpt":{"rendered":"<p>Anna palanen Turkua lahjaksi.<\/p>\n<article class=\"text-token-text-primary w-full\" dir=\"auto\" data-testid=\"conversation-turn-230\" data-scroll-anchor=\"true\">\n<div class=\"text-base my-auto mx-auto py-5 [--thread-content-margin:--spacing(4)] @[37rem]:[--thread-content-margin:--spacing(6)] @[72rem]:[--thread-content-margin:--spacing(16)] px-(--thread-content-margin)\">\n<div class=\"[--thread-content-max-width:32rem] @[34rem]:[--thread-content-max-width:40rem] @[64rem]:[--thread-content-max-width:48rem] mx-auto flex max-w-(--thread-content-max-width) flex-1 text-base gap-4 md:gap-5 lg:gap-6 group\/turn-messages focus-visible:outline-hidden\" tabindex=\"-1\">\n<div class=\"group\/conversation-turn relative flex w-full min-w-0 flex-col agent-turn\">\n<div class=\"relative flex-col gap-1 md:gap-3\">\n<div class=\"flex max-w-full flex-col grow\">\n<div class=\"min-h-8 text-message relative flex w-full flex-col items-end gap-2 text-start break-words whitespace-normal [.text-message+&amp;]:mt-5\" dir=\"auto\" data-message-author-role=\"assistant\" data-message-id=\"bf8c48b8-2a61-4eac-a412-7fc778cab5ef\" data-message-model-slug=\"gpt-4o\">\n<div class=\"flex w-full flex-col gap-1 empty:hidden first:pt-[3px]\">\n<div class=\"markdown prose dark:prose-invert w-full break-words light\">\n<p data-start=\"0\" data-end=\"315\" data-is-last-node=\"\" data-is-only-node=\"\">Kun et osaa p\u00e4\u00e4tt\u00e4\u00e4, anna lahjan saajan p\u00e4\u00e4tt\u00e4\u00e4 itse! Turku Fan Clubin lahjakortti on t\u00e4ydellinen ratkaisu tyylikk\u00e4\u00e4seen yll\u00e4tt\u00e4miseen, olipa kyseess\u00e4 yst\u00e4v\u00e4, rakas, pomo tai mummo tai vaikka vihamies. Valitse summa, me hoidamme loput (eli l\u00e4het\u00e4mme lahjakortin s\u00e4hk\u00f6postitse, helposti ja nopeasti).<\/p>\n<\/div>\n<\/div>\n<\/div>\n<\/div>\n<\/div>\n<\/div>\n<\/div>\n<\/div>\n<\/article>\n<div class=\"pointer-events-none h-px w-px\" aria-hidden=\"true\" data-edge=\"true\"><\/div>","protected":false},"featured_media":5643,"comment_status":"open","ping_status":"closed","template":"","meta":{"site-sidebar-layout":"default","site-content-layout":"","ast-site-content-layout":"default","site-content-style":"default","site-sidebar-style":"default","ast-global-header-display":"","ast-banner-title-visibility":"","ast-main-header-display":"","ast-hfb-above-header-display":"","ast-hfb-below-header-display":"","ast-hfb-mobile-header-display":"","site-post-title":"","ast-breadcrumbs-content":"","ast-featured-img":"","footer-sml-layout":"","ast-disable-related-posts":"","theme-transparent-header-meta":"default","adv-header-id-meta":"","stick-header-meta":"","header-above-stick-meta":"","header-main-stick-meta":"","header-below-stick-meta":"","astra-migrate-meta-layouts":"set","ast-page-background-enabled":"default","ast-page-background-meta":{"desktop":{"background-color":"","background-image":"","background-repeat":"repeat","background-position":"center center","background-size":"auto","background-attachment":"scroll","background-type":"","background-media":"","overlay-type":"","overlay-color":"","overlay-opacity":"","overlay-gradient":""},"tablet":{"background-color":"","background-image":"","background-repeat":"repeat","background-position":"center center","background-size":"auto","background-attachment":"scroll","background-type":"","background-media":"","overlay-type":"","overlay-color":"","overlay-opacity":"","overlay-gradient":""},"mobile":{"background-color":"","background-image":"","background-repeat":"repeat","background-position":"center center","background-size":"auto","background-attachment":"scroll","background-type":"","background-media":"","overlay-type":"","overlay-color":"","overlay-opacity":"","overlay-gradient":""}},"ast-content-background-meta":{"desktop":{"background-color":"var(--ast-global-color-5)","background-image":"","background-repeat":"repeat","background-position":"center center","background-size":"auto","background-attachment":"scroll","background-type":"","background-media":"","overlay-type":"","overlay-color":"","overlay-opacity":"","overlay-gradient":""},"tablet":{"background-color":"var(--ast-global-color-5)","background-image":"","background-repeat":"repeat","background-position":"center center","background-size":"auto","background-attachment":"scroll","background-type":"","background-media":"","overlay-type":"","overlay-color":"","overlay-opacity":"","overlay-gradient":""},"mobile":{"background-color":"var(--ast-global-color-5)","background-image":"","background-repeat":"repeat","background-position":"center center","background-size":"auto","background-attachment":"scroll","background-type":"","background-media":"","overlay-type":"","overlay-color":"","overlay-opacity":"","overlay-gradient":""}}},"product_brand":[],"product_cat":[124],"product_tag":[221,168],"class_list":{"0":"post-5629","1":"product","2":"type-product","3":"status-publish","4":"has-post-thumbnail","6":"product_cat-lahjakortti","7":"product_tag-kestosuosikki","8":"product_tag-lahjakortti","9":"desktop-align-left","10":"tablet-align-left","11":"mobile-align-left","13":"first","14":"instock","15":"purchasable","16":"product-type-pw-gift-card","17":"has-default-attributes"},"_links":{"self":[{"href":"https:\/\/turkufanclub.com\/en\/wp-json\/wp\/v2\/product\/5629","targetHints":{"allow":["GET"]}}],"collection":[{"href":"https:\/\/turkufanclub.com\/en\/wp-json\/wp\/v2\/product"}],"about":[{"href":"https:\/\/turkufanclub.com\/en\/wp-json\/wp\/v2\/types\/product"}],"replies":[{"embeddable":true,"href":"https:\/\/turkufanclub.com\/en\/wp-json\/wp\/v2\/comments?post=5629"}],"version-history":[{"count":4,"href":"https:\/\/turkufanclub.com\/en\/wp-json\/wp\/v2\/product\/5629\/revisions"}],"predecessor-version":[{"id":7194,"href":"https:\/\/turkufanclub.com\/en\/wp-json\/wp\/v2\/product\/5629\/revisions\/7194"}],"wp:featuredmedia":[{"embeddable":true,"href":"https:\/\/turkufanclub.com\/en\/wp-json\/wp\/v2\/media\/5643"}],"wp:attachment":[{"href":"https:\/\/turkufanclub.com\/en\/wp-json\/wp\/v2\/media?parent=5629"}],"wp:term":[{"taxonomy":"product_brand","embeddable":true,"href":"https:\/\/turkufanclub.com\/en\/wp-json\/wp\/v2\/product_brand?post=5629"},{"taxonomy":"product_cat","embeddable":true,"href":"https:\/\/turkufanclub.com\/en\/wp-json\/wp\/v2\/product_cat?post=5629"},{"taxonomy":"product_tag","embeddable":true,"href":"https:\/\/turkufanclub.com\/en\/wp-json\/wp\/v2\/product_tag?post=5629"}],"curies":[{"name":"wp","href":"https:\/\/api.w.org\/{rel}","templated":true}]}}