{"id":5697,"date":"2025-02-05T07:02:18","date_gmt":"2025-02-05T05:02:18","guid":{"rendered":"https:\/\/turkufanclub.com\/tuote\/muki-turku-finland\/"},"modified":"2025-07-01T08:28:49","modified_gmt":"2025-07-01T05:28:49","slug":"muki-turku-finland","status":"publish","type":"product","link":"https:\/\/turkufanclub.com\/en\/product\/muki-turku-finland\/","title":{"rendered":"Muki \u2013 Turku Finland"},"content":{"rendered":"<p>T\u00e4ss\u00e4 mukissa ei kierrell\u00e4 eik\u00e4 kaarrella \u2013 &#8221;Turku Finland&#8221; seisoo komiasti molemmilla puolilla, jotta viesti menee perille, olitpa sitten juomassa kahvia yksin tai esittelem\u00e4ss\u00e4 turkulaisuuttasi muille. T\u00e4m\u00e4 muki on yht\u00e4 selke\u00e4 ja suoraselk\u00e4inen kuin turkulainen itse: asia esitet\u00e4\u00e4n lyhyesti, mutta painokkaasti.<\/p>\n<p><strong>Ominaisuudet:<\/strong><\/p>\n<ul>\n<li>Keraaminen mestariteos: Kest\u00e4v\u00e4 ja tyylik\u00e4s \u2013 aivan kuin Turku itse.<\/li>\n<li>Mitat: 9,8 cm korkea, 8,5 cm halkaisija \u2013 sopii t\u00e4ydellisesti kahville, teelle tai vaikka piispanmunkin kastamiseen.<\/li>\n<li>Konepesun ja mikron kest\u00e4v\u00e4: Ei pelk\u00e4\u00e4 kuumia tilanteita, aivan kuten turkulainen liikenteess\u00e4.<\/li>\n<li>Painatus molemmin puolin: Jotta viesti v\u00e4littyy joka kulmasta!<\/li>\n<li>Kun Turku on el\u00e4m\u00e4si p\u00e4\u00e4kaupunki, se n\u00e4kyy joka h\u00f6rpyll\u00e4!<\/li>\n<\/ul>\n<p>&nbsp;<\/p>\n<p>T\u00e4m\u00e4 tuote valmistetaan erityisesti sinulle heti tilauksesi j\u00e4lkeen, mink\u00e4 vuoksi toimitus kest\u00e4\u00e4 ihan hieman pidemp\u00e4\u00e4n. Tuotteiden valmistaminen vasta tilauksen j\u00e4lkeen massatuotannon sijaan auttaa v\u00e4hent\u00e4m\u00e4\u00e4n ylituotantoa. Turun luontokin kiitt\u00e4\u00e4!<\/p>\n<p>&nbsp;<\/p>\n<p><strong>The fine print you\u2019re now legally supposed to read \u2013 GPSR compliance. So here comes the required legal mumbo jumbo for selling stuff in the EU \u2013 GPSR compliance edition<\/strong><\/p>\n<ul>\n<li><strong>Ik\u00e4rajoitus:<\/strong> Vain aikuisille<br \/>\n<strong>EU warranty:<\/strong> 2 vuotta<br \/>\n<strong>Other compliance bits:<\/strong> T\u00e4ytt\u00e4\u00e4 lyijy- ja kadmiumpitoisuuksien raja-arvot.<\/li>\n<li>Yleisen tuoteturvallisuusasetuksen (GPSR) mukaisesti Turku Fan Club \/ Asiakas on Kuningas Oy varmistaa, ett\u00e4 kaikki kuluttajille tarjottavat tuotteet ovat turvallisia ja t\u00e4ytt\u00e4v\u00e4t EU-standardit. Kaikissa tuoteturvallisuuteen liittyviss\u00e4 kysymyksiss\u00e4 tai huolenaiheissa voit ottaa meihin yhteytt\u00e4 s\u00e4hk\u00f6postitse osoitteessa <a rel=\"noopener\">aura@turkufanclub.com<\/a> tai kirjoittaa meille osoitteeseen Suomen Turku.<\/li>\n<\/ul>","protected":false},"excerpt":{"rendered":"<p>T\u00e4ss\u00e4 mukissa Turku seisoo komiasti \u2013 kahdesti! &#8221;Turku Finland&#8221; -painatus molemmin puolin varmistaa, ett\u00e4 jokainen kahvihetki on yht\u00e4 turkulainen kuin kaupunki itse.<\/p>","protected":false},"featured_media":5698,"comment_status":"open","ping_status":"closed","template":"","meta":{"site-sidebar-layout":"default","site-content-layout":"","ast-site-content-layout":"default","site-content-style":"default","site-sidebar-style":"default","ast-global-header-display":"","ast-banner-title-visibility":"","ast-main-header-display":"","ast-hfb-above-header-display":"","ast-hfb-below-header-display":"","ast-hfb-mobile-header-display":"","site-post-title":"","ast-breadcrumbs-content":"","ast-featured-img":"","footer-sml-layout":"","ast-disable-related-posts":"","theme-transparent-header-meta":"default","adv-header-id-meta":"","stick-header-meta":"","header-above-stick-meta":"","header-main-stick-meta":"","header-below-stick-meta":"","astra-migrate-meta-layouts":"set","ast-page-background-enabled":"default","ast-page-background-meta":{"desktop":{"background-color":"","background-image":"","background-repeat":"repeat","background-position":"center center","background-size":"auto","background-attachment":"scroll","background-type":"","background-media":"","overlay-type":"","overlay-color":"","overlay-opacity":"","overlay-gradient":""},"tablet":{"background-color":"","background-image":"","background-repeat":"repeat","background-position":"center center","background-size":"auto","background-attachment":"scroll","background-type":"","background-media":"","overlay-type":"","overlay-color":"","overlay-opacity":"","overlay-gradient":""},"mobile":{"background-color":"","background-image":"","background-repeat":"repeat","background-position":"center center","background-size":"auto","background-attachment":"scroll","background-type":"","background-media":"","overlay-type":"","overlay-color":"","overlay-opacity":"","overlay-gradient":""}},"ast-content-background-meta":{"desktop":{"background-color":"var(--ast-global-color-5)","background-image":"","background-repeat":"repeat","background-position":"center center","background-size":"auto","background-attachment":"scroll","background-type":"","background-media":"","overlay-type":"","overlay-color":"","overlay-opacity":"","overlay-gradient":""},"tablet":{"background-color":"var(--ast-global-color-5)","background-image":"","background-repeat":"repeat","background-position":"center center","background-size":"auto","background-attachment":"scroll","background-type":"","background-media":"","overlay-type":"","overlay-color":"","overlay-opacity":"","overlay-gradient":""},"mobile":{"background-color":"var(--ast-global-color-5)","background-image":"","background-repeat":"repeat","background-position":"center center","background-size":"auto","background-attachment":"scroll","background-type":"","background-media":"","overlay-type":"","overlay-color":"","overlay-opacity":"","overlay-gradient":""}}},"product_brand":[],"product_cat":[73],"product_tag":[],"class_list":{"0":"post-5697","1":"product","2":"type-product","3":"status-publish","4":"has-post-thumbnail","6":"product_cat-mukit","7":"desktop-align-left","8":"tablet-align-left","9":"mobile-align-left","11":"first","12":"instock","13":"taxable","14":"shipping-taxable","15":"purchasable","16":"product-type-simple"},"_links":{"self":[{"href":"https:\/\/turkufanclub.com\/en\/wp-json\/wp\/v2\/product\/5697","targetHints":{"allow":["GET"]}}],"collection":[{"href":"https:\/\/turkufanclub.com\/en\/wp-json\/wp\/v2\/product"}],"about":[{"href":"https:\/\/turkufanclub.com\/en\/wp-json\/wp\/v2\/types\/product"}],"replies":[{"embeddable":true,"href":"https:\/\/turkufanclub.com\/en\/wp-json\/wp\/v2\/comments?post=5697"}],"version-history":[{"count":5,"href":"https:\/\/turkufanclub.com\/en\/wp-json\/wp\/v2\/product\/5697\/revisions"}],"predecessor-version":[{"id":5708,"href":"https:\/\/turkufanclub.com\/en\/wp-json\/wp\/v2\/product\/5697\/revisions\/5708"}],"wp:featuredmedia":[{"embeddable":true,"href":"https:\/\/turkufanclub.com\/en\/wp-json\/wp\/v2\/media\/5698"}],"wp:attachment":[{"href":"https:\/\/turkufanclub.com\/en\/wp-json\/wp\/v2\/media?parent=5697"}],"wp:term":[{"taxonomy":"product_brand","embeddable":true,"href":"https:\/\/turkufanclub.com\/en\/wp-json\/wp\/v2\/product_brand?post=5697"},{"taxonomy":"product_cat","embeddable":true,"href":"https:\/\/turkufanclub.com\/en\/wp-json\/wp\/v2\/product_cat?post=5697"},{"taxonomy":"product_tag","embeddable":true,"href":"https:\/\/turkufanclub.com\/en\/wp-json\/wp\/v2\/product_tag?post=5697"}],"curies":[{"name":"wp","href":"https:\/\/api.w.org\/{rel}","templated":true}]}}