{"id":5704,"date":"2025-02-05T07:13:24","date_gmt":"2025-02-05T05:13:24","guid":{"rendered":"https:\/\/turkufanclub.com\/tuote\/muki-abo-finland\/"},"modified":"2025-02-19T06:38:07","modified_gmt":"2025-02-19T04:38:07","slug":"muki-abo-finland","status":"publish","type":"product","link":"https:\/\/turkufanclub.com\/en\/product\/muki-abo-finland\/","title":{"rendered":"Muki \u2013 \u00c5bo Finland"},"content":{"rendered":"<p>Meid\u00e4n oma \u00c5bo! T\u00e4m\u00e4 muki yhdist\u00e4\u00e4 kansainv\u00e4lisyytt\u00e4 ja Turunseutu-rakkautta yht\u00e4 tyylikk\u00e4\u00e4sti kuin Kakolanm\u00e4ki ja Funikulaari! &#8221;\u00c5bo Finland&#8221; seisoo komiasti molemmilla puolilla, joten voit nauttia kahvisi rennosti \u2013 oli k\u00e4dess\u00e4si sitten pulla tai piispanmunkki.<\/p>\n<p><strong>Ominaisuudet:<\/strong><\/p>\n<ul>\n<li>Keraaminen mestariteos \u2013 Kest\u00e4\u00e4 aikaa paremmin kuin turkulainen itsep\u00e4isyys.<\/li>\n<li>Mitat: 9,8 cm korkea, 8,5 cm halkaisijaltaan \u2013 tilavuus t\u00e4ydellinen sek\u00e4 kahville ett\u00e4 mielenkiintoisille keskusteluille Turun historiasta.<\/li>\n<li>Konepesun ja mikron kest\u00e4v\u00e4. Eli kuin perinteinen Turun murre, t\u00e4m\u00e4 muki kest\u00e4\u00e4 k\u00e4sittely\u00e4.<\/li>\n<\/ul>\n<p>P\u00e4ivit\u00e4 kahvihetkesi ja julista Turun kaksikielisyyden ilosanomaa yhdell\u00e4 huikalla!<\/p>\n<p>T\u00e4m\u00e4 tuote valmistetaan erityisesti sinulle heti tilauksesi j\u00e4lkeen, mink\u00e4 vuoksi toimitus kest\u00e4\u00e4 ihan hieman pidemp\u00e4\u00e4n. Tuotteiden valmistaminen vasta tilauksen j\u00e4lkeen massatuotannon sijaan auttaa v\u00e4hent\u00e4m\u00e4\u00e4n ylituotantoa. Turun luontokin kiitt\u00e4\u00e4!<\/p>","protected":false},"excerpt":{"rendered":"<p>Meid\u00e4n oma \u00c5bo? T\u00e4m\u00e4 kest\u00e4v\u00e4 ja tyylik\u00e4s muki tuo kahvihetkiisi ripauksen turkulaisuutta \u2013 sopii konepesuun, mikroon ja tietenkin my\u00f6s piispanmunkin kaveriksi!<\/p>","protected":false},"featured_media":5705,"comment_status":"open","ping_status":"closed","template":"","meta":{"site-sidebar-layout":"default","site-content-layout":"","ast-site-content-layout":"default","site-content-style":"default","site-sidebar-style":"default","ast-global-header-display":"","ast-banner-title-visibility":"","ast-main-header-display":"","ast-hfb-above-header-display":"","ast-hfb-below-header-display":"","ast-hfb-mobile-header-display":"","site-post-title":"","ast-breadcrumbs-content":"","ast-featured-img":"","footer-sml-layout":"","ast-disable-related-posts":"","theme-transparent-header-meta":"default","adv-header-id-meta":"","stick-header-meta":"","header-above-stick-meta":"","header-main-stick-meta":"","header-below-stick-meta":"","astra-migrate-meta-layouts":"set","ast-page-background-enabled":"default","ast-page-background-meta":{"desktop":{"background-color":"","background-image":"","background-repeat":"repeat","background-position":"center center","background-size":"auto","background-attachment":"scroll","background-type":"","background-media":"","overlay-type":"","overlay-color":"","overlay-opacity":"","overlay-gradient":""},"tablet":{"background-color":"","background-image":"","background-repeat":"repeat","background-position":"center center","background-size":"auto","background-attachment":"scroll","background-type":"","background-media":"","overlay-type":"","overlay-color":"","overlay-opacity":"","overlay-gradient":""},"mobile":{"background-color":"","background-image":"","background-repeat":"repeat","background-position":"center center","background-size":"auto","background-attachment":"scroll","background-type":"","background-media":"","overlay-type":"","overlay-color":"","overlay-opacity":"","overlay-gradient":""}},"ast-content-background-meta":{"desktop":{"background-color":"var(--ast-global-color-5)","background-image":"","background-repeat":"repeat","background-position":"center center","background-size":"auto","background-attachment":"scroll","background-type":"","background-media":"","overlay-type":"","overlay-color":"","overlay-opacity":"","overlay-gradient":""},"tablet":{"background-color":"var(--ast-global-color-5)","background-image":"","background-repeat":"repeat","background-position":"center center","background-size":"auto","background-attachment":"scroll","background-type":"","background-media":"","overlay-type":"","overlay-color":"","overlay-opacity":"","overlay-gradient":""},"mobile":{"background-color":"var(--ast-global-color-5)","background-image":"","background-repeat":"repeat","background-position":"center center","background-size":"auto","background-attachment":"scroll","background-type":"","background-media":"","overlay-type":"","overlay-color":"","overlay-opacity":"","overlay-gradient":""}}},"product_brand":[],"product_cat":[73],"product_tag":[],"class_list":{"0":"post-5704","1":"product","2":"type-product","3":"status-publish","4":"has-post-thumbnail","6":"product_cat-mukit","7":"desktop-align-left","8":"tablet-align-left","9":"mobile-align-left","11":"first","12":"instock","13":"taxable","14":"shipping-taxable","15":"purchasable","16":"product-type-simple"},"_links":{"self":[{"href":"https:\/\/turkufanclub.com\/en\/wp-json\/wp\/v2\/product\/5704","targetHints":{"allow":["GET"]}}],"collection":[{"href":"https:\/\/turkufanclub.com\/en\/wp-json\/wp\/v2\/product"}],"about":[{"href":"https:\/\/turkufanclub.com\/en\/wp-json\/wp\/v2\/types\/product"}],"replies":[{"embeddable":true,"href":"https:\/\/turkufanclub.com\/en\/wp-json\/wp\/v2\/comments?post=5704"}],"version-history":[{"count":3,"href":"https:\/\/turkufanclub.com\/en\/wp-json\/wp\/v2\/product\/5704\/revisions"}],"predecessor-version":[{"id":6265,"href":"https:\/\/turkufanclub.com\/en\/wp-json\/wp\/v2\/product\/5704\/revisions\/6265"}],"wp:featuredmedia":[{"embeddable":true,"href":"https:\/\/turkufanclub.com\/en\/wp-json\/wp\/v2\/media\/5705"}],"wp:attachment":[{"href":"https:\/\/turkufanclub.com\/en\/wp-json\/wp\/v2\/media?parent=5704"}],"wp:term":[{"taxonomy":"product_brand","embeddable":true,"href":"https:\/\/turkufanclub.com\/en\/wp-json\/wp\/v2\/product_brand?post=5704"},{"taxonomy":"product_cat","embeddable":true,"href":"https:\/\/turkufanclub.com\/en\/wp-json\/wp\/v2\/product_cat?post=5704"},{"taxonomy":"product_tag","embeddable":true,"href":"https:\/\/turkufanclub.com\/en\/wp-json\/wp\/v2\/product_tag?post=5704"}],"curies":[{"name":"wp","href":"https:\/\/api.w.org\/{rel}","templated":true}]}}