{"id":5711,"date":"2025-02-05T17:37:29","date_gmt":"2025-02-05T15:37:29","guid":{"rendered":"https:\/\/turkufanclub.com\/tuote\/miesten-t-paita-turku-finland\/"},"modified":"2025-09-21T07:29:07","modified_gmt":"2025-09-21T04:29:07","slug":"miesten-t-paita-turku-finland","status":"publish","type":"product","link":"https:\/\/turkufanclub.com\/en\/product\/miesten-t-paita-turku-finland\/","title":{"rendered":"Men's T-Shirt \u2013 Turku Finland"},"content":{"rendered":"<p>Turku Finland seisoo t\u00e4ss\u00e4 paidassa yht\u00e4 komiasti kuin Tuomiokirkko Aurajoen rannalla \u2013 ja viel\u00e4p\u00e4 rinnan kohdalla, l\u00e4hell\u00e4 syd\u00e4nt\u00e4. T\u00e4m\u00e4 paita on t\u00e4ydellinen valinta turkulaisille ja Turun salaisesta p\u00e4\u00e4kaupunkiasemasta haaveileville, olitpa sitten torikahveilla tai F\u00f6ri-ajelulla.<\/p>\n<p><strong>Ominaisuudet:<\/strong><\/p>\n<ul>\n<li>100 % luomupuuvillaa \u2013 Pehme\u00e4mpi kuin ensilumi Vartiovuorella.<\/li>\n<li>Keskipaksu kangas (180 g\/m\u00b2) \u2013 Ei liian ohut, ei liian paksu \u2013 just sopiva!<\/li>\n<li>Rento, mutta tyylik\u00e4s istuvuus \u2013 Ei purista, ei kirist\u00e4, ja sopii niin Kupittaan puistoon kuin Kaskenm\u00e4en kapuamiseen.<\/li>\n<li>Viimeistellyt helmat ja py\u00f6re\u00e4 p\u00e4\u00e4ntie \u2013 Klassinen lookki, joka kest\u00e4\u00e4 aikaa paremmin kuin toriparkin rakennusaikataulu.<\/li>\n<li>Ekologinen valinta \u2013 T\u00e4m\u00e4 paita s\u00e4\u00e4st\u00e4\u00e4 sek\u00e4 maailmaa ett\u00e4 turkulaisia hermoja.<\/li>\n<\/ul>\n<p>Ved\u00e4 t\u00e4m\u00e4 paita p\u00e4\u00e4lle ja kanna Turun nime\u00e4 ylpeydell\u00e4 \u2013 koska loppujen lopuksi, mik\u00e4 muu kaupunki olisi yht\u00e4 mainitsemisen arvoinen?<\/p>\n<p>T\u00e4m\u00e4 tuote valmistetaan erityisesti sinulle heti tilauksesi j\u00e4lkeen, mink\u00e4 vuoksi toimitus saattaa kest\u00e4\u00e4 hieman pidemp\u00e4\u00e4n. Tuotteiden valmistaminen tilauksesta massatuotannon sijaan auttaa v\u00e4hent\u00e4m\u00e4\u00e4n ylituotantoa, joten kiitos, ett\u00e4 teet harkittuja ostop\u00e4\u00e4t\u00f6ksi\u00e4!<\/p>","protected":false},"excerpt":{"rendered":"<p>T\u00e4ss\u00e4 paidassa Turku kulkee syd\u00e4mesi p\u00e4\u00e4ll\u00e4 \u2013 ja kaikkien muiden silmien edess\u00e4. Yksinkertaisen tyylik\u00e4s ja mukava valinta jokaiselle Turun yst\u00e4v\u00e4lle.<\/p>","protected":false},"featured_media":5778,"comment_status":"open","ping_status":"closed","template":"","meta":{"site-sidebar-layout":"default","site-content-layout":"","ast-site-content-layout":"default","site-content-style":"default","site-sidebar-style":"default","ast-global-header-display":"","ast-banner-title-visibility":"","ast-main-header-display":"","ast-hfb-above-header-display":"","ast-hfb-below-header-display":"","ast-hfb-mobile-header-display":"","site-post-title":"","ast-breadcrumbs-content":"","ast-featured-img":"","footer-sml-layout":"","ast-disable-related-posts":"","theme-transparent-header-meta":"default","adv-header-id-meta":"","stick-header-meta":"","header-above-stick-meta":"","header-main-stick-meta":"","header-below-stick-meta":"","astra-migrate-meta-layouts":"set","ast-page-background-enabled":"default","ast-page-background-meta":{"desktop":{"background-color":"","background-image":"","background-repeat":"repeat","background-position":"center center","background-size":"auto","background-attachment":"scroll","background-type":"","background-media":"","overlay-type":"","overlay-color":"","overlay-opacity":"","overlay-gradient":""},"tablet":{"background-color":"","background-image":"","background-repeat":"repeat","background-position":"center center","background-size":"auto","background-attachment":"scroll","background-type":"","background-media":"","overlay-type":"","overlay-color":"","overlay-opacity":"","overlay-gradient":""},"mobile":{"background-color":"","background-image":"","background-repeat":"repeat","background-position":"center center","background-size":"auto","background-attachment":"scroll","background-type":"","background-media":"","overlay-type":"","overlay-color":"","overlay-opacity":"","overlay-gradient":""}},"ast-content-background-meta":{"desktop":{"background-color":"var(--ast-global-color-5)","background-image":"","background-repeat":"repeat","background-position":"center center","background-size":"auto","background-attachment":"scroll","background-type":"","background-media":"","overlay-type":"","overlay-color":"","overlay-opacity":"","overlay-gradient":""},"tablet":{"background-color":"var(--ast-global-color-5)","background-image":"","background-repeat":"repeat","background-position":"center center","background-size":"auto","background-attachment":"scroll","background-type":"","background-media":"","overlay-type":"","overlay-color":"","overlay-opacity":"","overlay-gradient":""},"mobile":{"background-color":"var(--ast-global-color-5)","background-image":"","background-repeat":"repeat","background-position":"center center","background-size":"auto","background-attachment":"scroll","background-type":"","background-media":"","overlay-type":"","overlay-color":"","overlay-opacity":"","overlay-gradient":""}}},"product_brand":[],"product_cat":[126,217,60],"product_tag":[235,234],"class_list":{"0":"post-5711","1":"product","2":"type-product","3":"status-publish","4":"has-post-thumbnail","6":"product_cat-miesten","7":"product_cat-miesten-t-paidat","8":"product_cat-t-paidat","9":"product_tag-turku-paita","10":"product_tag-turku-t-paita","11":"desktop-align-left","12":"tablet-align-left","13":"mobile-align-left","15":"first","16":"instock","17":"taxable","18":"shipping-taxable","19":"purchasable","20":"product-type-variable"},"_links":{"self":[{"href":"https:\/\/turkufanclub.com\/en\/wp-json\/wp\/v2\/product\/5711","targetHints":{"allow":["GET"]}}],"collection":[{"href":"https:\/\/turkufanclub.com\/en\/wp-json\/wp\/v2\/product"}],"about":[{"href":"https:\/\/turkufanclub.com\/en\/wp-json\/wp\/v2\/types\/product"}],"replies":[{"embeddable":true,"href":"https:\/\/turkufanclub.com\/en\/wp-json\/wp\/v2\/comments?post=5711"}],"version-history":[{"count":4,"href":"https:\/\/turkufanclub.com\/en\/wp-json\/wp\/v2\/product\/5711\/revisions"}],"predecessor-version":[{"id":5927,"href":"https:\/\/turkufanclub.com\/en\/wp-json\/wp\/v2\/product\/5711\/revisions\/5927"}],"wp:featuredmedia":[{"embeddable":true,"href":"https:\/\/turkufanclub.com\/en\/wp-json\/wp\/v2\/media\/5778"}],"wp:attachment":[{"href":"https:\/\/turkufanclub.com\/en\/wp-json\/wp\/v2\/media?parent=5711"}],"wp:term":[{"taxonomy":"product_brand","embeddable":true,"href":"https:\/\/turkufanclub.com\/en\/wp-json\/wp\/v2\/product_brand?post=5711"},{"taxonomy":"product_cat","embeddable":true,"href":"https:\/\/turkufanclub.com\/en\/wp-json\/wp\/v2\/product_cat?post=5711"},{"taxonomy":"product_tag","embeddable":true,"href":"https:\/\/turkufanclub.com\/en\/wp-json\/wp\/v2\/product_tag?post=5711"}],"curies":[{"name":"wp","href":"https:\/\/api.w.org\/{rel}","templated":true}]}}