{"id":6261,"date":"2025-02-19T06:37:32","date_gmt":"2025-02-19T04:37:32","guid":{"rendered":"https:\/\/turkufanclub.com\/tuote\/muki-heidekenilt\/"},"modified":"2025-06-12T08:34:20","modified_gmt":"2025-06-12T05:34:20","slug":"muki-heidekenilt","status":"publish","type":"product","link":"https:\/\/turkufanclub.com\/en\/product\/muki-heidekenilt\/","title":{"rendered":"Muki &#8211; Heidekenilt"},"content":{"rendered":"<p>Ai Heidekenilt?! T\u00e4m\u00e4 muki ei ole mik\u00e4 tahansa kahvikuppi \u2013 t\u00e4m\u00e4 on heidekenil\u00e4isten aamurutiinien kruunu! Oli juomasi sitten kahvi, tee tai jotain vahvempaa (ei me tuomita), t\u00e4m\u00e4 muki pit\u00e4\u00e4 huolen, ett\u00e4 nautinto on t\u00e4ydellist\u00e4. Juo joen liplattaessa aamuauringossa tai h\u00f6rpp\u00e4\u00e4 y\u00f6my\u00f6h\u00e4\u00e4n \u2013 Heidekenilt\u00e4 syntynyt tiet\u00e4\u00e4, ett\u00e4 kaffetta ja teet\u00e4 voi juoda mihin kellonaikaan tahansa!<\/p>\n<p><strong>Ominaisuudet:<\/strong><\/p>\n<ul>\n<li>Keraaminen \u2013 laadukas kuten Heidekenill\u00e4 tehdyt turkulaiset ansaitsevatkin<\/li>\n<li>Vet\u00e4\u00e4 3,85 dl valitsemaasi nautintoainetta \u2013 sopiva ainakin aamukaffelle<\/li>\n<li>Korkeus 9,8 cm korkea<\/li>\n<li>Mikron ja tiskikoneen kest\u00e4v\u00e4<\/li>\n<\/ul>\n<p>&nbsp;<\/p>\n<p>Tilaustuote: Mukisi valmistetaan juuri sinulle \u2013 massatuotanto on muille, heidekenil\u00e4iset ansaitsevat yksil\u00f6llisyytt\u00e4!<\/p>","protected":false},"excerpt":{"rendered":"<p data-start=\"932\" data-end=\"1114\">Heidekenilt\u00e4 l\u00e4ht\u00f6isin oleva ansaitsee ihan oman mukinsa! T\u00e4ll\u00e4 valkoisella kaffemukilla nautit el\u00e4m\u00e4si h\u00f6rpyt, aamusta y\u00f6my\u00f6h\u00e4\u00e4n. Kest\u00e4v\u00e4, tyylik\u00e4s ja turkulainen \u2013 aivan kuten sin\u00e4kin.<\/p>\n<h3 data-start=\"1116\" data-end=\"1142\"><\/h3>","protected":false},"featured_media":6262,"comment_status":"open","ping_status":"closed","template":"","meta":{"site-sidebar-layout":"default","site-content-layout":"","ast-site-content-layout":"default","site-content-style":"default","site-sidebar-style":"default","ast-global-header-display":"","ast-banner-title-visibility":"","ast-main-header-display":"","ast-hfb-above-header-display":"","ast-hfb-below-header-display":"","ast-hfb-mobile-header-display":"","site-post-title":"","ast-breadcrumbs-content":"","ast-featured-img":"","footer-sml-layout":"","ast-disable-related-posts":"","theme-transparent-header-meta":"default","adv-header-id-meta":"","stick-header-meta":"","header-above-stick-meta":"","header-main-stick-meta":"","header-below-stick-meta":"","astra-migrate-meta-layouts":"set","ast-page-background-enabled":"default","ast-page-background-meta":{"desktop":{"background-color":"","background-image":"","background-repeat":"repeat","background-position":"center center","background-size":"auto","background-attachment":"scroll","background-type":"","background-media":"","overlay-type":"","overlay-color":"","overlay-opacity":"","overlay-gradient":""},"tablet":{"background-color":"","background-image":"","background-repeat":"repeat","background-position":"center center","background-size":"auto","background-attachment":"scroll","background-type":"","background-media":"","overlay-type":"","overlay-color":"","overlay-opacity":"","overlay-gradient":""},"mobile":{"background-color":"","background-image":"","background-repeat":"repeat","background-position":"center center","background-size":"auto","background-attachment":"scroll","background-type":"","background-media":"","overlay-type":"","overlay-color":"","overlay-opacity":"","overlay-gradient":""}},"ast-content-background-meta":{"desktop":{"background-color":"var(--ast-global-color-5)","background-image":"","background-repeat":"repeat","background-position":"center center","background-size":"auto","background-attachment":"scroll","background-type":"","background-media":"","overlay-type":"","overlay-color":"","overlay-opacity":"","overlay-gradient":""},"tablet":{"background-color":"var(--ast-global-color-5)","background-image":"","background-repeat":"repeat","background-position":"center center","background-size":"auto","background-attachment":"scroll","background-type":"","background-media":"","overlay-type":"","overlay-color":"","overlay-opacity":"","overlay-gradient":""},"mobile":{"background-color":"var(--ast-global-color-5)","background-image":"","background-repeat":"repeat","background-position":"center center","background-size":"auto","background-attachment":"scroll","background-type":"","background-media":"","overlay-type":"","overlay-color":"","overlay-opacity":"","overlay-gradient":""}}},"product_brand":[],"product_cat":[73],"product_tag":[157],"class_list":{"0":"post-6261","1":"product","2":"type-product","3":"status-publish","4":"has-post-thumbnail","6":"product_cat-mukit","7":"product_tag-heidekenilt","8":"desktop-align-left","9":"tablet-align-left","10":"mobile-align-left","12":"first","13":"instock","14":"taxable","15":"shipping-taxable","16":"purchasable","17":"product-type-simple"},"_links":{"self":[{"href":"https:\/\/turkufanclub.com\/en\/wp-json\/wp\/v2\/product\/6261","targetHints":{"allow":["GET"]}}],"collection":[{"href":"https:\/\/turkufanclub.com\/en\/wp-json\/wp\/v2\/product"}],"about":[{"href":"https:\/\/turkufanclub.com\/en\/wp-json\/wp\/v2\/types\/product"}],"replies":[{"embeddable":true,"href":"https:\/\/turkufanclub.com\/en\/wp-json\/wp\/v2\/comments?post=6261"}],"version-history":[{"count":3,"href":"https:\/\/turkufanclub.com\/en\/wp-json\/wp\/v2\/product\/6261\/revisions"}],"predecessor-version":[{"id":6267,"href":"https:\/\/turkufanclub.com\/en\/wp-json\/wp\/v2\/product\/6261\/revisions\/6267"}],"wp:featuredmedia":[{"embeddable":true,"href":"https:\/\/turkufanclub.com\/en\/wp-json\/wp\/v2\/media\/6262"}],"wp:attachment":[{"href":"https:\/\/turkufanclub.com\/en\/wp-json\/wp\/v2\/media?parent=6261"}],"wp:term":[{"taxonomy":"product_brand","embeddable":true,"href":"https:\/\/turkufanclub.com\/en\/wp-json\/wp\/v2\/product_brand?post=6261"},{"taxonomy":"product_cat","embeddable":true,"href":"https:\/\/turkufanclub.com\/en\/wp-json\/wp\/v2\/product_cat?post=6261"},{"taxonomy":"product_tag","embeddable":true,"href":"https:\/\/turkufanclub.com\/en\/wp-json\/wp\/v2\/product_tag?post=6261"}],"curies":[{"name":"wp","href":"https:\/\/api.w.org\/{rel}","templated":true}]}}