{"id":6690,"date":"2025-04-18T08:01:06","date_gmt":"2025-04-18T05:01:06","guid":{"rendered":"https:\/\/turkufanclub.com\/tuote\/muki-the-piispanmunkki-there-can-be-only-one\/"},"modified":"2025-07-23T09:44:46","modified_gmt":"2025-07-23T06:44:46","slug":"muki-the-piispanmunkki-there-can-be-only-one","status":"publish","type":"product","link":"https:\/\/turkufanclub.com\/en\/product\/muki-the-piispanmunkki-there-can-be-only-one\/","title":{"rendered":"Muki &#8211; The Piispanmunkki &#8211; There can be only one"},"content":{"rendered":"<p>Nyt voit nauttia kaffes kunnolla,\u00a0 suoraan mukista, joka on enemm\u00e4n kuin pelkk\u00e4 astia. Se on kannanotto. T\u00e4m\u00e4n mukin molemmin puolin komeilee selke\u00e4 viesti: piispanmunkki on ainoa oikea, kaikki muu on harhaoppia. Olitpa sitten aamulla sumppik\u00e4dess\u00e4 tai iltap\u00e4iv\u00e4ll\u00e4 teekuppi tanassa, t\u00e4m\u00e4 muki muistuttaa, ett\u00e4 el\u00e4m\u00e4ss\u00e4 on totuuksia, ja yksi niist\u00e4 on pinkki.<\/p>\n<p>Turku Fan Club seisoo ylpe\u00e4n\u00e4 munkkilinnoituksen muurilla, valppaana kuin hillosilm\u00e4. Muki on julistus, rakkaudenosoitus ja puolustuspuhe yhdess\u00e4. T\u00e4t\u00e4 ei voi sekoittaa mihink\u00e4\u00e4n berliinijuttuihin. Piispanmunkki on oikea nimi, piste. Tai niin kuin mukissa sanotaan: There can be only one.<\/p>\n<ul>\n<li>Keraaminen, kest\u00e4v\u00e4 kuin munkkitaistelijan hermo<\/li>\n<li>Korkeus: noin 9,6 cm, eli sopii hyvin kaappiin, mutta viel\u00e4 paremmin k\u00e4teen<\/li>\n<li>Halkaisija: noin 8,2 cm, joten tilaa on sek\u00e4 kaffelle ett\u00e4 kunnialle<\/li>\n<li>Mikron ja tiskikoneen kest\u00e4v\u00e4, niin kuin oikean nimen puolesta seisomisenkin pit\u00e4\u00e4 olla<\/li>\n<\/ul>\n<p><strong data-start=\"874\" data-end=\"890\">Tilaustuote:\u00a0<\/strong>T\u00e4m\u00e4 tuote valmistetaan erityisesti sinulle tilauksesi j\u00e4lkeen, mink\u00e4 vuoksi toimitus saattaa kest\u00e4\u00e4 hieman pidemp\u00e4\u00e4n. Saat juuri sinulle tehdyn mukin,\u00a0 ilman massatuotannon turhuuksia.<\/p>","protected":false},"excerpt":{"rendered":"<article class=\"text-token-text-primary w-full\" dir=\"auto\" data-testid=\"conversation-turn-126\" data-scroll-anchor=\"true\">\n<div class=\"text-base my-auto mx-auto py-5 [--thread-content-margin:--spacing(4)] @[37rem]:[--thread-content-margin:--spacing(6)] @[70rem]:[--thread-content-margin:--spacing(12)] px-(--thread-content-margin)\">\n<div class=\"[--thread-content-max-width:32rem] @[34rem]:[--thread-content-max-width:40rem] @[64rem]:[--thread-content-max-width:48rem] mx-auto flex max-w-(--thread-content-max-width) flex-1 text-base gap-4 md:gap-5 lg:gap-6 group\/turn-messages focus-visible:outline-hidden\" tabindex=\"-1\">\n<div class=\"group\/conversation-turn relative flex w-full min-w-0 flex-col agent-turn\">\n<div class=\"relative flex-col gap-1 md:gap-3\">\n<div class=\"flex max-w-full flex-col grow\">\n<div class=\"min-h-8 text-message relative flex w-full flex-col items-end gap-2 text-start break-words whitespace-normal [.text-message+&amp;]:mt-5\" dir=\"auto\" data-message-author-role=\"assistant\" data-message-id=\"87c7dbce-f997-476a-b207-6379ee587620\" data-message-model-slug=\"gpt-4o\">\n<div class=\"flex w-full flex-col gap-1 empty:hidden first:pt-[3px]\">\n<div class=\"markdown prose dark:prose-invert w-full break-words light\">\n<p class=\"\" data-start=\"829\" data-end=\"1042\">T\u00e4st\u00e4 mukista ei h\u00f6rpit\u00e4 pelkk\u00e4\u00e4 kahvia, vaan totuutta. Piispanmunkin nime\u00e4 kantava kuppi on jokaisen munkkifanin aamun pelastaja. Yksi katse mukiin, ja tied\u00e4t taas mik\u00e4 on oikein. T\u00e4m\u00e4 ei ole pelkk\u00e4 muki. T\u00e4m\u00e4 on liikkeen keulakuva, p\u00f6yd\u00e4ll\u00e4.<br data-start=\"1686\" data-end=\"1689\" \/>Piispanmunkki &#8211; There can be only one.<\/p>\n<\/div>\n<\/div>\n<\/div>\n<\/div>\n<\/div>\n<\/div>\n<\/div>\n<\/div>\n<\/article>\n<div class=\"pointer-events-none h-px w-px\" aria-hidden=\"true\" data-edge=\"true\"><\/div>","protected":false},"featured_media":6691,"comment_status":"open","ping_status":"closed","template":"","meta":{"site-sidebar-layout":"default","site-content-layout":"","ast-site-content-layout":"default","site-content-style":"default","site-sidebar-style":"default","ast-global-header-display":"","ast-banner-title-visibility":"","ast-main-header-display":"","ast-hfb-above-header-display":"","ast-hfb-below-header-display":"","ast-hfb-mobile-header-display":"","site-post-title":"","ast-breadcrumbs-content":"","ast-featured-img":"","footer-sml-layout":"","ast-disable-related-posts":"","theme-transparent-header-meta":"default","adv-header-id-meta":"","stick-header-meta":"","header-above-stick-meta":"","header-main-stick-meta":"","header-below-stick-meta":"","astra-migrate-meta-layouts":"set","ast-page-background-enabled":"default","ast-page-background-meta":{"desktop":{"background-color":"","background-image":"","background-repeat":"repeat","background-position":"center center","background-size":"auto","background-attachment":"scroll","background-type":"","background-media":"","overlay-type":"","overlay-color":"","overlay-opacity":"","overlay-gradient":""},"tablet":{"background-color":"","background-image":"","background-repeat":"repeat","background-position":"center center","background-size":"auto","background-attachment":"scroll","background-type":"","background-media":"","overlay-type":"","overlay-color":"","overlay-opacity":"","overlay-gradient":""},"mobile":{"background-color":"","background-image":"","background-repeat":"repeat","background-position":"center center","background-size":"auto","background-attachment":"scroll","background-type":"","background-media":"","overlay-type":"","overlay-color":"","overlay-opacity":"","overlay-gradient":""}},"ast-content-background-meta":{"desktop":{"background-color":"var(--ast-global-color-5)","background-image":"","background-repeat":"repeat","background-position":"center center","background-size":"auto","background-attachment":"scroll","background-type":"","background-media":"","overlay-type":"","overlay-color":"","overlay-opacity":"","overlay-gradient":""},"tablet":{"background-color":"var(--ast-global-color-5)","background-image":"","background-repeat":"repeat","background-position":"center center","background-size":"auto","background-attachment":"scroll","background-type":"","background-media":"","overlay-type":"","overlay-color":"","overlay-opacity":"","overlay-gradient":""},"mobile":{"background-color":"var(--ast-global-color-5)","background-image":"","background-repeat":"repeat","background-position":"center center","background-size":"auto","background-attachment":"scroll","background-type":"","background-media":"","overlay-type":"","overlay-color":"","overlay-opacity":"","overlay-gradient":""}}},"product_brand":[],"product_cat":[151,73],"product_tag":[152],"class_list":{"0":"post-6690","1":"product","2":"type-product","3":"status-publish","4":"has-post-thumbnail","6":"product_cat-piispanmunkki","7":"product_cat-mukit","8":"product_tag-piispanmunkki","9":"desktop-align-left","10":"tablet-align-left","11":"mobile-align-left","13":"first","14":"instock","15":"taxable","16":"shipping-taxable","17":"purchasable","18":"product-type-simple"},"_links":{"self":[{"href":"https:\/\/turkufanclub.com\/en\/wp-json\/wp\/v2\/product\/6690","targetHints":{"allow":["GET"]}}],"collection":[{"href":"https:\/\/turkufanclub.com\/en\/wp-json\/wp\/v2\/product"}],"about":[{"href":"https:\/\/turkufanclub.com\/en\/wp-json\/wp\/v2\/types\/product"}],"replies":[{"embeddable":true,"href":"https:\/\/turkufanclub.com\/en\/wp-json\/wp\/v2\/comments?post=6690"}],"version-history":[{"count":4,"href":"https:\/\/turkufanclub.com\/en\/wp-json\/wp\/v2\/product\/6690\/revisions"}],"predecessor-version":[{"id":7725,"href":"https:\/\/turkufanclub.com\/en\/wp-json\/wp\/v2\/product\/6690\/revisions\/7725"}],"wp:featuredmedia":[{"embeddable":true,"href":"https:\/\/turkufanclub.com\/en\/wp-json\/wp\/v2\/media\/6691"}],"wp:attachment":[{"href":"https:\/\/turkufanclub.com\/en\/wp-json\/wp\/v2\/media?parent=6690"}],"wp:term":[{"taxonomy":"product_brand","embeddable":true,"href":"https:\/\/turkufanclub.com\/en\/wp-json\/wp\/v2\/product_brand?post=6690"},{"taxonomy":"product_cat","embeddable":true,"href":"https:\/\/turkufanclub.com\/en\/wp-json\/wp\/v2\/product_cat?post=6690"},{"taxonomy":"product_tag","embeddable":true,"href":"https:\/\/turkufanclub.com\/en\/wp-json\/wp\/v2\/product_tag?post=6690"}],"curies":[{"name":"wp","href":"https:\/\/api.w.org\/{rel}","templated":true}]}}