{"id":6901,"date":"2025-06-11T18:39:34","date_gmt":"2025-06-11T15:39:34","guid":{"rendered":"https:\/\/turkufanclub.com\/tuote\/esiliina-tal-pual-vai-tois-pual-shakespeares-hamlet\/"},"modified":"2025-07-19T09:34:21","modified_gmt":"2025-07-19T06:34:21","slug":"esiliina-tal-pual-vai-tois-pual-shakespeares-hamlet","status":"publish","type":"product","link":"https:\/\/turkufanclub.com\/en\/product\/esiliina-tal-pual-vai-tois-pual-shakespeares-hamlet\/","title":{"rendered":"Esiliina &#8211; T\u00e4l pual vai tois pual &#8211; Shakespeare&#8217;s Hamlet"},"content":{"rendered":"<p>T\u00e4l pual vai tois pual? Se ei oo vaan Turun ikuinen kysymys, vaan nyt my\u00f6s keitti\u00f6filosofin tyylik\u00e4s dilemman ydin. T\u00e4ss\u00e4 esiliinassa yhdistyv\u00e4t siis Shakespearen klassinen tragedia ja turkulainen keitti\u00f6realismi: p\u00e4\u00e4kallo k\u00e4dess\u00e4 ei t\u00e4ll\u00e4 kertaa mietit\u00e4 kuolemaa vaan, ett\u00e4 tuliko niist\u00e4 vastatehdyist\u00e4 piispamunkeista t\u00e4ll\u00e4kin kertaa liian herkullisia.<\/p>\n<p>100 % luomupuuvillasta valmistettu, s\u00e4\u00e4dett\u00e4vill\u00e4 vy\u00f6t\u00e4r\u00f6hihnoilla ja k\u00e4tev\u00e4ll\u00e4 kaksiosaisella taskulla varustettu esiliina kest\u00e4\u00e4 sek\u00e4 ky\u00f6kkisodat ett\u00e4 arjen syvimm\u00e4t pohdinnat. Olit sitten t\u00e4l pual tai tois pual, yks on varma: t\u00e4ll\u00e4 esiliinalla olet aina keskell\u00e4 n\u00e4ytt\u00e4m\u00f6\u00e4.<\/p>\n<h3><strong>Tuoteominaisuudet<\/strong><\/h3>\n<ul>\n<li>100 % sertifioitua luomupuuvillaa (T\u00e4m\u00e4n tuotteen luomupuuvillapitoisuus on sertifioitu OCS:n (Organic Content Standard) mukaisesti.)<\/li>\n<li>Kankaan paino: 240 g\/m\u00b2. Sen verran j\u00e4m\u00e4kk\u00e4, ettei roiskeet mene l\u00e4pi, mutta ei tunnu haarniskalta<\/li>\n<li>Iso etutasku, jossa kaksi lokeroa.<\/li>\n<li>S\u00e4\u00e4dett\u00e4v\u00e4t vy\u00f6t\u00e4r\u00f6nauhat<\/li>\n<li>Valmistettu vastuullisesti Bangladeshissa<\/li>\n<\/ul>\n<h3><strong>Tilaustuote<\/strong>:<\/h3>\n<p>T\u00e4m\u00e4 tuote valmistetaan erityisesti sinulle tilauksesi j\u00e4lkeen, joten saat sen tuoreena ja rakkaudella valmistettuna kuin kokkauksesikin. T\u00e4m\u00e4n vuoksi toimitus saattaa kest\u00e4\u00e4 hieman pidemp\u00e4\u00e4n. Saat juuri sinulle tehdyn esiliinan, ilman massatuotannon turhuuksia.<\/p>\n<p>&nbsp;<\/p>\n<section class=\"related products\"><\/section>","protected":false},"excerpt":{"rendered":"<p>Turkulainen keitti\u00f6klassikko kohtaa Shakespearen eksistentiaalisen tuskan, nyt esiliinassa! Kokkaako vai eik\u00f6 kokkaa, ja jos kyll\u00e4, niin kummal pual? Siin\u00e4p\u00e5 pulma.<br data-start=\"908\" data-end=\"911\" \/>Tyylik\u00e4s ja k\u00e4yt\u00e4nn\u00f6llinen valinta, kun el\u00e4m\u00e4, ruoka tai puolien valinta menee vaikeaksi. 100 % luomua, kuten hyv\u00e4t kokkaukset ja p\u00e4\u00e4t\u00f6ksetkin.<\/p>","protected":false},"featured_media":6906,"comment_status":"open","ping_status":"closed","template":"","meta":{"site-sidebar-layout":"default","site-content-layout":"","ast-site-content-layout":"default","site-content-style":"default","site-sidebar-style":"default","ast-global-header-display":"","ast-banner-title-visibility":"","ast-main-header-display":"","ast-hfb-above-header-display":"","ast-hfb-below-header-display":"","ast-hfb-mobile-header-display":"","site-post-title":"","ast-breadcrumbs-content":"","ast-featured-img":"","footer-sml-layout":"","ast-disable-related-posts":"","theme-transparent-header-meta":"default","adv-header-id-meta":"","stick-header-meta":"","header-above-stick-meta":"","header-main-stick-meta":"","header-below-stick-meta":"","astra-migrate-meta-layouts":"set","ast-page-background-enabled":"default","ast-page-background-meta":{"desktop":{"background-color":"","background-image":"","background-repeat":"repeat","background-position":"center center","background-size":"auto","background-attachment":"scroll","background-type":"","background-media":"","overlay-type":"","overlay-color":"","overlay-opacity":"","overlay-gradient":""},"tablet":{"background-color":"","background-image":"","background-repeat":"repeat","background-position":"center center","background-size":"auto","background-attachment":"scroll","background-type":"","background-media":"","overlay-type":"","overlay-color":"","overlay-opacity":"","overlay-gradient":""},"mobile":{"background-color":"","background-image":"","background-repeat":"repeat","background-position":"center center","background-size":"auto","background-attachment":"scroll","background-type":"","background-media":"","overlay-type":"","overlay-color":"","overlay-opacity":"","overlay-gradient":""}},"ast-content-background-meta":{"desktop":{"background-color":"var(--ast-global-color-5)","background-image":"","background-repeat":"repeat","background-position":"center center","background-size":"auto","background-attachment":"scroll","background-type":"","background-media":"","overlay-type":"","overlay-color":"","overlay-opacity":"","overlay-gradient":""},"tablet":{"background-color":"var(--ast-global-color-5)","background-image":"","background-repeat":"repeat","background-position":"center center","background-size":"auto","background-attachment":"scroll","background-type":"","background-media":"","overlay-type":"","overlay-color":"","overlay-opacity":"","overlay-gradient":""},"mobile":{"background-color":"var(--ast-global-color-5)","background-image":"","background-repeat":"repeat","background-position":"center center","background-size":"auto","background-attachment":"scroll","background-type":"","background-media":"","overlay-type":"","overlay-color":"","overlay-opacity":"","overlay-gradient":""}}},"product_brand":[],"product_cat":[155,15],"product_tag":[156],"class_list":{"0":"post-6901","1":"product","2":"type-product","3":"status-publish","4":"has-post-thumbnail","6":"product_cat-esiliinat","7":"product_cat-yleinen","8":"product_tag-greatest-capital-of-them-all","9":"desktop-align-left","10":"tablet-align-left","11":"mobile-align-left","13":"first","14":"instock","15":"taxable","16":"shipping-taxable","17":"purchasable","18":"product-type-variable","19":"has-default-attributes"},"_links":{"self":[{"href":"https:\/\/turkufanclub.com\/en\/wp-json\/wp\/v2\/product\/6901","targetHints":{"allow":["GET"]}}],"collection":[{"href":"https:\/\/turkufanclub.com\/en\/wp-json\/wp\/v2\/product"}],"about":[{"href":"https:\/\/turkufanclub.com\/en\/wp-json\/wp\/v2\/types\/product"}],"replies":[{"embeddable":true,"href":"https:\/\/turkufanclub.com\/en\/wp-json\/wp\/v2\/comments?post=6901"}],"version-history":[{"count":6,"href":"https:\/\/turkufanclub.com\/en\/wp-json\/wp\/v2\/product\/6901\/revisions"}],"predecessor-version":[{"id":7690,"href":"https:\/\/turkufanclub.com\/en\/wp-json\/wp\/v2\/product\/6901\/revisions\/7690"}],"wp:featuredmedia":[{"embeddable":true,"href":"https:\/\/turkufanclub.com\/en\/wp-json\/wp\/v2\/media\/6906"}],"wp:attachment":[{"href":"https:\/\/turkufanclub.com\/en\/wp-json\/wp\/v2\/media?parent=6901"}],"wp:term":[{"taxonomy":"product_brand","embeddable":true,"href":"https:\/\/turkufanclub.com\/en\/wp-json\/wp\/v2\/product_brand?post=6901"},{"taxonomy":"product_cat","embeddable":true,"href":"https:\/\/turkufanclub.com\/en\/wp-json\/wp\/v2\/product_cat?post=6901"},{"taxonomy":"product_tag","embeddable":true,"href":"https:\/\/turkufanclub.com\/en\/wp-json\/wp\/v2\/product_tag?post=6901"}],"curies":[{"name":"wp","href":"https:\/\/api.w.org\/{rel}","templated":true}]}}