{"id":6925,"date":"2025-06-11T21:57:25","date_gmt":"2025-06-11T18:57:25","guid":{"rendered":"https:\/\/turkufanclub.com\/tuote\/esiliina-turku-greatest-capital-of-them-all-turku\/"},"modified":"2025-07-23T09:42:21","modified_gmt":"2025-07-23T06:42:21","slug":"esiliina-turku-greatest-capital-of-them-all","status":"publish","type":"product","link":"https:\/\/turkufanclub.com\/en\/product\/esiliina-turku-greatest-capital-of-them-all\/","title":{"rendered":"Esiliina &#8211; Turku &#8211; Greatest capital of them all"},"content":{"rendered":"<p>Keitti\u00f6si ansaitsee p\u00e4\u00e4kaupungin arvoisen tunnelman, ja mik\u00e4p\u00e4 muukaan se p\u00e4\u00e4kaupunki olisi kuin Turku, perustettu ennen kuin Helsinki oli edes n\u00e4enn\u00e4isesti vilkas mets\u00e4polku. T\u00e4ss\u00e4 esiliinassa komeilee ylpe\u00e4sti: <em>Greatest capital of them all \u2013 TURKU \u2013 est 1229. <\/em>Turku Fan Clubin siunaamana, tietenkin.<\/p>\n<p>Kietaise t\u00e4m\u00e4 yllesi kun haluat kokata kuninkaallisen tyylill\u00e4, olitpa sitten kastikepohjan \u00e4\u00e4rell\u00e4 tai grilliherrojen hovissa. Aurajoen varrelta maailmalle!<\/p>\n<div class=\"woocommerce-tabs wc-tabs-wrapper\">\n<h3><strong>Tuoteominaisuudet<\/strong><\/h3>\n<ul>\n<li>100 % sertifioitua luomupuuvillaa (T\u00e4m\u00e4n tuotteen luomupuuvillapitoisuus on sertifioitu OCS:n (Organic Content Standard) mukaisesti.)<\/li>\n<li>Kankaan paino: 240 g\/m\u00b2. Sen verran j\u00e4m\u00e4kk\u00e4, ettei roiskeet mene l\u00e4pi, mutta ei tunnu haarniskalta<\/li>\n<li>Iso etutasku, jossa kaksi lokeroa.<\/li>\n<li>S\u00e4\u00e4dett\u00e4v\u00e4t vy\u00f6t\u00e4r\u00f6nauhat<\/li>\n<li>Valmistettu vastuullisesti Bangladeshissa<\/li>\n<\/ul>\n<h3><strong>Tilaustuote<\/strong>:<\/h3>\n<p>T\u00e4m\u00e4 tuote valmistetaan erityisesti sinulle tilauksesi j\u00e4lkeen, joten saat sen tuoreena ja rakkaudella valmistettuna kuin kokkauksesikin. T\u00e4m\u00e4n vuoksi toimitus saattaa kest\u00e4\u00e4 hieman pidemp\u00e4\u00e4n. Saat juuri sinulle tehdyn esiliinan, ilman massatuotannon turhuuksia.<\/p>\n<\/div>","protected":false},"excerpt":{"rendered":"<p data-start=\"753\" data-end=\"962\">Turku the oikea p\u00e4\u00e4kaupunki vuodesta 1229. T\u00e4m\u00e4 luomupuuvillainen esiliina tuo keitti\u00f6\u00f6si historian havinaa ja kaupungin ylpeytt\u00e4. Suuri etutasku ja s\u00e4\u00e4dett\u00e4v\u00e4t hihnat tekev\u00e4t siit\u00e4 k\u00e4yt\u00e4nn\u00f6llisen ja tyylikk\u00e4\u00e4n.<\/p>","protected":false},"featured_media":6930,"comment_status":"open","ping_status":"closed","template":"","meta":{"site-sidebar-layout":"default","site-content-layout":"","ast-site-content-layout":"default","site-content-style":"default","site-sidebar-style":"default","ast-global-header-display":"","ast-banner-title-visibility":"","ast-main-header-display":"","ast-hfb-above-header-display":"","ast-hfb-below-header-display":"","ast-hfb-mobile-header-display":"","site-post-title":"","ast-breadcrumbs-content":"","ast-featured-img":"","footer-sml-layout":"","ast-disable-related-posts":"","theme-transparent-header-meta":"default","adv-header-id-meta":"","stick-header-meta":"","header-above-stick-meta":"","header-main-stick-meta":"","header-below-stick-meta":"","astra-migrate-meta-layouts":"set","ast-page-background-enabled":"default","ast-page-background-meta":{"desktop":{"background-color":"","background-image":"","background-repeat":"repeat","background-position":"center center","background-size":"auto","background-attachment":"scroll","background-type":"","background-media":"","overlay-type":"","overlay-color":"","overlay-opacity":"","overlay-gradient":""},"tablet":{"background-color":"","background-image":"","background-repeat":"repeat","background-position":"center center","background-size":"auto","background-attachment":"scroll","background-type":"","background-media":"","overlay-type":"","overlay-color":"","overlay-opacity":"","overlay-gradient":""},"mobile":{"background-color":"","background-image":"","background-repeat":"repeat","background-position":"center center","background-size":"auto","background-attachment":"scroll","background-type":"","background-media":"","overlay-type":"","overlay-color":"","overlay-opacity":"","overlay-gradient":""}},"ast-content-background-meta":{"desktop":{"background-color":"var(--ast-global-color-5)","background-image":"","background-repeat":"repeat","background-position":"center center","background-size":"auto","background-attachment":"scroll","background-type":"","background-media":"","overlay-type":"","overlay-color":"","overlay-opacity":"","overlay-gradient":""},"tablet":{"background-color":"var(--ast-global-color-5)","background-image":"","background-repeat":"repeat","background-position":"center center","background-size":"auto","background-attachment":"scroll","background-type":"","background-media":"","overlay-type":"","overlay-color":"","overlay-opacity":"","overlay-gradient":""},"mobile":{"background-color":"var(--ast-global-color-5)","background-image":"","background-repeat":"repeat","background-position":"center center","background-size":"auto","background-attachment":"scroll","background-type":"","background-media":"","overlay-type":"","overlay-color":"","overlay-opacity":"","overlay-gradient":""}}},"product_brand":[],"product_cat":[155],"product_tag":[156],"class_list":{"0":"post-6925","1":"product","2":"type-product","3":"status-publish","4":"has-post-thumbnail","6":"product_cat-esiliinat","7":"product_tag-greatest-capital-of-them-all","8":"desktop-align-left","9":"tablet-align-left","10":"mobile-align-left","12":"first","13":"instock","14":"taxable","15":"shipping-taxable","16":"purchasable","17":"product-type-variable"},"_links":{"self":[{"href":"https:\/\/turkufanclub.com\/en\/wp-json\/wp\/v2\/product\/6925","targetHints":{"allow":["GET"]}}],"collection":[{"href":"https:\/\/turkufanclub.com\/en\/wp-json\/wp\/v2\/product"}],"about":[{"href":"https:\/\/turkufanclub.com\/en\/wp-json\/wp\/v2\/types\/product"}],"replies":[{"embeddable":true,"href":"https:\/\/turkufanclub.com\/en\/wp-json\/wp\/v2\/comments?post=6925"}],"version-history":[{"count":7,"href":"https:\/\/turkufanclub.com\/en\/wp-json\/wp\/v2\/product\/6925\/revisions"}],"predecessor-version":[{"id":7723,"href":"https:\/\/turkufanclub.com\/en\/wp-json\/wp\/v2\/product\/6925\/revisions\/7723"}],"wp:featuredmedia":[{"embeddable":true,"href":"https:\/\/turkufanclub.com\/en\/wp-json\/wp\/v2\/media\/6930"}],"wp:attachment":[{"href":"https:\/\/turkufanclub.com\/en\/wp-json\/wp\/v2\/media?parent=6925"}],"wp:term":[{"taxonomy":"product_brand","embeddable":true,"href":"https:\/\/turkufanclub.com\/en\/wp-json\/wp\/v2\/product_brand?post=6925"},{"taxonomy":"product_cat","embeddable":true,"href":"https:\/\/turkufanclub.com\/en\/wp-json\/wp\/v2\/product_cat?post=6925"},{"taxonomy":"product_tag","embeddable":true,"href":"https:\/\/turkufanclub.com\/en\/wp-json\/wp\/v2\/product_tag?post=6925"}],"curies":[{"name":"wp","href":"https:\/\/api.w.org\/{rel}","templated":true}]}}