{"id":6952,"date":"2025-06-11T22:15:56","date_gmt":"2025-06-11T19:15:56","guid":{"rendered":"https:\/\/turkufanclub.com\/tuote\/esiliina-heidekenilt\/"},"modified":"2025-07-19T09:33:53","modified_gmt":"2025-07-19T06:33:53","slug":"esiliina-heidekenilt","status":"publish","type":"product","link":"https:\/\/turkufanclub.com\/en\/product\/esiliina-heidekenilt\/","title":{"rendered":"Esiliina &#8211; Heidekenilt"},"content":{"rendered":"<p>Heidekenilt. Siit l\u00e4htien on oltu huipputasoa, my\u00f6s keitti\u00f6ss\u00e4. T\u00e4m\u00e4 esiliina on kunnianosoitus kaikille, jotka on tuotu maailmaan Turun legandaarisimmalta synnytyssairaalalta. Jos olet Heidekenilt, se n\u00e4kyy: karisma kantaa, k\u00e4det tekee ja ruoka onnistuu.<\/p>\n<p>Pue t\u00e4m\u00e4 esiliina p\u00e4\u00e4lle, kun alat h\u00e4\u00e4r\u00e4t\u00e4 hellan \u00e4\u00e4ress\u00e4 tai liekitt\u00e4\u00e4 brunssilla. Sill\u00e4 jos kerran synnyit Heidekenilt, et s\u00e4 kyll\u00e4 mit\u00e4\u00e4n perus-esiliinaa voi pit\u00e4\u00e4. \ud83d\udc9b<\/p>\n<p>&nbsp;<\/p>\n<h3><strong>Tuoteominaisuudet<\/strong><\/h3>\n<ul>\n<li>100 % sertifioitua luomupuuvillaa (T\u00e4m\u00e4n tuotteen luomupuuvillapitoisuus on sertifioitu OCS:n (Organic Content Standard) mukaisesti.)<\/li>\n<li>Kankaan paino: 240 g\/m\u00b2. Sen verran j\u00e4m\u00e4kk\u00e4, ettei roiskeet mene l\u00e4pi, mutta ei tunnu haarniskalta<\/li>\n<li>Iso etutasku, jossa kaksi lokeroa.<\/li>\n<li>S\u00e4\u00e4dett\u00e4v\u00e4t vy\u00f6t\u00e4r\u00f6nauhat<\/li>\n<li>Valmistettu vastuullisesti Bangladeshissa<\/li>\n<\/ul>\n<h3><strong>Tilaustuote<\/strong>:<\/h3>\n<p>T\u00e4m\u00e4 tuote valmistetaan erityisesti sinulle tilauksesi j\u00e4lkeen, joten saat sen tuoreena ja rakkaudella valmistettuna kuin kokkauksesikin. T\u00e4m\u00e4n vuoksi toimitus saattaa kest\u00e4\u00e4 hieman pidemp\u00e4\u00e4n. Saat juuri sinulle tehdyn esiliinan, ilman massatuotannon turhuuksia.<\/p>","protected":false},"excerpt":{"rendered":"<p>Heidekenilt\u00e4 tullaan \u2013 ja ylpe\u00e4sti tullaankin! T\u00e4m\u00e4 esiliina on kunnianosoitus Heidekenin synnytysosaston perint\u00f6\u00f6n, Turun suurimpien t\u00e4htien alkul\u00e4hteelle.<br data-start=\"778\" data-end=\"781\" \/>T\u00e4ydellinen keitti\u00f6n sankareille, jotka eiv\u00e4t h\u00e4peile alkuper\u00e4\u00e4ns\u00e4.<\/p>","protected":false},"featured_media":6957,"comment_status":"open","ping_status":"closed","template":"","meta":{"site-sidebar-layout":"default","site-content-layout":"","ast-site-content-layout":"default","site-content-style":"default","site-sidebar-style":"default","ast-global-header-display":"","ast-banner-title-visibility":"","ast-main-header-display":"","ast-hfb-above-header-display":"","ast-hfb-below-header-display":"","ast-hfb-mobile-header-display":"","site-post-title":"","ast-breadcrumbs-content":"","ast-featured-img":"","footer-sml-layout":"","ast-disable-related-posts":"","theme-transparent-header-meta":"default","adv-header-id-meta":"","stick-header-meta":"","header-above-stick-meta":"","header-main-stick-meta":"","header-below-stick-meta":"","astra-migrate-meta-layouts":"set","ast-page-background-enabled":"default","ast-page-background-meta":{"desktop":{"background-color":"","background-image":"","background-repeat":"repeat","background-position":"center center","background-size":"auto","background-attachment":"scroll","background-type":"","background-media":"","overlay-type":"","overlay-color":"","overlay-opacity":"","overlay-gradient":""},"tablet":{"background-color":"","background-image":"","background-repeat":"repeat","background-position":"center center","background-size":"auto","background-attachment":"scroll","background-type":"","background-media":"","overlay-type":"","overlay-color":"","overlay-opacity":"","overlay-gradient":""},"mobile":{"background-color":"","background-image":"","background-repeat":"repeat","background-position":"center center","background-size":"auto","background-attachment":"scroll","background-type":"","background-media":"","overlay-type":"","overlay-color":"","overlay-opacity":"","overlay-gradient":""}},"ast-content-background-meta":{"desktop":{"background-color":"var(--ast-global-color-5)","background-image":"","background-repeat":"repeat","background-position":"center center","background-size":"auto","background-attachment":"scroll","background-type":"","background-media":"","overlay-type":"","overlay-color":"","overlay-opacity":"","overlay-gradient":""},"tablet":{"background-color":"var(--ast-global-color-5)","background-image":"","background-repeat":"repeat","background-position":"center center","background-size":"auto","background-attachment":"scroll","background-type":"","background-media":"","overlay-type":"","overlay-color":"","overlay-opacity":"","overlay-gradient":""},"mobile":{"background-color":"var(--ast-global-color-5)","background-image":"","background-repeat":"repeat","background-position":"center center","background-size":"auto","background-attachment":"scroll","background-type":"","background-media":"","overlay-type":"","overlay-color":"","overlay-opacity":"","overlay-gradient":""}}},"product_brand":[],"product_cat":[155],"product_tag":[157],"class_list":{"0":"post-6952","1":"product","2":"type-product","3":"status-publish","4":"has-post-thumbnail","6":"product_cat-esiliinat","7":"product_tag-heidekenilt","8":"desktop-align-left","9":"tablet-align-left","10":"mobile-align-left","12":"first","13":"instock","14":"taxable","15":"shipping-taxable","16":"purchasable","17":"product-type-variable"},"_links":{"self":[{"href":"https:\/\/turkufanclub.com\/en\/wp-json\/wp\/v2\/product\/6952","targetHints":{"allow":["GET"]}}],"collection":[{"href":"https:\/\/turkufanclub.com\/en\/wp-json\/wp\/v2\/product"}],"about":[{"href":"https:\/\/turkufanclub.com\/en\/wp-json\/wp\/v2\/types\/product"}],"replies":[{"embeddable":true,"href":"https:\/\/turkufanclub.com\/en\/wp-json\/wp\/v2\/comments?post=6952"}],"version-history":[{"count":5,"href":"https:\/\/turkufanclub.com\/en\/wp-json\/wp\/v2\/product\/6952\/revisions"}],"predecessor-version":[{"id":7688,"href":"https:\/\/turkufanclub.com\/en\/wp-json\/wp\/v2\/product\/6952\/revisions\/7688"}],"wp:featuredmedia":[{"embeddable":true,"href":"https:\/\/turkufanclub.com\/en\/wp-json\/wp\/v2\/media\/6957"}],"wp:attachment":[{"href":"https:\/\/turkufanclub.com\/en\/wp-json\/wp\/v2\/media?parent=6952"}],"wp:term":[{"taxonomy":"product_brand","embeddable":true,"href":"https:\/\/turkufanclub.com\/en\/wp-json\/wp\/v2\/product_brand?post=6952"},{"taxonomy":"product_cat","embeddable":true,"href":"https:\/\/turkufanclub.com\/en\/wp-json\/wp\/v2\/product_cat?post=6952"},{"taxonomy":"product_tag","embeddable":true,"href":"https:\/\/turkufanclub.com\/en\/wp-json\/wp\/v2\/product_tag?post=6952"}],"curies":[{"name":"wp","href":"https:\/\/api.w.org\/{rel}","templated":true}]}}