{"id":6990,"date":"2025-06-11T22:44:42","date_gmt":"2025-06-11T19:44:42","guid":{"rendered":"https:\/\/turkufanclub.com\/tuote\/kangaskassi-heidekenilt\/"},"modified":"2025-06-12T23:08:23","modified_gmt":"2025-06-12T20:08:23","slug":"kangaskassi-heidekenilt","status":"publish","type":"product","link":"https:\/\/turkufanclub.com\/en\/product\/kangaskassi-heidekenilt\/","title":{"rendered":"Kangaskassi &#8211; Heidekenilt"},"content":{"rendered":"<p>Jos olet joskus kuullut kysymyksen &#8221;Ooks\u00e4\u00e4 mist\u00e4\u00e4 per\u00e4si?&#8221;, turkulainen vastaa ylpe\u00e4n\u00e4: &#8221;No Heidekenilt tietyst!&#8221; T\u00e4m\u00e4 kangaskassi kantaa mukanaan paitsi ostokset my\u00f6s pilkett\u00e4 silm\u00e4kulmassa ja aimo annoksen turkulaista identiteetti\u00e4. Olitpa sitten matkalla torille, kirjastoon tai saunailtaan, t\u00e4m\u00e4 kassi kertoo muille kaiken oleellisen: kantajansa on syntynyt oikeassa kaupungissa, ja mahdollisesti jopa legendaarisella Heidekenill\u00e4.<\/p>\n<p>Heidekenin synnytyssairaala on ollut vuosikymmenten ajan monelle turkulaiselle el\u00e4m\u00e4n ensimm\u00e4inen pys\u00e4kki. T\u00e4m\u00e4 kangaskassi juhlistaa juuri sit\u00e4, turkulaisuuden alkul\u00e4hdett\u00e4, ylpe\u00e4sti ja tyylill\u00e4.<\/p>\n<p><strong>Tuotetiedot:<\/strong><\/p>\n<ul>\n<li>Painatus vain toisella puolella, takapuolen ollessa tyhj\u00e4n\u00e4.<\/li>\n<li>100 % sertifioitua luomupuuvillaa<\/li>\n<li>Kankaan paino: 272 g\/m\u00b2 \u2013 tukeva ja kest\u00e4v\u00e4<\/li>\n<li>Mitat: 40,6 cm \u00d7 35,6 cm \u00d7 12,7 cm<\/li>\n<li>Kantokapasiteetti: jopa 13 kg<\/li>\n<li>Tukevat olkahihnat: 2,5 cm leve\u00e4t, 62 cm pitk\u00e4t<\/li>\n<li>Valmistettu vastuullisesti Intiassa, mutta design suoraan Suomen Turusta<\/li>\n<\/ul>\n<div class=\"woocommerce-tabs wc-tabs-wrapper\">\n<div id=\"tab-description\" class=\"woocommerce-Tabs-panel woocommerce-Tabs-panel--description panel entry-content wc-tab\" role=\"tabpanel\" aria-labelledby=\"tab-title-description\">\n<p><strong>Tilaustuote<\/strong>: T\u00e4m\u00e4 tuote valmistetaan erityisesti sinulle tilauksesi j\u00e4lkeen, joten saat sen tuoreena ja rakkaudella valmistettuna kuin kokkauksesikin. T\u00e4m\u00e4n vuoksi toimitus saattaa kest\u00e4\u00e4 hieman pidemp\u00e4\u00e4n. Saat juuri sinulle tehdyn esiliinan, ilman massatuotannon turhuuksia.<\/p>\n<\/div>\n<\/div>","protected":false},"excerpt":{"rendered":"<p>Heit\u00e4 hyv\u00e4stit muovipusseille ja kanna ylpe\u00e4sti asioita kangaskassissa \u2013 Heidekenilt!<\/p>","protected":false},"featured_media":6994,"comment_status":"open","ping_status":"closed","template":"","meta":{"site-sidebar-layout":"default","site-content-layout":"","ast-site-content-layout":"default","site-content-style":"default","site-sidebar-style":"default","ast-global-header-display":"","ast-banner-title-visibility":"","ast-main-header-display":"","ast-hfb-above-header-display":"","ast-hfb-below-header-display":"","ast-hfb-mobile-header-display":"","site-post-title":"","ast-breadcrumbs-content":"","ast-featured-img":"","footer-sml-layout":"","ast-disable-related-posts":"","theme-transparent-header-meta":"default","adv-header-id-meta":"","stick-header-meta":"","header-above-stick-meta":"","header-main-stick-meta":"","header-below-stick-meta":"","astra-migrate-meta-layouts":"set","ast-page-background-enabled":"default","ast-page-background-meta":{"desktop":{"background-color":"","background-image":"","background-repeat":"repeat","background-position":"center center","background-size":"auto","background-attachment":"scroll","background-type":"","background-media":"","overlay-type":"","overlay-color":"","overlay-opacity":"","overlay-gradient":""},"tablet":{"background-color":"","background-image":"","background-repeat":"repeat","background-position":"center center","background-size":"auto","background-attachment":"scroll","background-type":"","background-media":"","overlay-type":"","overlay-color":"","overlay-opacity":"","overlay-gradient":""},"mobile":{"background-color":"","background-image":"","background-repeat":"repeat","background-position":"center center","background-size":"auto","background-attachment":"scroll","background-type":"","background-media":"","overlay-type":"","overlay-color":"","overlay-opacity":"","overlay-gradient":""}},"ast-content-background-meta":{"desktop":{"background-color":"var(--ast-global-color-5)","background-image":"","background-repeat":"repeat","background-position":"center center","background-size":"auto","background-attachment":"scroll","background-type":"","background-media":"","overlay-type":"","overlay-color":"","overlay-opacity":"","overlay-gradient":""},"tablet":{"background-color":"var(--ast-global-color-5)","background-image":"","background-repeat":"repeat","background-position":"center center","background-size":"auto","background-attachment":"scroll","background-type":"","background-media":"","overlay-type":"","overlay-color":"","overlay-opacity":"","overlay-gradient":""},"mobile":{"background-color":"var(--ast-global-color-5)","background-image":"","background-repeat":"repeat","background-position":"center center","background-size":"auto","background-attachment":"scroll","background-type":"","background-media":"","overlay-type":"","overlay-color":"","overlay-opacity":"","overlay-gradient":""}}},"product_brand":[],"product_cat":[159],"product_tag":[157],"class_list":{"0":"post-6990","1":"product","2":"type-product","3":"status-publish","4":"has-post-thumbnail","6":"product_cat-kassit-ja-laukut","7":"product_tag-heidekenilt","8":"desktop-align-left","9":"tablet-align-left","10":"mobile-align-left","12":"first","13":"instock","14":"taxable","15":"shipping-taxable","16":"purchasable","17":"product-type-variable"},"_links":{"self":[{"href":"https:\/\/turkufanclub.com\/en\/wp-json\/wp\/v2\/product\/6990","targetHints":{"allow":["GET"]}}],"collection":[{"href":"https:\/\/turkufanclub.com\/en\/wp-json\/wp\/v2\/product"}],"about":[{"href":"https:\/\/turkufanclub.com\/en\/wp-json\/wp\/v2\/types\/product"}],"replies":[{"embeddable":true,"href":"https:\/\/turkufanclub.com\/en\/wp-json\/wp\/v2\/comments?post=6990"}],"version-history":[{"count":4,"href":"https:\/\/turkufanclub.com\/en\/wp-json\/wp\/v2\/product\/6990\/revisions"}],"predecessor-version":[{"id":7113,"href":"https:\/\/turkufanclub.com\/en\/wp-json\/wp\/v2\/product\/6990\/revisions\/7113"}],"wp:featuredmedia":[{"embeddable":true,"href":"https:\/\/turkufanclub.com\/en\/wp-json\/wp\/v2\/media\/6994"}],"wp:attachment":[{"href":"https:\/\/turkufanclub.com\/en\/wp-json\/wp\/v2\/media?parent=6990"}],"wp:term":[{"taxonomy":"product_brand","embeddable":true,"href":"https:\/\/turkufanclub.com\/en\/wp-json\/wp\/v2\/product_brand?post=6990"},{"taxonomy":"product_cat","embeddable":true,"href":"https:\/\/turkufanclub.com\/en\/wp-json\/wp\/v2\/product_cat?post=6990"},{"taxonomy":"product_tag","embeddable":true,"href":"https:\/\/turkufanclub.com\/en\/wp-json\/wp\/v2\/product_tag?post=6990"}],"curies":[{"name":"wp","href":"https:\/\/api.w.org\/{rel}","templated":true}]}}