{"id":7006,"date":"2025-06-11T22:54:46","date_gmt":"2025-06-11T19:54:46","guid":{"rendered":"https:\/\/turkufanclub.com\/tuote\/esiliina-turun-kaupunginosat\/"},"modified":"2025-10-27T10:54:38","modified_gmt":"2025-10-27T08:54:38","slug":"esiliina-turun-kaupunginosat","status":"publish","type":"product","link":"https:\/\/turkufanclub.com\/en\/product\/esiliina-turun-kaupunginosat\/","title":{"rendered":"Esiliina &#8211; Turun kaupunginosat"},"content":{"rendered":"<p>T\u00e4m\u00e4 Turun kaupunginosat -esiliina ei ole vain suoja roiskeilta, vaan kunnianosoitus koko Turun kartalle. Siihen on painettu lista kaupunginosista, jotka jokainen turkulainen joko tuntee, tunnistaa tai ainakin on joskus vahingossa eksynyt sinne. Olitpa sitten T\u00e4l pual, Tois pual, Martista, Runosm\u00e4est\u00e4, Portsasta, Haritusta tai vaikka Pernosta, t\u00e4m\u00e4 esiliina kattaa sinutkin.<\/p>\n<p>Ja mik\u00e4 parasta? Esiliinan kanssa ei tarvitse selitell\u00e4. Riitt\u00e4\u00e4, ett\u00e4 solmit sen ylle, niin kaikki tiet\u00e4v\u00e4t: kokkaat asenteella, paistat perinneruoat paikallisesti ja levit\u00e4t keitti\u00f6ss\u00e4si suurta, kartalle painettua Turku-rakkautta.<\/p>\n<p>&nbsp;<\/p>\n<h3><strong>Tuoteominaisuudet<\/strong><\/h3>\n<ul>\n<li>100 % sertifioitua luomupuuvillaa (T\u00e4m\u00e4n tuotteen luomupuuvillapitoisuus on sertifioitu OCS:n (Organic Content Standard) mukaisesti.)<\/li>\n<li>Kankaan paino: 240 g\/m\u00b2. Sen verran j\u00e4m\u00e4kk\u00e4, ettei roiskeet mene l\u00e4pi, mutta ei tunnu haarniskalta<\/li>\n<li>Iso etutasku, jossa kaksi lokeroa.<\/li>\n<li>S\u00e4\u00e4dett\u00e4v\u00e4t vy\u00f6t\u00e4r\u00f6nauhat<\/li>\n<li>Valmistettu vastuullisesti Bangladeshissa<\/li>\n<\/ul>\n<h3><strong>Tilaustuote<\/strong>:<\/h3>\n<p>T\u00e4m\u00e4 tuote valmistetaan erityisesti sinulle tilauksesi j\u00e4lkeen, joten saat sen tuoreena ja rakkaudella valmistettuna kuin kokkauksesikin. T\u00e4m\u00e4n vuoksi toimitus saattaa kest\u00e4\u00e4 hieman pidemp\u00e4\u00e4n. Saat juuri sinulle tehdyn esiliinan, ilman massatuotannon turhuuksia.<\/p>","protected":false},"excerpt":{"rendered":"<p data-start=\"831\" data-end=\"987\">Koko Turku yhdess\u00e4 esiliinassa. Listatut kaupunginosat kertovat, ett\u00e4 tied\u00e4t miss\u00e4 kattilasi porisevat. T\u00e4ydellinen keitti\u00f6tarvike turkulaisella asenteella. Rakkautta joka keitti\u00f6kulmaan, ja Turun kaupunginosaan.<\/p>","protected":false},"featured_media":10646,"comment_status":"open","ping_status":"closed","template":"","meta":{"site-sidebar-layout":"default","site-content-layout":"","ast-site-content-layout":"default","site-content-style":"default","site-sidebar-style":"default","ast-global-header-display":"","ast-banner-title-visibility":"","ast-main-header-display":"","ast-hfb-above-header-display":"","ast-hfb-below-header-display":"","ast-hfb-mobile-header-display":"","site-post-title":"","ast-breadcrumbs-content":"","ast-featured-img":"","footer-sml-layout":"","ast-disable-related-posts":"","theme-transparent-header-meta":"default","adv-header-id-meta":"","stick-header-meta":"","header-above-stick-meta":"","header-main-stick-meta":"","header-below-stick-meta":"","astra-migrate-meta-layouts":"set","ast-page-background-enabled":"default","ast-page-background-meta":{"desktop":{"background-color":"","background-image":"","background-repeat":"repeat","background-position":"center center","background-size":"auto","background-attachment":"scroll","background-type":"","background-media":"","overlay-type":"","overlay-color":"","overlay-opacity":"","overlay-gradient":""},"tablet":{"background-color":"","background-image":"","background-repeat":"repeat","background-position":"center center","background-size":"auto","background-attachment":"scroll","background-type":"","background-media":"","overlay-type":"","overlay-color":"","overlay-opacity":"","overlay-gradient":""},"mobile":{"background-color":"","background-image":"","background-repeat":"repeat","background-position":"center center","background-size":"auto","background-attachment":"scroll","background-type":"","background-media":"","overlay-type":"","overlay-color":"","overlay-opacity":"","overlay-gradient":""}},"ast-content-background-meta":{"desktop":{"background-color":"var(--ast-global-color-5)","background-image":"","background-repeat":"repeat","background-position":"center center","background-size":"auto","background-attachment":"scroll","background-type":"","background-media":"","overlay-type":"","overlay-color":"","overlay-opacity":"","overlay-gradient":""},"tablet":{"background-color":"var(--ast-global-color-5)","background-image":"","background-repeat":"repeat","background-position":"center center","background-size":"auto","background-attachment":"scroll","background-type":"","background-media":"","overlay-type":"","overlay-color":"","overlay-opacity":"","overlay-gradient":""},"mobile":{"background-color":"var(--ast-global-color-5)","background-image":"","background-repeat":"repeat","background-position":"center center","background-size":"auto","background-attachment":"scroll","background-type":"","background-media":"","overlay-type":"","overlay-color":"","overlay-opacity":"","overlay-gradient":""}}},"product_brand":[],"product_cat":[155,361,259],"product_tag":[120],"class_list":{"0":"post-7006","1":"product","2":"type-product","3":"status-publish","4":"has-post-thumbnail","6":"product_cat-esiliinat","7":"product_cat-kaupunginosa-vaatteet","8":"product_cat-turun-kaupunginosa-tuotteet","9":"product_tag-kaupunginosat","10":"desktop-align-left","11":"tablet-align-left","12":"mobile-align-left","14":"first","15":"instock","16":"taxable","17":"shipping-taxable","18":"purchasable","19":"product-type-variable"},"_links":{"self":[{"href":"https:\/\/turkufanclub.com\/en\/wp-json\/wp\/v2\/product\/7006","targetHints":{"allow":["GET"]}}],"collection":[{"href":"https:\/\/turkufanclub.com\/en\/wp-json\/wp\/v2\/product"}],"about":[{"href":"https:\/\/turkufanclub.com\/en\/wp-json\/wp\/v2\/types\/product"}],"replies":[{"embeddable":true,"href":"https:\/\/turkufanclub.com\/en\/wp-json\/wp\/v2\/comments?post=7006"}],"version-history":[{"count":7,"href":"https:\/\/turkufanclub.com\/en\/wp-json\/wp\/v2\/product\/7006\/revisions"}],"predecessor-version":[{"id":7686,"href":"https:\/\/turkufanclub.com\/en\/wp-json\/wp\/v2\/product\/7006\/revisions\/7686"}],"wp:featuredmedia":[{"embeddable":true,"href":"https:\/\/turkufanclub.com\/en\/wp-json\/wp\/v2\/media\/10646"}],"wp:attachment":[{"href":"https:\/\/turkufanclub.com\/en\/wp-json\/wp\/v2\/media?parent=7006"}],"wp:term":[{"taxonomy":"product_brand","embeddable":true,"href":"https:\/\/turkufanclub.com\/en\/wp-json\/wp\/v2\/product_brand?post=7006"},{"taxonomy":"product_cat","embeddable":true,"href":"https:\/\/turkufanclub.com\/en\/wp-json\/wp\/v2\/product_cat?post=7006"},{"taxonomy":"product_tag","embeddable":true,"href":"https:\/\/turkufanclub.com\/en\/wp-json\/wp\/v2\/product_tag?post=7006"}],"curies":[{"name":"wp","href":"https:\/\/api.w.org\/{rel}","templated":true}]}}