{"id":7022,"date":"2025-06-12T07:52:28","date_gmt":"2025-06-12T04:52:28","guid":{"rendered":"https:\/\/turkufanclub.com\/tuote\/esiliina-the-piispanmunkki-there-can-be-only-one\/"},"modified":"2025-07-19T09:32:53","modified_gmt":"2025-07-19T06:32:53","slug":"esiliina-the-piispanmunkki-there-can-be-only-one","status":"publish","type":"product","link":"https:\/\/turkufanclub.com\/en\/product\/esiliina-the-piispanmunkki-there-can-be-only-one\/","title":{"rendered":"Esiliina &#8211; The Piispanmunkki &#8211; There can be only one"},"content":{"rendered":"<p>Turku tunnetaan monesta asiasta \u2013 Aurajoesta, F\u00f6rist\u00e4, Turun Linnasta\u2026 ja tietenkin Piispanmunkista. T\u00e4m\u00e4 ei ole mik\u00e4 tahansa munkki. T\u00e4m\u00e4 on munkkien ylipappi, hillosyd\u00e4minen legendaarisuus, jonka ymp\u00e4rille syntyy keskusteluja, v\u00e4ittelyit\u00e4 ja joskus jopa el\u00e4m\u00e4n tarkoitus.<\/p>\n<p>Nyt t\u00e4m\u00e4 ikoninen turkulaisherkku on l\u00e4isk\u00e4isty esiliinan rinnukseenkin. Herkullisen kuvansa lis\u00e4ksi se kantaa ylpeydell\u00e4 teksti\u00e4: &#8221;The Piispanmunkki \u2013 There can be only one.&#8221; Koska, kuten jokainen turkulainen (ja Turku-fani) tiet\u00e4\u00e4: vaihtoehtoja ei ole.<\/p>\n<p>T\u00e4m\u00e4 esiliina on t\u00e4ydellinen lahja kaikille, jotka paistavat, kokkaavat, leipovat, tai ihan vain kulkevat kotosalla vain esiliinassa n\u00e4ytt\u00e4\u00e4kseen hyv\u00e4lt\u00e4. Se toimii my\u00f6s loistavana keskustelunavaajana grillijuhlissa, brunssilla tai kun haluat kertoa maailmalle, ett\u00e4 tied\u00e4t munkkien hierarkian. Koska kun on kyse munkista, valitaan se ainoa oikea.<\/p>\n<p>&nbsp;<\/p>\n<h3><strong>Tuoteominaisuudet<\/strong><\/h3>\n<ul>\n<li>100 % sertifioitua luomupuuvillaa (T\u00e4m\u00e4n tuotteen luomupuuvillapitoisuus on sertifioitu OCS:n (Organic Content Standard) mukaisesti.)<\/li>\n<li>Kankaan paino: 240 g\/m\u00b2. Sen verran j\u00e4m\u00e4kk\u00e4, ett\u00e4 kest\u00e4\u00e4 hilloroiskeet ja kahvitahrat<\/li>\n<li>Iso etutasku, jossa kaksi lokeroa. Toinen hillopurkille, toinen salaisille resepteille<\/li>\n<li>S\u00e4\u00e4dett\u00e4v\u00e4t vy\u00f6t\u00e4r\u00f6nauhat<\/li>\n<li>Valmistettu vastuullisesti Bangladeshissa<\/li>\n<\/ul>\n<h3><strong>Tilaustuote<\/strong>:<\/h3>\n<p>T\u00e4m\u00e4 tuote valmistetaan erityisesti sinulle tilauksesi j\u00e4lkeen, joten saat sen tuoreena ja rakkaudella valmistettuna kuin kokkauksesikin. T\u00e4m\u00e4n vuoksi toimitus saattaa kest\u00e4\u00e4 hieman pidemp\u00e4\u00e4n. Saat juuri sinulle tehdyn esiliinan, ilman massatuotannon turhuuksia.<\/p>","protected":false},"excerpt":{"rendered":"<p data-start=\"627\" data-end=\"804\">Turkulainen klassikko kohtaa keitti\u00f6tyylin! Piispanmunkki seisoo esiliinan rinnuksissa kuin se kuuluisa ainoa oikea. T\u00e4ydellinen lahja munkkifaneille ja keitti\u00f6taistelijoille.<\/p>","protected":false},"featured_media":7027,"comment_status":"open","ping_status":"closed","template":"","meta":{"site-sidebar-layout":"default","site-content-layout":"","ast-site-content-layout":"default","site-content-style":"default","site-sidebar-style":"default","ast-global-header-display":"","ast-banner-title-visibility":"","ast-main-header-display":"","ast-hfb-above-header-display":"","ast-hfb-below-header-display":"","ast-hfb-mobile-header-display":"","site-post-title":"","ast-breadcrumbs-content":"","ast-featured-img":"","footer-sml-layout":"","ast-disable-related-posts":"","theme-transparent-header-meta":"default","adv-header-id-meta":"","stick-header-meta":"","header-above-stick-meta":"","header-main-stick-meta":"","header-below-stick-meta":"","astra-migrate-meta-layouts":"set","ast-page-background-enabled":"default","ast-page-background-meta":{"desktop":{"background-color":"","background-image":"","background-repeat":"repeat","background-position":"center center","background-size":"auto","background-attachment":"scroll","background-type":"","background-media":"","overlay-type":"","overlay-color":"","overlay-opacity":"","overlay-gradient":""},"tablet":{"background-color":"","background-image":"","background-repeat":"repeat","background-position":"center center","background-size":"auto","background-attachment":"scroll","background-type":"","background-media":"","overlay-type":"","overlay-color":"","overlay-opacity":"","overlay-gradient":""},"mobile":{"background-color":"","background-image":"","background-repeat":"repeat","background-position":"center center","background-size":"auto","background-attachment":"scroll","background-type":"","background-media":"","overlay-type":"","overlay-color":"","overlay-opacity":"","overlay-gradient":""}},"ast-content-background-meta":{"desktop":{"background-color":"var(--ast-global-color-5)","background-image":"","background-repeat":"repeat","background-position":"center center","background-size":"auto","background-attachment":"scroll","background-type":"","background-media":"","overlay-type":"","overlay-color":"","overlay-opacity":"","overlay-gradient":""},"tablet":{"background-color":"var(--ast-global-color-5)","background-image":"","background-repeat":"repeat","background-position":"center center","background-size":"auto","background-attachment":"scroll","background-type":"","background-media":"","overlay-type":"","overlay-color":"","overlay-opacity":"","overlay-gradient":""},"mobile":{"background-color":"var(--ast-global-color-5)","background-image":"","background-repeat":"repeat","background-position":"center center","background-size":"auto","background-attachment":"scroll","background-type":"","background-media":"","overlay-type":"","overlay-color":"","overlay-opacity":"","overlay-gradient":""}}},"product_brand":[],"product_cat":[155,151],"product_tag":[152],"class_list":{"0":"post-7022","1":"product","2":"type-product","3":"status-publish","4":"has-post-thumbnail","6":"product_cat-esiliinat","7":"product_cat-piispanmunkki","8":"product_tag-piispanmunkki","9":"desktop-align-left","10":"tablet-align-left","11":"mobile-align-left","13":"first","14":"instock","15":"taxable","16":"shipping-taxable","17":"purchasable","18":"product-type-variable"},"_links":{"self":[{"href":"https:\/\/turkufanclub.com\/en\/wp-json\/wp\/v2\/product\/7022","targetHints":{"allow":["GET"]}}],"collection":[{"href":"https:\/\/turkufanclub.com\/en\/wp-json\/wp\/v2\/product"}],"about":[{"href":"https:\/\/turkufanclub.com\/en\/wp-json\/wp\/v2\/types\/product"}],"replies":[{"embeddable":true,"href":"https:\/\/turkufanclub.com\/en\/wp-json\/wp\/v2\/comments?post=7022"}],"version-history":[{"count":5,"href":"https:\/\/turkufanclub.com\/en\/wp-json\/wp\/v2\/product\/7022\/revisions"}],"predecessor-version":[{"id":7685,"href":"https:\/\/turkufanclub.com\/en\/wp-json\/wp\/v2\/product\/7022\/revisions\/7685"}],"wp:featuredmedia":[{"embeddable":true,"href":"https:\/\/turkufanclub.com\/en\/wp-json\/wp\/v2\/media\/7027"}],"wp:attachment":[{"href":"https:\/\/turkufanclub.com\/en\/wp-json\/wp\/v2\/media?parent=7022"}],"wp:term":[{"taxonomy":"product_brand","embeddable":true,"href":"https:\/\/turkufanclub.com\/en\/wp-json\/wp\/v2\/product_brand?post=7022"},{"taxonomy":"product_cat","embeddable":true,"href":"https:\/\/turkufanclub.com\/en\/wp-json\/wp\/v2\/product_cat?post=7022"},{"taxonomy":"product_tag","embeddable":true,"href":"https:\/\/turkufanclub.com\/en\/wp-json\/wp\/v2\/product_tag?post=7022"}],"curies":[{"name":"wp","href":"https:\/\/api.w.org\/{rel}","templated":true}]}}