{"id":7038,"date":"2025-06-12T07:59:16","date_gmt":"2025-06-12T04:59:16","guid":{"rendered":"https:\/\/turkufanclub.com\/tuote\/esiliina-fori-hauskuuksia-horisontissa\/"},"modified":"2025-07-23T09:43:17","modified_gmt":"2025-07-23T06:43:17","slug":"esiliina-fori-hauskuuksia-horisontissa","status":"publish","type":"product","link":"https:\/\/turkufanclub.com\/en\/product\/esiliina-fori-hauskuuksia-horisontissa\/","title":{"rendered":"Esiliina &#8211; F\u00f6ri &#8211; Hauskuuksia horisontissa"},"content":{"rendered":"<p>Joskus el\u00e4m\u00e4ss\u00e4 tulee hetki, jolloin on aika heitt\u00e4\u00e4 keitti\u00f6n kapteeni viittansa niskaan ja hyp\u00e4t\u00e4 makujen F\u00f6rille, ja pukea p\u00e4\u00e4lleen t\u00e4m\u00e4 esiliina. Esiliina &#8211; F\u00f6ri \u2013 Hauskuuksia horisontissa on kunnianosoitus Turun rakastetuimmalle julkiselle liikennev\u00e4lineelle, joka ei kiirehdi minnek\u00e4\u00e4n, mutta vie perille aina. F\u00f6rill\u00e4 ei ehk\u00e4 p\u00e4\u00e4se kovin pitk\u00e4lle, mutta t\u00e4ll\u00e4 esiliinalla kyll\u00e4&#8230; ainakin kotikeitti\u00f6n matruusiksi tai grilli-iltaman kapteeniksi.<\/p>\n<p>Rinnuksissa komeilee ylpe\u00e4sti F\u00f6ri itse ja teksti \u201cHauskuuksia horisontissa\u201d, koska juuri niin k\u00e4y, kun t\u00e4m\u00e4 vedet\u00e4\u00e4n p\u00e4\u00e4lle. Sopii kaikille, jotka rakastavat Turun Aurajokea, hitautta ja hyv\u00e4\u00e4 fiilist\u00e4.<\/p>\n<p><strong>Tuoteominaisuudet<\/strong><\/p>\n<ul>\n<li>100 % sertifioitua luomupuuvillaa (T\u00e4m\u00e4n tuotteen luomupuuvillapitoisuus on sertifioitu OCS:n (Organic Content Standard) mukaisesti.)<\/li>\n<li>Kankaan paino: 240 g\/m\u00b2. Sen verran j\u00e4m\u00e4kk\u00e4, ettei roiskeet mene l\u00e4pi, mutta ei tunnu haarniskalta<\/li>\n<li>Iso etutasku, jossa kaksi lokeroa. Sinne sujahtaa vaikka resepti, grillipihdit ja F\u00f6rin aikataulu<\/li>\n<li>S\u00e4\u00e4dett\u00e4v\u00e4t vy\u00f6t\u00e4r\u00f6nauhat<\/li>\n<li>Valmistettu vastuullisesti Bangladeshissa<\/li>\n<\/ul>\n<p><strong>Tilaustuote<\/strong>: T\u00e4m\u00e4 tuote valmistetaan erityisesti sinulle tilauksesi j\u00e4lkeen, joten saat sen tuoreena ja rakkaudella valmistettuna kuin kokkauksesikin. T\u00e4m\u00e4n vuoksi toimitus saattaa kest\u00e4\u00e4 hieman pidemp\u00e4\u00e4n. Saat juuri sinulle tehdyn esiliinan, ilman massatuotannon turhuuksia.<\/p>\n<p>&nbsp;<\/p>","protected":false},"excerpt":{"rendered":"<p data-start=\"877\" data-end=\"1076\">F\u00f6ri-fanit, nyt tarkkana! T\u00e4m\u00e4 esiliina vie sinut suoraan Turun ja \u00c5bon v\u00e4liselle makumatkalle, ilman kiirett\u00e4, tietenkin. T\u00e4ydellinen varustus, kun horisontissa siint\u00e4\u00e4 grillijuhla tai lettukestit.<\/p>","protected":false},"featured_media":7075,"comment_status":"open","ping_status":"closed","template":"","meta":{"site-sidebar-layout":"default","site-content-layout":"","ast-site-content-layout":"default","site-content-style":"default","site-sidebar-style":"default","ast-global-header-display":"","ast-banner-title-visibility":"","ast-main-header-display":"","ast-hfb-above-header-display":"","ast-hfb-below-header-display":"","ast-hfb-mobile-header-display":"","site-post-title":"","ast-breadcrumbs-content":"","ast-featured-img":"","footer-sml-layout":"","ast-disable-related-posts":"","theme-transparent-header-meta":"default","adv-header-id-meta":"","stick-header-meta":"","header-above-stick-meta":"","header-main-stick-meta":"","header-below-stick-meta":"","astra-migrate-meta-layouts":"set","ast-page-background-enabled":"default","ast-page-background-meta":{"desktop":{"background-color":"","background-image":"","background-repeat":"repeat","background-position":"center center","background-size":"auto","background-attachment":"scroll","background-type":"","background-media":"","overlay-type":"","overlay-color":"","overlay-opacity":"","overlay-gradient":""},"tablet":{"background-color":"","background-image":"","background-repeat":"repeat","background-position":"center center","background-size":"auto","background-attachment":"scroll","background-type":"","background-media":"","overlay-type":"","overlay-color":"","overlay-opacity":"","overlay-gradient":""},"mobile":{"background-color":"","background-image":"","background-repeat":"repeat","background-position":"center center","background-size":"auto","background-attachment":"scroll","background-type":"","background-media":"","overlay-type":"","overlay-color":"","overlay-opacity":"","overlay-gradient":""}},"ast-content-background-meta":{"desktop":{"background-color":"var(--ast-global-color-5)","background-image":"","background-repeat":"repeat","background-position":"center center","background-size":"auto","background-attachment":"scroll","background-type":"","background-media":"","overlay-type":"","overlay-color":"","overlay-opacity":"","overlay-gradient":""},"tablet":{"background-color":"var(--ast-global-color-5)","background-image":"","background-repeat":"repeat","background-position":"center center","background-size":"auto","background-attachment":"scroll","background-type":"","background-media":"","overlay-type":"","overlay-color":"","overlay-opacity":"","overlay-gradient":""},"mobile":{"background-color":"var(--ast-global-color-5)","background-image":"","background-repeat":"repeat","background-position":"center center","background-size":"auto","background-attachment":"scroll","background-type":"","background-media":"","overlay-type":"","overlay-color":"","overlay-opacity":"","overlay-gradient":""}}},"product_brand":[],"product_cat":[155,160],"product_tag":[161],"class_list":{"0":"post-7038","1":"product","2":"type-product","3":"status-publish","4":"has-post-thumbnail","6":"product_cat-esiliinat","7":"product_cat-fori","8":"product_tag-fori","9":"desktop-align-left","10":"tablet-align-left","11":"mobile-align-left","13":"first","14":"instock","15":"taxable","16":"shipping-taxable","17":"purchasable","18":"product-type-variable"},"_links":{"self":[{"href":"https:\/\/turkufanclub.com\/en\/wp-json\/wp\/v2\/product\/7038","targetHints":{"allow":["GET"]}}],"collection":[{"href":"https:\/\/turkufanclub.com\/en\/wp-json\/wp\/v2\/product"}],"about":[{"href":"https:\/\/turkufanclub.com\/en\/wp-json\/wp\/v2\/types\/product"}],"replies":[{"embeddable":true,"href":"https:\/\/turkufanclub.com\/en\/wp-json\/wp\/v2\/comments?post=7038"}],"version-history":[{"count":5,"href":"https:\/\/turkufanclub.com\/en\/wp-json\/wp\/v2\/product\/7038\/revisions"}],"predecessor-version":[{"id":7724,"href":"https:\/\/turkufanclub.com\/en\/wp-json\/wp\/v2\/product\/7038\/revisions\/7724"}],"wp:featuredmedia":[{"embeddable":true,"href":"https:\/\/turkufanclub.com\/en\/wp-json\/wp\/v2\/media\/7075"}],"wp:attachment":[{"href":"https:\/\/turkufanclub.com\/en\/wp-json\/wp\/v2\/media?parent=7038"}],"wp:term":[{"taxonomy":"product_brand","embeddable":true,"href":"https:\/\/turkufanclub.com\/en\/wp-json\/wp\/v2\/product_brand?post=7038"},{"taxonomy":"product_cat","embeddable":true,"href":"https:\/\/turkufanclub.com\/en\/wp-json\/wp\/v2\/product_cat?post=7038"},{"taxonomy":"product_tag","embeddable":true,"href":"https:\/\/turkufanclub.com\/en\/wp-json\/wp\/v2\/product_tag?post=7038"}],"curies":[{"name":"wp","href":"https:\/\/api.w.org\/{rel}","templated":true}]}}