{"id":7100,"date":"2025-06-12T23:02:10","date_gmt":"2025-06-12T20:02:10","guid":{"rendered":"https:\/\/turkufanclub.com\/tuote\/kangaskassi-tal-pual-vai-tois-pual-shakespeares-hamlet\/"},"modified":"2026-02-28T18:15:57","modified_gmt":"2026-02-28T16:15:57","slug":"kangaskassi-tal-pual-vai-tois-pual-shakespeares-hamlet","status":"publish","type":"product","link":"https:\/\/turkufanclub.com\/en\/product\/kangaskassi-tal-pual-vai-tois-pual-shakespeares-hamlet\/","title":{"rendered":"Kangaskassi &#8211; T\u00e4l pual vai tois pual &#8211; Shakespeare\u2019s Hamlet"},"content":{"rendered":"<p>To be or not to be? Vai ehk\u00e4 sittenkin: T\u00e4l pual vai tois pual? T\u00e4m\u00e4 kangaskassi tuo yhteen kahden maailman suurimmat kysymykset: Shakespearen eksistentiaalisen ahdistuksen ja turkulaisen ikuisen dilemma-asetelman. P\u00e4\u00e4kallo k\u00e4dess\u00e4 ei nyt kuitenkaan pohdita kuoleman varjoja, vaan sit\u00e4, menn\u00e4k\u00f6 jokirantaa pitkin Kirjastosillan vai Tuomiokirkkosillan kautta, ja kummasta suunnasta niit\u00e4 piispanmunkkeja saa tuoreempina.<\/p>\n<p>T\u00e4m\u00e4 kangaskassi on kuin Turku itse: k\u00e4yt\u00e4nn\u00f6llinen, v\u00e4h\u00e4n runollinen ja sopivan ironinen. Sopii niin kirjastokirjoille, kauppareissulle kuin el\u00e4m\u00e4n suurempienkin kysymysten kannatteluun. Valitse t\u00e4m\u00e4 kangaskassi, jos haluat n\u00e4ytt\u00e4\u00e4 maailmalle, ett\u00e4 filosofi voi olla my\u00f6s fiksusti varustautunut, ja turkulainen.<\/p>\n<p><strong>Ominaisuudet \u2013 Turun tyyliin:<\/strong><\/p>\n<ul>\n<li>100 % luomupuuvillaa. Eli l\u00e4hes kuin Aurajoen pinta: luonnollinen ja kest\u00e4v\u00e4<\/li>\n<li>Tukevuus 272 g\/m\u00b2, ei mik\u00e4\u00e4n marketin rimpula<\/li>\n<li>Mitat: 40,6 cm \u00d7 35,6 cm \u00d7 12,7 cm, eli tilaa useammalle maitopurkille, kaffepaketille ja manifestille<\/li>\n<li>Kantohihnat: 2,5 cm leve\u00e4t ja 62,2 cm pitk\u00e4t<\/li>\n<li>Kantokyky: jaksaa kantaa 13,6 kg<\/li>\n<li>Valmistettu vastuullisesti Intiassa, mutta design suoraan Suomen Turusta<\/li>\n<li>Jos et viel\u00e4 tiennyt, kummalla puolella olet \u2013 nyt voit ainakin tehd\u00e4 sen tyylill\u00e4.<\/li>\n<\/ul>\n<p><strong>Tilaustuote<\/strong>: T\u00e4m\u00e4 tuote valmistetaan erityisesti sinulle tilauksesi j\u00e4lkeen, joten saat sen tuoreena ja rakkaudella valmistettuna. T\u00e4m\u00e4n vuoksi toimitus saattaa kest\u00e4\u00e4 hieman pidemp\u00e4\u00e4n. Saat juuri sinulle tehdyn kangaskassin, ilman massatuotannon turhuuksia.<\/p>","protected":false},"excerpt":{"rendered":"<p data-start=\"825\" data-end=\"1063\">Kangaskassi, jossa yhdistyv\u00e4t Shakespeare ja turkulainen dilemmanpoikainen. Sopii mukaan tilanteisiin, joissa mietit t\u00e4l pual vai tois pual&#8230; tai molemmat. P\u00e4\u00e4kallo k\u00e4dess\u00e4, mutta tyylill\u00e4 ja tilavuudella.<\/p>\n<p data-start=\"825\" data-end=\"1063\">Heit\u00e4 hyv\u00e4stit muovipusseille ja kanna ylpe\u00e4sti asioita kangaskassissa<\/p>","protected":false},"featured_media":7104,"comment_status":"open","ping_status":"closed","template":"","meta":{"site-sidebar-layout":"default","site-content-layout":"","ast-site-content-layout":"default","site-content-style":"default","site-sidebar-style":"default","ast-global-header-display":"","ast-banner-title-visibility":"","ast-main-header-display":"","ast-hfb-above-header-display":"","ast-hfb-below-header-display":"","ast-hfb-mobile-header-display":"","site-post-title":"","ast-breadcrumbs-content":"","ast-featured-img":"","footer-sml-layout":"","ast-disable-related-posts":"","theme-transparent-header-meta":"default","adv-header-id-meta":"","stick-header-meta":"","header-above-stick-meta":"","header-main-stick-meta":"","header-below-stick-meta":"","astra-migrate-meta-layouts":"set","ast-page-background-enabled":"default","ast-page-background-meta":{"desktop":{"background-color":"","background-image":"","background-repeat":"repeat","background-position":"center center","background-size":"auto","background-attachment":"scroll","background-type":"","background-media":"","overlay-type":"","overlay-color":"","overlay-opacity":"","overlay-gradient":""},"tablet":{"background-color":"","background-image":"","background-repeat":"repeat","background-position":"center center","background-size":"auto","background-attachment":"scroll","background-type":"","background-media":"","overlay-type":"","overlay-color":"","overlay-opacity":"","overlay-gradient":""},"mobile":{"background-color":"","background-image":"","background-repeat":"repeat","background-position":"center center","background-size":"auto","background-attachment":"scroll","background-type":"","background-media":"","overlay-type":"","overlay-color":"","overlay-opacity":"","overlay-gradient":""}},"ast-content-background-meta":{"desktop":{"background-color":"var(--ast-global-color-5)","background-image":"","background-repeat":"repeat","background-position":"center center","background-size":"auto","background-attachment":"scroll","background-type":"","background-media":"","overlay-type":"","overlay-color":"","overlay-opacity":"","overlay-gradient":""},"tablet":{"background-color":"var(--ast-global-color-5)","background-image":"","background-repeat":"repeat","background-position":"center center","background-size":"auto","background-attachment":"scroll","background-type":"","background-media":"","overlay-type":"","overlay-color":"","overlay-opacity":"","overlay-gradient":""},"mobile":{"background-color":"var(--ast-global-color-5)","background-image":"","background-repeat":"repeat","background-position":"center center","background-size":"auto","background-attachment":"scroll","background-type":"","background-media":"","overlay-type":"","overlay-color":"","overlay-opacity":"","overlay-gradient":""}}},"product_brand":[],"product_cat":[159],"product_tag":[221],"class_list":{"0":"post-7100","1":"product","2":"type-product","3":"status-publish","4":"has-post-thumbnail","6":"product_cat-kassit-ja-laukut","7":"product_tag-kestosuosikki","8":"desktop-align-left","9":"tablet-align-left","10":"mobile-align-left","12":"first","13":"instock","14":"taxable","15":"shipping-taxable","16":"purchasable","17":"product-type-variable"},"_links":{"self":[{"href":"https:\/\/turkufanclub.com\/en\/wp-json\/wp\/v2\/product\/7100","targetHints":{"allow":["GET"]}}],"collection":[{"href":"https:\/\/turkufanclub.com\/en\/wp-json\/wp\/v2\/product"}],"about":[{"href":"https:\/\/turkufanclub.com\/en\/wp-json\/wp\/v2\/types\/product"}],"replies":[{"embeddable":true,"href":"https:\/\/turkufanclub.com\/en\/wp-json\/wp\/v2\/comments?post=7100"}],"version-history":[{"count":4,"href":"https:\/\/turkufanclub.com\/en\/wp-json\/wp\/v2\/product\/7100\/revisions"}],"predecessor-version":[{"id":7722,"href":"https:\/\/turkufanclub.com\/en\/wp-json\/wp\/v2\/product\/7100\/revisions\/7722"}],"wp:featuredmedia":[{"embeddable":true,"href":"https:\/\/turkufanclub.com\/en\/wp-json\/wp\/v2\/media\/7104"}],"wp:attachment":[{"href":"https:\/\/turkufanclub.com\/en\/wp-json\/wp\/v2\/media?parent=7100"}],"wp:term":[{"taxonomy":"product_brand","embeddable":true,"href":"https:\/\/turkufanclub.com\/en\/wp-json\/wp\/v2\/product_brand?post=7100"},{"taxonomy":"product_cat","embeddable":true,"href":"https:\/\/turkufanclub.com\/en\/wp-json\/wp\/v2\/product_cat?post=7100"},{"taxonomy":"product_tag","embeddable":true,"href":"https:\/\/turkufanclub.com\/en\/wp-json\/wp\/v2\/product_tag?post=7100"}],"curies":[{"name":"wp","href":"https:\/\/api.w.org\/{rel}","templated":true}]}}