{"id":7130,"date":"2025-06-15T09:05:22","date_gmt":"2025-06-15T06:05:22","guid":{"rendered":"https:\/\/turkufanclub.com\/tuote\/snapback-hat\/"},"modified":"2025-07-23T09:13:16","modified_gmt":"2025-07-23T06:13:16","slug":"lippis-hold-my-piispis","status":"publish","type":"product","link":"https:\/\/turkufanclub.com\/en\/product\/lippis-hold-my-piispis\/","title":{"rendered":"Lippis &#8211; Hold my piispis"},"content":{"rendered":"<p>Kaikki tiet\u00e4v\u00e4t, mit\u00e4 tapahtuu, kun joku sanoo &#8221;Hold my beer&#8221;. Turussa sen sijaan sanotaan Hold my piispis, ja sen j\u00e4lkeen tehd\u00e4\u00e4n jotain, mit\u00e4 \u00e4iti ei hyv\u00e4ksyisi ja kaverit filmaavat. T\u00e4m\u00e4 snapback-lippis ei pelk\u00e4st\u00e4\u00e4n pid\u00e4 auringon pois silmist\u00e4, vaan kertoo maailmalle heti, ett\u00e4 nyt ei olla ihan perusl\u00e4ht\u00f6asetuksissa.<\/p>\n<p>Olitpa sitten matkalla jokirantaan, suunnittelemassa munkkihyppy\u00e4 tai vain el\u00e4m\u00e4ss\u00e4 turkulaisittain ylpe\u00e4sti, t\u00e4m\u00e4 lippis on kuin suora siirto munkeilta muotiin. Tyylik\u00e4s, napakka, s\u00e4rmik\u00e4s&#8230; aivan kuten piispiskin parhaimmillaan. Ja kyll\u00e4, t\u00e4t\u00e4 lippist\u00e4 voi k\u00e4ytt\u00e4\u00e4 my\u00f6s ilman munkkia k\u00e4dess\u00e4, mutta miksi tekisit niin?<\/p>\n<p>&nbsp;<\/p>\n<h3><strong>Lippiksen ominaisuudet:<\/strong><\/h3>\n<ul>\n<li>80 % akryyli\u00e4, 20 % villaa, eli l\u00e4mmin muttei hikinen<\/li>\n<li>J\u00e4m\u00e4kk\u00e4 rakenne, 6-paneelinen ja korkeaprofiilinen,\u00a0 koska n\u00f6yristelem\u00e4\u00e4n ei l\u00e4hdet\u00e4<\/li>\n<li>6 kirjottua ilmastointireik\u00e4\u00e4<\/li>\n<li>Muovis\u00e4\u00e4t\u00f6 niskassa, sopii l\u00e4hes kaikenkokoisiin p\u00e4ihin ja egoihin<\/li>\n<li>Vihre\u00e4 lipan alapuoli, joka tekee lippiksest\u00e4 extra smoothin<\/li>\n<li>P\u00e4\u00e4nymp\u00e4rys: 55 &#8211; 60 cm<\/li>\n<\/ul>\n<p>&nbsp;<\/p>\n<h3>Tilaustuote:<\/h3>\n<p>T\u00e4m\u00e4 tuote valmistetaan erityisesti sinulle tilauksesi j\u00e4lkeen, joten saat sen tuoreena ja rakkaudella valmistettuna. T\u00e4m\u00e4n vuoksi toimitus saattaa kest\u00e4\u00e4 hieman pidemp\u00e4\u00e4n. Saat juuri sinulle tehdyn lippiksen, ilman massatuotannon turhuuksia.<\/p>\n<p>&nbsp;<\/p>","protected":false},"excerpt":{"rendered":"<p data-start=\"929\" data-end=\"1157\">T\u00e4m\u00e4 snapback-lippis huutaa turkulaisuutta ja huumoria <em data-start=\"986\" data-end=\"1003\">Hold my piispis<\/em> -asenteella. T\u00e4ydellinen p\u00e4\u00e4hine tilanteisiin, joissa suunnittelet jotain v\u00e4h\u00e4n typer\u00e4\u00e4 mutta eritt\u00e4in hauskaa. \u00c4iti ei ehk\u00e4 tykk\u00e4\u00e4, mutta Turku kiitt\u00e4\u00e4.<\/p>","protected":false},"featured_media":7142,"comment_status":"open","ping_status":"closed","template":"","meta":{"site-sidebar-layout":"default","site-content-layout":"","ast-site-content-layout":"default","site-content-style":"default","site-sidebar-style":"default","ast-global-header-display":"","ast-banner-title-visibility":"","ast-main-header-display":"","ast-hfb-above-header-display":"","ast-hfb-below-header-display":"","ast-hfb-mobile-header-display":"","site-post-title":"","ast-breadcrumbs-content":"","ast-featured-img":"","footer-sml-layout":"","ast-disable-related-posts":"","theme-transparent-header-meta":"default","adv-header-id-meta":"","stick-header-meta":"","header-above-stick-meta":"","header-main-stick-meta":"","header-below-stick-meta":"","astra-migrate-meta-layouts":"set","ast-page-background-enabled":"default","ast-page-background-meta":{"desktop":{"background-color":"","background-image":"","background-repeat":"repeat","background-position":"center center","background-size":"auto","background-attachment":"scroll","background-type":"","background-media":"","overlay-type":"","overlay-color":"","overlay-opacity":"","overlay-gradient":""},"tablet":{"background-color":"","background-image":"","background-repeat":"repeat","background-position":"center center","background-size":"auto","background-attachment":"scroll","background-type":"","background-media":"","overlay-type":"","overlay-color":"","overlay-opacity":"","overlay-gradient":""},"mobile":{"background-color":"","background-image":"","background-repeat":"repeat","background-position":"center center","background-size":"auto","background-attachment":"scroll","background-type":"","background-media":"","overlay-type":"","overlay-color":"","overlay-opacity":"","overlay-gradient":""}},"ast-content-background-meta":{"desktop":{"background-color":"var(--ast-global-color-5)","background-image":"","background-repeat":"repeat","background-position":"center center","background-size":"auto","background-attachment":"scroll","background-type":"","background-media":"","overlay-type":"","overlay-color":"","overlay-opacity":"","overlay-gradient":""},"tablet":{"background-color":"var(--ast-global-color-5)","background-image":"","background-repeat":"repeat","background-position":"center center","background-size":"auto","background-attachment":"scroll","background-type":"","background-media":"","overlay-type":"","overlay-color":"","overlay-opacity":"","overlay-gradient":""},"mobile":{"background-color":"var(--ast-global-color-5)","background-image":"","background-repeat":"repeat","background-position":"center center","background-size":"auto","background-attachment":"scroll","background-type":"","background-media":"","overlay-type":"","overlay-color":"","overlay-opacity":"","overlay-gradient":""}}},"product_brand":[],"product_cat":[164,151,15],"product_tag":[152],"class_list":{"0":"post-7130","1":"product","2":"type-product","3":"status-publish","4":"has-post-thumbnail","6":"product_cat-paahineet-lippikset-pipot","7":"product_cat-piispanmunkki","8":"product_cat-yleinen","9":"product_tag-piispanmunkki","10":"desktop-align-left","11":"tablet-align-left","12":"mobile-align-left","14":"first","15":"instock","16":"taxable","17":"shipping-taxable","18":"purchasable","19":"product-type-variable"},"_links":{"self":[{"href":"https:\/\/turkufanclub.com\/en\/wp-json\/wp\/v2\/product\/7130","targetHints":{"allow":["GET"]}}],"collection":[{"href":"https:\/\/turkufanclub.com\/en\/wp-json\/wp\/v2\/product"}],"about":[{"href":"https:\/\/turkufanclub.com\/en\/wp-json\/wp\/v2\/types\/product"}],"replies":[{"embeddable":true,"href":"https:\/\/turkufanclub.com\/en\/wp-json\/wp\/v2\/comments?post=7130"}],"version-history":[{"count":5,"href":"https:\/\/turkufanclub.com\/en\/wp-json\/wp\/v2\/product\/7130\/revisions"}],"predecessor-version":[{"id":7720,"href":"https:\/\/turkufanclub.com\/en\/wp-json\/wp\/v2\/product\/7130\/revisions\/7720"}],"wp:featuredmedia":[{"embeddable":true,"href":"https:\/\/turkufanclub.com\/en\/wp-json\/wp\/v2\/media\/7142"}],"wp:attachment":[{"href":"https:\/\/turkufanclub.com\/en\/wp-json\/wp\/v2\/media?parent=7130"}],"wp:term":[{"taxonomy":"product_brand","embeddable":true,"href":"https:\/\/turkufanclub.com\/en\/wp-json\/wp\/v2\/product_brand?post=7130"},{"taxonomy":"product_cat","embeddable":true,"href":"https:\/\/turkufanclub.com\/en\/wp-json\/wp\/v2\/product_cat?post=7130"},{"taxonomy":"product_tag","embeddable":true,"href":"https:\/\/turkufanclub.com\/en\/wp-json\/wp\/v2\/product_tag?post=7130"}],"curies":[{"name":"wp","href":"https:\/\/api.w.org\/{rel}","templated":true}]}}