{"id":7265,"date":"2025-07-01T13:42:21","date_gmt":"2025-07-01T10:42:21","guid":{"rendered":"https:\/\/turkufanclub.com\/tuote\/juliste-tal-pual-vai-tois-pual-hamlet-ihan-mustana\/"},"modified":"2025-07-01T20:56:34","modified_gmt":"2025-07-01T17:56:34","slug":"juliste-tal-pual-vai-tois-pual-hamlet-ihan-mustana","status":"publish","type":"product","link":"https:\/\/turkufanclub.com\/en\/product\/juliste-tal-pual-vai-tois-pual-hamlet-ihan-mustana\/","title":{"rendered":"Juliste \u2013 T\u00e4l pual vai tois pual \u2013 Hamlet valkoisena"},"content":{"rendered":"<p>Juliste \u2013 T\u00e4l pual vai tois pual, valkoisella taustalla&#8230; El\u00e4m\u00e4n suuria kysymyksi\u00e4 on monia. Kumpi on parempi, t\u00e4l pual vai tois pual? T\u00e4m\u00e4 tyylik\u00e4s juliste ei ehk\u00e4 ratkaise Turun ikuisinta dilemmaa, mutta tuo sein\u00e4llesi sen kaiken oleellisen: turkulaisen sielunmaiseman, eksistentiaalisen kysymyksen ja visuaalisen tyylin samassa paketissa.<\/p>\n<p>Olitpa sitten jokirannan filosofi tai moderni sisustaja, t\u00e4m\u00e4 juliste sopii olohuoneeseen, toimistoon tai vaikka vessoihin molemmin puolin jokea. Minimalistisen tyylik\u00e4s, mutta t\u00e4ynn\u00e4 syvyytt\u00e4, aivan kuin Turku itse.<\/p>\n<h3>Ominaisuudet:<\/h3>\n<ul>\n<li>Painettu paksulle mattapaperille, ettei heijasta h\u00e4iritsev\u00e4sti edes Aurajoen auringossa<\/li>\n<li>Paperin paksuus 0.26 mm. Kest\u00e4\u00e4 katseita niin t\u00e4l pual kuin tois pualkin<\/li>\n<li>Paino: 189 grammaa per neli\u00f6metri<\/li>\n<li>Opasiteetti: 94 %, eli melkein t\u00e4ysi, mutta pieni mysteeri j\u00e4\u00e4 el\u00e4m\u00e4\u00e4n<\/li>\n<li>Paperi per\u00e4isin Japanista, eli laatutavaraa<\/li>\n<\/ul>\n<p>&nbsp;<\/p>\n<h3>Tilaustuote:<\/h3>\n<p>T\u00e4m\u00e4 tuote valmistetaan erityisesti sinulle tilauksesi j\u00e4lkeen, joten saat sen tuoreena ja rakkaudella valmistettuna. T\u00e4m\u00e4n vuoksi toimitus saattaa kest\u00e4\u00e4 hieman pidemp\u00e4\u00e4n. Saat juuri sinulle painetun julisteen, ilman massatuotannon h\u00f6mp\u00f6tyksi\u00e4.<\/p>\n<p>&nbsp;<\/p>","protected":false},"excerpt":{"rendered":"<p>Juliste \u2013 T\u00e4l pual vai tois pual nostaa sein\u00e4llesi Turun tunnetuimman kysymyksen. Klassista muotoilua, turkulaista tunnelmaa ja ripaus keitti\u00f6eksistentialismia. T\u00e4ydellinen lahja jokilaivalla viihtyv\u00e4lle ajattelijalle.<\/p>","protected":false},"featured_media":7271,"comment_status":"open","ping_status":"closed","template":"","meta":{"site-sidebar-layout":"default","site-content-layout":"","ast-site-content-layout":"default","site-content-style":"default","site-sidebar-style":"default","ast-global-header-display":"","ast-banner-title-visibility":"","ast-main-header-display":"","ast-hfb-above-header-display":"","ast-hfb-below-header-display":"","ast-hfb-mobile-header-display":"","site-post-title":"","ast-breadcrumbs-content":"","ast-featured-img":"","footer-sml-layout":"","ast-disable-related-posts":"","theme-transparent-header-meta":"default","adv-header-id-meta":"","stick-header-meta":"","header-above-stick-meta":"","header-main-stick-meta":"","header-below-stick-meta":"","astra-migrate-meta-layouts":"set","ast-page-background-enabled":"default","ast-page-background-meta":{"desktop":{"background-color":"","background-image":"","background-repeat":"repeat","background-position":"center center","background-size":"auto","background-attachment":"scroll","background-type":"","background-media":"","overlay-type":"","overlay-color":"","overlay-opacity":"","overlay-gradient":""},"tablet":{"background-color":"","background-image":"","background-repeat":"repeat","background-position":"center center","background-size":"auto","background-attachment":"scroll","background-type":"","background-media":"","overlay-type":"","overlay-color":"","overlay-opacity":"","overlay-gradient":""},"mobile":{"background-color":"","background-image":"","background-repeat":"repeat","background-position":"center center","background-size":"auto","background-attachment":"scroll","background-type":"","background-media":"","overlay-type":"","overlay-color":"","overlay-opacity":"","overlay-gradient":""}},"ast-content-background-meta":{"desktop":{"background-color":"var(--ast-global-color-5)","background-image":"","background-repeat":"repeat","background-position":"center center","background-size":"auto","background-attachment":"scroll","background-type":"","background-media":"","overlay-type":"","overlay-color":"","overlay-opacity":"","overlay-gradient":""},"tablet":{"background-color":"var(--ast-global-color-5)","background-image":"","background-repeat":"repeat","background-position":"center center","background-size":"auto","background-attachment":"scroll","background-type":"","background-media":"","overlay-type":"","overlay-color":"","overlay-opacity":"","overlay-gradient":""},"mobile":{"background-color":"var(--ast-global-color-5)","background-image":"","background-repeat":"repeat","background-position":"center center","background-size":"auto","background-attachment":"scroll","background-type":"","background-media":"","overlay-type":"","overlay-color":"","overlay-opacity":"","overlay-gradient":""}}},"product_brand":[],"product_cat":[117],"product_tag":[],"class_list":{"0":"post-7265","1":"product","2":"type-product","3":"status-publish","4":"has-post-thumbnail","6":"product_cat-julisteet-taulut","7":"desktop-align-left","8":"tablet-align-left","9":"mobile-align-left","11":"first","12":"instock","13":"taxable","14":"shipping-taxable","15":"purchasable","16":"product-type-variable"},"_links":{"self":[{"href":"https:\/\/turkufanclub.com\/en\/wp-json\/wp\/v2\/product\/7265","targetHints":{"allow":["GET"]}}],"collection":[{"href":"https:\/\/turkufanclub.com\/en\/wp-json\/wp\/v2\/product"}],"about":[{"href":"https:\/\/turkufanclub.com\/en\/wp-json\/wp\/v2\/types\/product"}],"replies":[{"embeddable":true,"href":"https:\/\/turkufanclub.com\/en\/wp-json\/wp\/v2\/comments?post=7265"}],"version-history":[{"count":3,"href":"https:\/\/turkufanclub.com\/en\/wp-json\/wp\/v2\/product\/7265\/revisions"}],"predecessor-version":[{"id":7281,"href":"https:\/\/turkufanclub.com\/en\/wp-json\/wp\/v2\/product\/7265\/revisions\/7281"}],"wp:featuredmedia":[{"embeddable":true,"href":"https:\/\/turkufanclub.com\/en\/wp-json\/wp\/v2\/media\/7271"}],"wp:attachment":[{"href":"https:\/\/turkufanclub.com\/en\/wp-json\/wp\/v2\/media?parent=7265"}],"wp:term":[{"taxonomy":"product_brand","embeddable":true,"href":"https:\/\/turkufanclub.com\/en\/wp-json\/wp\/v2\/product_brand?post=7265"},{"taxonomy":"product_cat","embeddable":true,"href":"https:\/\/turkufanclub.com\/en\/wp-json\/wp\/v2\/product_cat?post=7265"},{"taxonomy":"product_tag","embeddable":true,"href":"https:\/\/turkufanclub.com\/en\/wp-json\/wp\/v2\/product_tag?post=7265"}],"curies":[{"name":"wp","href":"https:\/\/api.w.org\/{rel}","templated":true}]}}