{"id":9173,"date":"2025-08-13T06:42:57","date_gmt":"2025-08-13T03:42:57","guid":{"rendered":"https:\/\/turkufanclub.com\/tuote\/naisten-t-paita-littoinen-beach-surfing-club\/"},"modified":"2025-10-05T14:17:11","modified_gmt":"2025-10-05T11:17:11","slug":"naisten-t-paita-littoinen-beach-surfing-club","status":"publish","type":"product","link":"https:\/\/turkufanclub.com\/en\/product\/naisten-t-paita-littoinen-beach-surfing-club\/","title":{"rendered":"Naisten T-paita &#8211; Littoinen Beach Surfing Club"},"content":{"rendered":"<p>Littoinen Beach Surfing Club tuo aaltoilun sinne, miss\u00e4 sit\u00e4 ei koskaan ole n\u00e4hty. T\u00e4m\u00e4 naisten t-paita on kunnianosoitus pienelle j\u00e4rvelle, suurelle aallolle ja viel\u00e4 suuremmalle huumorintajulle. Kukapa sanoi, ettei Littoisissa voisi surffata \u2013 ainakin jos pukeutuu oikein.<\/p>\n<p>T\u00e4m\u00e4 on paita, joka yhdist\u00e4\u00e4 rennon istuvuuden, pehme\u00e4n kankaan ja leve\u00e4n hymyn. Sopii joka hetkeen, jossa tarvitaan ripaus asennetta ja v\u00e4h\u00e4n lainehtivaa l\u00e4pp\u00e4\u00e4.<\/p>\n<h3>Ominaisuudet<\/h3>\n<ul>\n<li>100 % kammattua ja rengaskehr\u00e4tty\u00e4 puuvillaa<\/li>\n<li>Tummanharmaa: 52 % puuvillaa, 48 % polyesteri\u00e4<\/li>\n<li>Kankaan paino 142 g\/m\u00b2<\/li>\n<li>Relaxed fit<\/li>\n<li>Esikutistettu<\/li>\n<li>Sivusaumallinen rakenne<\/li>\n<li>Py\u00f6re\u00e4 kaula-aukko<\/li>\n<\/ul>\n<h3>Tilaustuote<\/h3>\n<p>T\u00e4m\u00e4 T-paita painetaan erityisesti sinulle tilauksesi j\u00e4lkeen, joten saat sen tuoreena ja rakkaudella valmistettuna. T\u00e4m\u00e4n vuoksi toimitus saattaa kest\u00e4\u00e4 hieman pidemp\u00e4\u00e4n. Saat juuri sinulle valmistetun T-paidan, ilman massatuotannon h\u00f6mp\u00f6tyksi\u00e4. Ei turhaa ylituotantoa, vaan vain aitoa turkulaisuutta suoraan sinulle!<\/p>\n<p>&nbsp;<\/p>","protected":false},"excerpt":{"rendered":"<p data-start=\"5807\" data-end=\"5963\">Naisten T-paita &#8211; Littoinen Beach Surfing Club yhdist\u00e4\u00e4 huumorin, Hokusain ja j\u00e4rven rannat yhteen t-paitaan. Tyylik\u00e4s ja kevyt valinta.<\/p>","protected":false},"featured_media":9206,"comment_status":"open","ping_status":"closed","template":"","meta":{"site-sidebar-layout":"default","site-content-layout":"","ast-site-content-layout":"default","site-content-style":"default","site-sidebar-style":"default","ast-global-header-display":"","ast-banner-title-visibility":"","ast-main-header-display":"","ast-hfb-above-header-display":"","ast-hfb-below-header-display":"","ast-hfb-mobile-header-display":"","site-post-title":"","ast-breadcrumbs-content":"","ast-featured-img":"","footer-sml-layout":"","ast-disable-related-posts":"","theme-transparent-header-meta":"default","adv-header-id-meta":"","stick-header-meta":"","header-above-stick-meta":"","header-main-stick-meta":"","header-below-stick-meta":"","astra-migrate-meta-layouts":"set","ast-page-background-enabled":"default","ast-page-background-meta":{"desktop":{"background-color":"","background-image":"","background-repeat":"repeat","background-position":"center center","background-size":"auto","background-attachment":"scroll","background-type":"","background-media":"","overlay-type":"","overlay-color":"","overlay-opacity":"","overlay-gradient":""},"tablet":{"background-color":"","background-image":"","background-repeat":"repeat","background-position":"center center","background-size":"auto","background-attachment":"scroll","background-type":"","background-media":"","overlay-type":"","overlay-color":"","overlay-opacity":"","overlay-gradient":""},"mobile":{"background-color":"","background-image":"","background-repeat":"repeat","background-position":"center center","background-size":"auto","background-attachment":"scroll","background-type":"","background-media":"","overlay-type":"","overlay-color":"","overlay-opacity":"","overlay-gradient":""}},"ast-content-background-meta":{"desktop":{"background-color":"var(--ast-global-color-5)","background-image":"","background-repeat":"repeat","background-position":"center center","background-size":"auto","background-attachment":"scroll","background-type":"","background-media":"","overlay-type":"","overlay-color":"","overlay-opacity":"","overlay-gradient":""},"tablet":{"background-color":"var(--ast-global-color-5)","background-image":"","background-repeat":"repeat","background-position":"center center","background-size":"auto","background-attachment":"scroll","background-type":"","background-media":"","overlay-type":"","overlay-color":"","overlay-opacity":"","overlay-gradient":""},"mobile":{"background-color":"var(--ast-global-color-5)","background-image":"","background-repeat":"repeat","background-position":"center center","background-size":"auto","background-attachment":"scroll","background-type":"","background-media":"","overlay-type":"","overlay-color":"","overlay-opacity":"","overlay-gradient":""}}},"product_brand":[],"product_cat":[361,125,218,259,60],"product_tag":[235,234],"class_list":{"0":"post-9173","1":"product","2":"type-product","3":"status-publish","4":"has-post-thumbnail","6":"product_cat-kaupunginosa-vaatteet","7":"product_cat-naisten","8":"product_cat-naisten-t-paidat","9":"product_cat-turun-kaupunginosa-tuotteet","10":"product_cat-t-paidat","11":"product_tag-turku-paita","12":"product_tag-turku-t-paita","13":"desktop-align-left","14":"tablet-align-left","15":"mobile-align-left","17":"first","18":"instock","19":"taxable","20":"shipping-taxable","21":"purchasable","22":"product-type-variable"},"_links":{"self":[{"href":"https:\/\/turkufanclub.com\/en\/wp-json\/wp\/v2\/product\/9173","targetHints":{"allow":["GET"]}}],"collection":[{"href":"https:\/\/turkufanclub.com\/en\/wp-json\/wp\/v2\/product"}],"about":[{"href":"https:\/\/turkufanclub.com\/en\/wp-json\/wp\/v2\/types\/product"}],"replies":[{"embeddable":true,"href":"https:\/\/turkufanclub.com\/en\/wp-json\/wp\/v2\/comments?post=9173"}],"version-history":[{"count":2,"href":"https:\/\/turkufanclub.com\/en\/wp-json\/wp\/v2\/product\/9173\/revisions"}],"predecessor-version":[{"id":9260,"href":"https:\/\/turkufanclub.com\/en\/wp-json\/wp\/v2\/product\/9173\/revisions\/9260"}],"wp:featuredmedia":[{"embeddable":true,"href":"https:\/\/turkufanclub.com\/en\/wp-json\/wp\/v2\/media\/9206"}],"wp:attachment":[{"href":"https:\/\/turkufanclub.com\/en\/wp-json\/wp\/v2\/media?parent=9173"}],"wp:term":[{"taxonomy":"product_brand","embeddable":true,"href":"https:\/\/turkufanclub.com\/en\/wp-json\/wp\/v2\/product_brand?post=9173"},{"taxonomy":"product_cat","embeddable":true,"href":"https:\/\/turkufanclub.com\/en\/wp-json\/wp\/v2\/product_cat?post=9173"},{"taxonomy":"product_tag","embeddable":true,"href":"https:\/\/turkufanclub.com\/en\/wp-json\/wp\/v2\/product_tag?post=9173"}],"curies":[{"name":"wp","href":"https:\/\/api.w.org\/{rel}","templated":true}]}}